{"id":2382,"date":"2015-02-06T11:30:16","date_gmt":"2015-02-06T10:30:16","guid":{"rendered":"http:\/\/kiube.se\/projekt\/?page_id=2382"},"modified":"2017-12-02T16:07:32","modified_gmt":"2017-12-02T15:07:32","slug":"saldo","status":"publish","type":"page","link":"https:\/\/kiube.se\/projekt\/saldo","title":{"rendered":"xCoulombs"},"content":{"rendered":"<p>xCoulomb \u00e4r v\u00e5r sociala valuta. Desto mer du g\u00f6r desto mer cred kan du tj\u00e4na. Vad ger xCoulomb och hur kan man anv\u00e4nda det.\u00a0N\u00e4r du g\u00f6r ett inl\u00e4gg s\u00e5 f\u00e5r du cred som du samlar. Du kan ocks\u00e5 tj\u00e4na xCoulomb om du tittar p\u00e5 v\u00e5ra utbildningsfilmer. Det \u00e4r b\u00e5de enkelt och ett smart s\u00e4tt att tj\u00e4na extra xCoulomb.<\/p>\n<p>&nbsp;<!--themify_builder_static--><\/p>\n<h2>Leaderboard<\/h2>\n<ol>\n<li>#1 <a href=\"http:\/\/kiube.se\/projekt\/author\/sysadmin8jido\">Lars Lindmark<\/a> 977.00 xC<\/li>\n<li>#2 <a href=\"http:\/\/kiube.se\/projekt\/author\/jido\">Lars privat<\/a> 314.00 xC<\/li>\n<li>#3 <a href=\"http:\/\/kiube.se\/projekt\/author\/koda\">Lars Lindmark<\/a> 139.00 xC<\/li>\n<li>#4 <a href=\"http:\/\/kiube.se\/projekt\/author\/dino\">Constantin Contizas<\/a> 11.00 xC<\/li>\n<li>#5 <a href=\"http:\/\/kiube.se\/projekt\/author\/hope\">H\u00e5kan Fex<\/a> 5.00 xC<\/li>\n<\/ol>\n<p><!--\/themify_builder_static--><\/p>\n","protected":false},"excerpt":{"rendered":"<p>xCoulomb \u00e4r v\u00e5r sociala valuta. Desto mer du g\u00f6r desto mer cred kan du tj\u00e4na. Vad ger xCoulomb och hur kan man anv\u00e4nda det.\u00a0N\u00e4r du g\u00f6r ett inl\u00e4gg s\u00e5 f\u00e5r du cred som du samlar. Du kan ocks\u00e5 tj\u00e4na xCoulomb om du tittar p\u00e5 v\u00e5ra utbildningsfilmer. Det \u00e4r b\u00e5de enkelt och ett smart s\u00e4tt att [&hellip;]<\/p>\n","protected":false},"author":131,"featured_media":0,"parent":0,"menu_order":0,"comment_status":"open","ping_status":"open","template":"page.php","meta":{"_monsterinsights_skip_tracking":false,"_monsterinsights_sitenote_active":false,"_monsterinsights_sitenote_note":"","_monsterinsights_sitenote_category":0,"jetpack_post_was_ever_published":false,"footnotes":""},"class_list":["post-2382","page","type-page","status-publish","hentry"],"aioseo_notices":[],"jetpack_shortlink":"https:\/\/wp.me\/P8EJTZ-Cq","jetpack_sharing_enabled":true,"_links":{"self":[{"href":"https:\/\/kiube.se\/projekt\/wp-json\/wp\/v2\/pages\/2382","targetHints":{"allow":["GET"]}}],"collection":[{"href":"https:\/\/kiube.se\/projekt\/wp-json\/wp\/v2\/pages"}],"about":[{"href":"https:\/\/kiube.se\/projekt\/wp-json\/wp\/v2\/types\/page"}],"author":[{"embeddable":true,"href":"https:\/\/kiube.se\/projekt\/wp-json\/wp\/v2\/users\/131"}],"replies":[{"embeddable":true,"href":"https:\/\/kiube.se\/projekt\/wp-json\/wp\/v2\/comments?post=2382"}],"version-history":[{"count":0,"href":"https:\/\/kiube.se\/projekt\/wp-json\/wp\/v2\/pages\/2382\/revisions"}],"wp:attachment":[{"href":"https:\/\/kiube.se\/projekt\/wp-json\/wp\/v2\/media?parent=2382"}],"curies":[{"name":"wp","href":"https:\/\/api.w.org\/{rel}","templated":true}]}}