{"id":2,"date":"2015-02-02T18:34:59","date_gmt":"2015-02-02T18:34:59","guid":{"rendered":"http:\/\/kiube.se\/projekt\/?page_id=2"},"modified":"2021-08-18T12:00:25","modified_gmt":"2021-08-18T11:00:25","slug":"husregler","status":"publish","type":"page","link":"https:\/\/kiube.se\/projekt\/husregler","title":{"rendered":"Husregler"},"content":{"rendered":"<p>Version 0.3, Juli\u00a02015<\/p>\n<p>Ett \u00f6ppet innovationsklimat beh\u00f6ver gemensamma spelregler som \u00e4r anpassade till xProjekt och de platser d\u00e4r vi bedriver verksamhet, vi har tagit fram dessa spelregler till att b\u00f6rja med, men de kan komma att uppdateras och f\u00f6r\u00e4ndras f\u00f6r att passa den verksamhet vi vill bedriva.<\/p>\n<p>M\u00e5l = F\u00e4rdplan = Projekt vart \u00e4r vi p\u00e5v\u00e4g<\/p>\n<ul>\n<li><a href=\"https:\/\/fossilfrittsverige.se\/fardplaner\/\">F\u00e4rdplaner f\u00f6r ett fossilfritt Sverige<\/a><\/li>\n<\/ul>\n<hr \/>\n<h2><strong>Cockpitrules<\/strong><\/h2>\n<p style=\"padding-left: 30px;\">Riskhantering<\/p>\n<p style=\"padding-left: 30px;\">Power of communication<\/p>\n<ul>\n<li><a href=\"https:\/\/www.youtube.com\/watch?v=a4TXS7ck8bQ\">Gladwell, Culture, cockpit communication and planecrashes<\/a><\/li>\n<li><a href=\"http:\/\/bestcareermatch.com\/cross-cultural-communication\">Culture of communication<\/a>\u00a0(cross-culture)<\/li>\n<\/ul>\n<p style=\"padding-left: 30px;\">VFR \/ IFR<\/p>\n<h2><strong>Sandl\u00e5dan<\/strong><\/h2>\n<ol>\n<li>Ha kul<\/li>\n<li>Uppmuntra experiment<\/li>\n<li>Ifr\u00e5gas\u00e4tta<\/li>\n<li>Best\u00e4md<\/li>\n<li>T\u00e4nk utanf\u00f6r boxen &#8211; giv feedback<\/li>\n<\/ol>\n<p>Spelregler (ordning o reda)<\/p>\n<p>Varf\u00f6r experimentera<\/p>\n<hr \/>\n<p>&nbsp;<\/p>\n<p><b>What are you responsibilities?<\/b><\/p>\n<p><b><i>Safety<\/i><\/b><\/p>\n<p>Avoid accidents by making sure to follow the machinery instructions. If you are unclear about how to use the equipment, don\u2019t hesitate to ask the staff to guide you through.<\/p>\n<p><b><i>Maintenance<\/i><\/b><\/p>\n<p>Ensure the correct functioning of the DesignLab by keeping the working space, the machinery and the tools clean after using them and make sure tools and materials are in their place after using it<\/p>\n<p><b><i>Knowledge sharing<\/i><\/b><\/p>\n<p>As part of the DesignLab community knowledge sharing is part of the culture and is applicable to the members of the DesignLab. That includes: documenting process, sharing the source for the online archive, visual representation (e.g. photo\/video) of the final result<\/p>\n<p><b><i>Material and resources<\/i><\/b><\/p>\n<p>If you need to buy material ask our staff about paying methods and tariffs. Our staff will prepare the material to be sold.<\/p>\n<p><b>How can businesses use the DesignLab?<\/b><\/p>\n<p>Commercial activities can be prototyped and incubated in a design lab, but they must not conflict with other uses, they should grow beyond rather than within the lab, and they are expected to benefit the inventors, labs, and networks that contribute to their success<\/p>\n<p><b>Who owns DesignLab inventions?<\/b><\/p>\n<p>Designs and processes developed in xProjekt can be protected and sold however an inventor chooses, but should remain available for individuals to use and learn from<\/p>\n<p>You can use a\u00a0<a title=\"Creative Commons\" href=\"http:\/\/blogg.umu.se\/fablab\/www.creativecommons.org\/choose\" target=\"_blank\" rel=\"noopener\">Creative Commons\u00a0<\/a>license to protect your work<\/p>\n<p>&nbsp;<\/p>\n<p>*based on the\u00a0<a title=\"Fab Charter\" href=\"http:\/\/fab.cba.mit.edu\/about\/charter\/\" target=\"_blank\" rel=\"noopener\">Fab Charter<\/a><\/p>\n","protected":false},"excerpt":{"rendered":"<p>Version 0.3, Juli\u00a02015 Ett \u00f6ppet innovationsklimat beh\u00f6ver gemensamma spelregler som \u00e4r anpassade till xProjekt och de platser d\u00e4r vi bedriver verksamhet, vi har tagit fram dessa spelregler till att b\u00f6rja med, men de kan komma att uppdateras och f\u00f6r\u00e4ndras f\u00f6r att passa den verksamhet vi vill bedriva. M\u00e5l = F\u00e4rdplan = Projekt vart \u00e4r vi [&hellip;]<\/p>\n","protected":false},"author":118,"featured_media":0,"parent":0,"menu_order":0,"comment_status":"open","ping_status":"open","template":"page.php","meta":{"_monsterinsights_skip_tracking":false,"_monsterinsights_sitenote_active":false,"_monsterinsights_sitenote_note":"","_monsterinsights_sitenote_category":0,"jetpack_post_was_ever_published":false,"footnotes":""},"class_list":["post-2","page","type-page","status-publish","hentry"],"aioseo_notices":[],"jetpack_shortlink":"https:\/\/wp.me\/P8EJTZ-2","jetpack_sharing_enabled":true,"_links":{"self":[{"href":"https:\/\/kiube.se\/projekt\/wp-json\/wp\/v2\/pages\/2","targetHints":{"allow":["GET"]}}],"collection":[{"href":"https:\/\/kiube.se\/projekt\/wp-json\/wp\/v2\/pages"}],"about":[{"href":"https:\/\/kiube.se\/projekt\/wp-json\/wp\/v2\/types\/page"}],"author":[{"embeddable":true,"href":"https:\/\/kiube.se\/projekt\/wp-json\/wp\/v2\/users\/118"}],"replies":[{"embeddable":true,"href":"https:\/\/kiube.se\/projekt\/wp-json\/wp\/v2\/comments?post=2"}],"version-history":[{"count":0,"href":"https:\/\/kiube.se\/projekt\/wp-json\/wp\/v2\/pages\/2\/revisions"}],"wp:attachment":[{"href":"https:\/\/kiube.se\/projekt\/wp-json\/wp\/v2\/media?parent=2"}],"curies":[{"name":"wp","href":"https:\/\/api.w.org\/{rel}","templated":true}]}}