{"id":12228,"date":"2018-08-13T15:48:40","date_gmt":"2018-08-13T13:48:40","guid":{"rendered":"https:\/\/kiube.se\/p007\/?page_id=12228"},"modified":"2025-04-22T07:49:23","modified_gmt":"2025-04-22T05:49:23","slug":"inloggning","status":"publish","type":"page","link":"https:\/\/kiube.se\/p007\/inloggning\/","title":{"rendered":""},"content":{"rendered":"<p style=\"text-align: center;\"><img loading=\"lazy\" decoding=\"async\" width=\"150\" height=\"150\" src=\"https:\/\/s3.eu-north-1.amazonaws.com\/kiube.se\/wp-content\/uploads\/sites\/20\/2024\/08\/02095137\/Lars-Lindmark-150x150.jpeg\" class=\"attachment-thumbnail size-thumbnail wp-post-image\" alt=\"\" srcset=\"https:\/\/s3.eu-north-1.amazonaws.com\/kiube.se\/wp-content\/uploads\/sites\/20\/2024\/08\/02095137\/Lars-Lindmark-150x150.jpeg 150w, https:\/\/s3.eu-north-1.amazonaws.com\/kiube.se\/wp-content\/uploads\/sites\/20\/2024\/08\/02095137\/Lars-Lindmark-300x300.jpeg 300w, https:\/\/s3.eu-north-1.amazonaws.com\/kiube.se\/wp-content\/uploads\/sites\/20\/2024\/08\/02095137\/Lars-Lindmark.jpeg 400w\" sizes=\"auto, (max-width: 150px) 100vw, 150px\" data-attachment-id=\"34266\" data-permalink=\"https:\/\/kiube.se\/p007\/inloggning\/lars-lindmark-2\/\" data-orig-file=\"https:\/\/s3.eu-north-1.amazonaws.com\/kiube.se\/wp-content\/uploads\/sites\/20\/2024\/08\/02095137\/Lars-Lindmark.jpeg\" data-orig-size=\"400,400\" data-comments-opened=\"0\" data-image-meta=\"{&quot;aperture&quot;:&quot;0&quot;,&quot;credit&quot;:&quot;&quot;,&quot;camera&quot;:&quot;&quot;,&quot;caption&quot;:&quot;&quot;,&quot;created_timestamp&quot;:&quot;0&quot;,&quot;copyright&quot;:&quot;&quot;,&quot;focal_length&quot;:&quot;0&quot;,&quot;iso&quot;:&quot;0&quot;,&quot;shutter_speed&quot;:&quot;0&quot;,&quot;title&quot;:&quot;&quot;,&quot;orientation&quot;:&quot;0&quot;}\" data-image-title=\"Lars Lindmark\" data-image-description=\"\" data-image-caption=\"\" data-large-file=\"https:\/\/s3.eu-north-1.amazonaws.com\/kiube.se\/wp-content\/uploads\/sites\/20\/2024\/08\/02095137\/Lars-Lindmark.jpeg\" \/><\/p>\n<hr \/>\n<p style=\"text-align: center;\"><a class=\"google btn\" href=\"https:\/\/kiube.se\/wp-login.php?redirect_to=https%3A%2F%2Fkiube.se%2Fp007%2F&amp;reauth=1\"><i class=\"fa fa-google fa-fw\"><br \/>\n<\/i> <span style=\"font-size: 14pt;\">Login with Google+<\/span><br \/>\n<\/a><\/p>\n<hr \/>\n<div class=\"container\">\n<form action=\"\/action_page.php\">\n<div class=\"row\">\n<div class=\"col\">\n<p style=\"text-align: center;\">F\u00f6r att se ditt konto beh\u00f6ver du logga p\u00e5 plattformen. \u00a0<a href=\"https:\/\/kiube.se\/wp-login.php?redirect_to=https%3A%2F%2Fkiube.se%2Fp007%2F&amp;reauth=1\">Logga in h\u00e4r<\/a><br \/>\nBeh\u00f6ver du hj\u00e4lp kan du \u00e4ven kontakta kundtj\u00e4nst nedan.<\/p>\n<p>\n<br \/>\n<\/p>\n<\/div>\n<\/div>\n<\/form>\n<\/div>\n","protected":false},"excerpt":{"rendered":"<p>Login with Google+<\/p>\n","protected":false},"author":131,"featured_media":34266,"parent":0,"menu_order":0,"comment_status":"closed","ping_status":"closed","template":"","meta":{"jetpack_post_was_ever_published":false,"footnotes":""},"class_list":["post-12228","page","type-page","status-publish","has-post-thumbnail","hentry"],"yoast_head":"<!-- This site is optimized with the Yoast SEO plugin v27.4 - https:\/\/yoast.com\/product\/yoast-seo-wordpress\/ -->\n<title>- Lejonkungen Leopold<\/title>\n<meta name=\"robots\" content=\"noindex, follow, max-snippet:-1, max-image-preview:large, max-video-preview:-1\" \/>\n<meta property=\"og:locale\" content=\"sv_SE\" \/>\n<meta property=\"og:type\" content=\"article\" \/>\n<meta property=\"og:title\" content=\"- Lejonkungen Leopold\" \/>\n<meta property=\"og:description\" content=\"Login with Google+\" \/>\n<meta property=\"og:url\" content=\"https:\/\/kiube.se\/p007\/inloggning\/\" \/>\n<meta property=\"og:site_name\" content=\"Lejonkungen Leopold\" \/>\n<meta property=\"article:modified_time\" content=\"2025-04-22T05:49:23+00:00\" \/>\n<meta property=\"og:image\" content=\"https:\/\/s3.eu-north-1.amazonaws.com\/kiube.se\/wp-content\/uploads\/sites\/20\/2024\/08\/02095137\/Lars-Lindmark.jpeg\" \/>\n\t<meta property=\"og:image:width\" content=\"400\" \/>\n\t<meta property=\"og:image:height\" content=\"400\" \/>\n\t<meta property=\"og:image:type\" content=\"image\/jpeg\" \/>\n<meta name=\"twitter:card\" content=\"summary_large_image\" \/>\n<meta name=\"twitter:label1\" content=\"Ber\u00e4knad l\u00e4stid\" \/>\n\t<meta name=\"twitter:data1\" content=\"1 minut\" \/>\n<script type=\"application\/ld+json\" class=\"yoast-schema-graph\">{\"@context\":\"https:\\\/\\\/schema.org\",\"@graph\":[{\"@type\":\"WebPage\",\"@id\":\"https:\\\/\\\/kiube.se\\\/p007\\\/inloggning\\\/\",\"url\":\"https:\\\/\\\/kiube.se\\\/p007\\\/inloggning\\\/\",\"name\":\"- Lejonkungen Leopold\",\"isPartOf\":{\"@id\":\"https:\\\/\\\/kiube.se\\\/p007\\\/#website\"},\"primaryImageOfPage\":{\"@id\":\"https:\\\/\\\/kiube.se\\\/p007\\\/inloggning\\\/#primaryimage\"},\"image\":{\"@id\":\"https:\\\/\\\/kiube.se\\\/p007\\\/inloggning\\\/#primaryimage\"},\"thumbnailUrl\":\"https:\\\/\\\/s3.eu-north-1.amazonaws.com\\\/kiube.se\\\/wp-content\\\/uploads\\\/sites\\\/20\\\/2024\\\/08\\\/02095137\\\/Lars-Lindmark.jpeg\",\"datePublished\":\"2018-08-13T13:48:40+00:00\",\"dateModified\":\"2025-04-22T05:49:23+00:00\",\"inLanguage\":\"sv-SE\",\"potentialAction\":[{\"@type\":\"ReadAction\",\"target\":[\"https:\\\/\\\/kiube.se\\\/p007\\\/inloggning\\\/\"]}]},{\"@type\":\"ImageObject\",\"inLanguage\":\"sv-SE\",\"@id\":\"https:\\\/\\\/kiube.se\\\/p007\\\/inloggning\\\/#primaryimage\",\"url\":\"https:\\\/\\\/s3.eu-north-1.amazonaws.com\\\/kiube.se\\\/wp-content\\\/uploads\\\/sites\\\/20\\\/2024\\\/08\\\/02095137\\\/Lars-Lindmark.jpeg\",\"contentUrl\":\"https:\\\/\\\/s3.eu-north-1.amazonaws.com\\\/kiube.se\\\/wp-content\\\/uploads\\\/sites\\\/20\\\/2024\\\/08\\\/02095137\\\/Lars-Lindmark.jpeg\",\"width\":400,\"height\":400},{\"@type\":\"WebSite\",\"@id\":\"https:\\\/\\\/kiube.se\\\/p007\\\/#website\",\"url\":\"https:\\\/\\\/kiube.se\\\/p007\\\/\",\"name\":\"Lejonkungen Leopold\",\"description\":\"Comunicare necesse est\",\"potentialAction\":[{\"@type\":\"SearchAction\",\"target\":{\"@type\":\"EntryPoint\",\"urlTemplate\":\"https:\\\/\\\/kiube.se\\\/p007\\\/?s={search_term_string}\"},\"query-input\":{\"@type\":\"PropertyValueSpecification\",\"valueRequired\":true,\"valueName\":\"search_term_string\"}}],\"inLanguage\":\"sv-SE\"}]}<\/script>\n<!-- \/ Yoast SEO plugin. -->","yoast_head_json":{"title":"- Lejonkungen Leopold","robots":{"index":"noindex","follow":"follow","max-snippet":"max-snippet:-1","max-image-preview":"max-image-preview:large","max-video-preview":"max-video-preview:-1"},"og_locale":"sv_SE","og_type":"article","og_title":"- Lejonkungen Leopold","og_description":"Login with Google+","og_url":"https:\/\/kiube.se\/p007\/inloggning\/","og_site_name":"Lejonkungen Leopold","article_modified_time":"2025-04-22T05:49:23+00:00","og_image":[{"width":400,"height":400,"url":"https:\/\/s3.eu-north-1.amazonaws.com\/kiube.se\/wp-content\/uploads\/sites\/20\/2024\/08\/02095137\/Lars-Lindmark.jpeg","type":"image\/jpeg"}],"twitter_card":"summary_large_image","twitter_misc":{"Ber\u00e4knad l\u00e4stid":"1 minut"},"schema":{"@context":"https:\/\/schema.org","@graph":[{"@type":"WebPage","@id":"https:\/\/kiube.se\/p007\/inloggning\/","url":"https:\/\/kiube.se\/p007\/inloggning\/","name":"- Lejonkungen Leopold","isPartOf":{"@id":"https:\/\/kiube.se\/p007\/#website"},"primaryImageOfPage":{"@id":"https:\/\/kiube.se\/p007\/inloggning\/#primaryimage"},"image":{"@id":"https:\/\/kiube.se\/p007\/inloggning\/#primaryimage"},"thumbnailUrl":"https:\/\/s3.eu-north-1.amazonaws.com\/kiube.se\/wp-content\/uploads\/sites\/20\/2024\/08\/02095137\/Lars-Lindmark.jpeg","datePublished":"2018-08-13T13:48:40+00:00","dateModified":"2025-04-22T05:49:23+00:00","inLanguage":"sv-SE","potentialAction":[{"@type":"ReadAction","target":["https:\/\/kiube.se\/p007\/inloggning\/"]}]},{"@type":"ImageObject","inLanguage":"sv-SE","@id":"https:\/\/kiube.se\/p007\/inloggning\/#primaryimage","url":"https:\/\/s3.eu-north-1.amazonaws.com\/kiube.se\/wp-content\/uploads\/sites\/20\/2024\/08\/02095137\/Lars-Lindmark.jpeg","contentUrl":"https:\/\/s3.eu-north-1.amazonaws.com\/kiube.se\/wp-content\/uploads\/sites\/20\/2024\/08\/02095137\/Lars-Lindmark.jpeg","width":400,"height":400},{"@type":"WebSite","@id":"https:\/\/kiube.se\/p007\/#website","url":"https:\/\/kiube.se\/p007\/","name":"Lejonkungen Leopold","description":"Comunicare necesse est","potentialAction":[{"@type":"SearchAction","target":{"@type":"EntryPoint","urlTemplate":"https:\/\/kiube.se\/p007\/?s={search_term_string}"},"query-input":{"@type":"PropertyValueSpecification","valueRequired":true,"valueName":"search_term_string"}}],"inLanguage":"sv-SE"}]}},"jetpack_sharing_enabled":true,"_links":{"self":[{"href":"https:\/\/kiube.se\/p007\/wp-json\/wp\/v2\/pages\/12228","targetHints":{"allow":["GET"]}}],"collection":[{"href":"https:\/\/kiube.se\/p007\/wp-json\/wp\/v2\/pages"}],"about":[{"href":"https:\/\/kiube.se\/p007\/wp-json\/wp\/v2\/types\/page"}],"author":[{"embeddable":true,"href":"https:\/\/kiube.se\/p007\/wp-json\/wp\/v2\/users\/131"}],"replies":[{"embeddable":true,"href":"https:\/\/kiube.se\/p007\/wp-json\/wp\/v2\/comments?post=12228"}],"version-history":[{"count":0,"href":"https:\/\/kiube.se\/p007\/wp-json\/wp\/v2\/pages\/12228\/revisions"}],"wp:featuredmedia":[{"embeddable":true,"href":"https:\/\/kiube.se\/p007\/wp-json\/wp\/v2\/media\/34266"}],"wp:attachment":[{"href":"https:\/\/kiube.se\/p007\/wp-json\/wp\/v2\/media?parent=12228"}],"curies":[{"name":"wp","href":"https:\/\/api.w.org\/{rel}","templated":true}]}}