{"id":393,"date":"2022-12-12T18:11:38","date_gmt":"2022-12-12T17:11:38","guid":{"rendered":"https:\/\/kiube.se\/innovation\/?page_id=393"},"modified":"2022-12-12T18:25:06","modified_gmt":"2022-12-12T17:25:06","slug":"donationer","status":"publish","type":"page","link":"https:\/\/kiube.se\/innovation\/?page_id=393","title":{"rendered":"Donationer"},"content":{"rendered":"<h3>Marknadsekonomi<\/h3>\n<p style=\"padding-left: 40px;\">Det som anses som f\u00f6rdel med marknadsekonomi \u00e4r att kunden avg\u00f6r v\u00e4rdet p\u00e5 det som man k\u00f6per eller konsumerar. D\u00e4rf\u00f6r m\u00e5ste man hitta en annan modell att f\u00f6lja upp det v\u00e4rde som skapas.<\/p>\n<p style=\"padding-left: 40px;\">Rent tekniskt inneb\u00e4r varje utf\u00f6rt arbete d\u00e4r en enskild person f\u00e5r nyttan s\u00e5 inneb\u00e4r det att n\u00e5gon form av skatt ska betalas tex i form av moms.<\/p>\n<h3>F\u00f6retagsekonomi<\/h3>\n<h3>Plattformsekonomi (hush\u00e5llsekonomi)<\/h3>\n<p style=\"padding-left: 40px;\">F\u00f6r att minska kapitalets negativa drivkrafter och f\u00f6rluster och kunna anv\u00e4nda pengar s\u00e5 effektivt som m\u00f6jligt \u00e4r donationer ett bra alternativ.<\/p>\n<p style=\"padding-left: 40px;\">F\u00f6rdelar med donationer<\/p>\n","protected":false},"excerpt":{"rendered":"<p>Marknadsekonomi Det som anses som f\u00f6rdel med marknadsekonomi \u00e4r att kunden avg\u00f6r v\u00e4rdet p\u00e5 det som man k\u00f6per eller konsumerar. D\u00e4rf\u00f6r m\u00e5ste man hitta en annan modell att f\u00f6lja upp det v\u00e4rde som skapas. Rent tekniskt inneb\u00e4r varje utf\u00f6rt arbete d\u00e4r en enskild person f\u00e5r nyttan s\u00e5 inneb\u00e4r det att n\u00e5gon form av skatt ska [&hellip;]<\/p>\n","protected":false},"author":118,"featured_media":0,"parent":0,"menu_order":0,"comment_status":"closed","ping_status":"closed","template":"","meta":{"footnotes":""},"class_list":["post-393","page","type-page","status-publish","hentry"],"yoast_head":"<!-- This site is optimized with the Yoast SEO plugin v27.4 - https:\/\/yoast.com\/product\/yoast-seo-wordpress\/ -->\n<title>Donationer - Plattformskooperativ<\/title>\n<meta name=\"robots\" content=\"noindex, follow, max-snippet:-1, max-image-preview:large, max-video-preview:-1\" \/>\n<meta property=\"og:locale\" content=\"sv_SE\" \/>\n<meta property=\"og:type\" content=\"article\" \/>\n<meta property=\"og:title\" content=\"Donationer - Plattformskooperativ\" \/>\n<meta property=\"og:description\" content=\"Marknadsekonomi Det som anses som f\u00f6rdel med marknadsekonomi \u00e4r att kunden avg\u00f6r v\u00e4rdet p\u00e5 det som man k\u00f6per eller konsumerar. D\u00e4rf\u00f6r m\u00e5ste man hitta en annan modell att f\u00f6lja upp det v\u00e4rde som skapas. Rent tekniskt inneb\u00e4r varje utf\u00f6rt arbete d\u00e4r en enskild person f\u00e5r nyttan s\u00e5 inneb\u00e4r det att n\u00e5gon form av skatt ska [&hellip;]\" \/>\n<meta property=\"og:url\" content=\"https:\/\/kiube.se\/innovation\/?page_id=393\" \/>\n<meta property=\"og:site_name\" content=\"Plattformskooperativ\" \/>\n<meta property=\"article:modified_time\" content=\"2022-12-12T17:25:06+00:00\" \/>\n<meta name=\"twitter:card\" content=\"summary_large_image\" \/>\n<meta name=\"twitter:label1\" content=\"Ber\u00e4knad l\u00e4stid\" \/>\n\t<meta name=\"twitter:data1\" content=\"1 minut\" \/>\n<script type=\"application\/ld+json\" class=\"yoast-schema-graph\">{\"@context\":\"https:\\\/\\\/schema.org\",\"@graph\":[{\"@type\":\"WebPage\",\"@id\":\"https:\\\/\\\/kiube.se\\\/innovation\\\/?page_id=393\",\"url\":\"https:\\\/\\\/kiube.se\\\/innovation\\\/?page_id=393\",\"name\":\"Donationer - Plattformskooperativ\",\"isPartOf\":{\"@id\":\"http:\\\/\\\/kiube.se\\\/innovation\\\/#website\"},\"datePublished\":\"2022-12-12T17:11:38+00:00\",\"dateModified\":\"2022-12-12T17:25:06+00:00\",\"breadcrumb\":{\"@id\":\"https:\\\/\\\/kiube.se\\\/innovation\\\/?page_id=393#breadcrumb\"},\"inLanguage\":\"sv-SE\",\"potentialAction\":[{\"@type\":\"ReadAction\",\"target\":[\"https:\\\/\\\/kiube.se\\\/innovation\\\/?page_id=393\"]}]},{\"@type\":\"BreadcrumbList\",\"@id\":\"https:\\\/\\\/kiube.se\\\/innovation\\\/?page_id=393#breadcrumb\",\"itemListElement\":[{\"@type\":\"ListItem\",\"position\":1,\"name\":\"Hem\",\"item\":\"http:\\\/\\\/kiube.se\\\/innovation\\\/\"},{\"@type\":\"ListItem\",\"position\":2,\"name\":\"Donationer\"}]},{\"@type\":\"WebSite\",\"@id\":\"http:\\\/\\\/kiube.se\\\/innovation\\\/#website\",\"url\":\"http:\\\/\\\/kiube.se\\\/innovation\\\/\",\"name\":\"Plattformskooperativ\",\"description\":\"handbok f\u00f6r en cirkul\u00e4r ekonomi\",\"potentialAction\":[{\"@type\":\"SearchAction\",\"target\":{\"@type\":\"EntryPoint\",\"urlTemplate\":\"http:\\\/\\\/kiube.se\\\/innovation\\\/?s={search_term_string}\"},\"query-input\":{\"@type\":\"PropertyValueSpecification\",\"valueRequired\":true,\"valueName\":\"search_term_string\"}}],\"inLanguage\":\"sv-SE\"}]}<\/script>\n<!-- \/ Yoast SEO plugin. -->","yoast_head_json":{"title":"Donationer - Plattformskooperativ","robots":{"index":"noindex","follow":"follow","max-snippet":"max-snippet:-1","max-image-preview":"max-image-preview:large","max-video-preview":"max-video-preview:-1"},"og_locale":"sv_SE","og_type":"article","og_title":"Donationer - Plattformskooperativ","og_description":"Marknadsekonomi Det som anses som f\u00f6rdel med marknadsekonomi \u00e4r att kunden avg\u00f6r v\u00e4rdet p\u00e5 det som man k\u00f6per eller konsumerar. D\u00e4rf\u00f6r m\u00e5ste man hitta en annan modell att f\u00f6lja upp det v\u00e4rde som skapas. Rent tekniskt inneb\u00e4r varje utf\u00f6rt arbete d\u00e4r en enskild person f\u00e5r nyttan s\u00e5 inneb\u00e4r det att n\u00e5gon form av skatt ska [&hellip;]","og_url":"https:\/\/kiube.se\/innovation\/?page_id=393","og_site_name":"Plattformskooperativ","article_modified_time":"2022-12-12T17:25:06+00:00","twitter_card":"summary_large_image","twitter_misc":{"Ber\u00e4knad l\u00e4stid":"1 minut"},"schema":{"@context":"https:\/\/schema.org","@graph":[{"@type":"WebPage","@id":"https:\/\/kiube.se\/innovation\/?page_id=393","url":"https:\/\/kiube.se\/innovation\/?page_id=393","name":"Donationer - Plattformskooperativ","isPartOf":{"@id":"http:\/\/kiube.se\/innovation\/#website"},"datePublished":"2022-12-12T17:11:38+00:00","dateModified":"2022-12-12T17:25:06+00:00","breadcrumb":{"@id":"https:\/\/kiube.se\/innovation\/?page_id=393#breadcrumb"},"inLanguage":"sv-SE","potentialAction":[{"@type":"ReadAction","target":["https:\/\/kiube.se\/innovation\/?page_id=393"]}]},{"@type":"BreadcrumbList","@id":"https:\/\/kiube.se\/innovation\/?page_id=393#breadcrumb","itemListElement":[{"@type":"ListItem","position":1,"name":"Hem","item":"http:\/\/kiube.se\/innovation\/"},{"@type":"ListItem","position":2,"name":"Donationer"}]},{"@type":"WebSite","@id":"http:\/\/kiube.se\/innovation\/#website","url":"http:\/\/kiube.se\/innovation\/","name":"Plattformskooperativ","description":"handbok f\u00f6r en cirkul\u00e4r ekonomi","potentialAction":[{"@type":"SearchAction","target":{"@type":"EntryPoint","urlTemplate":"http:\/\/kiube.se\/innovation\/?s={search_term_string}"},"query-input":{"@type":"PropertyValueSpecification","valueRequired":true,"valueName":"search_term_string"}}],"inLanguage":"sv-SE"}]}},"jetpack_shortlink":"https:\/\/wp.me\/P2saGP-6l","jetpack-related-posts":[],"_links":{"self":[{"href":"https:\/\/kiube.se\/innovation\/index.php?rest_route=\/wp\/v2\/pages\/393","targetHints":{"allow":["GET"]}}],"collection":[{"href":"https:\/\/kiube.se\/innovation\/index.php?rest_route=\/wp\/v2\/pages"}],"about":[{"href":"https:\/\/kiube.se\/innovation\/index.php?rest_route=\/wp\/v2\/types\/page"}],"author":[{"embeddable":true,"href":"https:\/\/kiube.se\/innovation\/index.php?rest_route=\/wp\/v2\/users\/118"}],"replies":[{"embeddable":true,"href":"https:\/\/kiube.se\/innovation\/index.php?rest_route=%2Fwp%2Fv2%2Fcomments&post=393"}],"version-history":[{"count":0,"href":"https:\/\/kiube.se\/innovation\/index.php?rest_route=\/wp\/v2\/pages\/393\/revisions"}],"wp:attachment":[{"href":"https:\/\/kiube.se\/innovation\/index.php?rest_route=%2Fwp%2Fv2%2Fmedia&parent=393"}],"curies":[{"name":"wp","href":"https:\/\/api.w.org\/{rel}","templated":true}]}}