{"id":332,"date":"2019-10-26T09:28:18","date_gmt":"2019-10-26T08:28:18","guid":{"rendered":"http:\/\/kiube.se\/innovation\/?page_id=332"},"modified":"2019-10-26T10:59:23","modified_gmt":"2019-10-26T09:59:23","slug":"samarbetsavtal","status":"publish","type":"page","link":"https:\/\/kiube.se\/innovation\/?page_id=332","title":{"rendered":"Samarbetsavtal"},"content":{"rendered":"<hr \/>\n<pre>A Del\u00e4gare (F\u00f6retag )<\/pre>\n<hr \/>\n<p style=\"padding-left: 40px;\">Styrning:<\/p>\n<p style=\"padding-left: 40px;\">Ansvar:<\/p>\n<p style=\"padding-left: 40px;\">Ers\u00e4ttning:<\/p>\n<hr \/>\n<pre>B F\u00f6rs\u00e4ljningsprovision<\/pre>\n<hr \/>\n<p style=\"padding-left: 40px;\">F\u00f6rs\u00e4ljningsprovision per s\u00e5lda enheter ( gruppering av arbete )<\/p>\n<p style=\"padding-left: 40px;\">Projekt:<\/p>\n<hr \/>\n<pre>C Investering i plattform<\/pre>\n<hr style=\"padding-left: 40px;\" \/>\n<p style=\"padding-left: 40px;\">Investeringar i tid<\/p>\n<p style=\"padding-left: 40px;\">Investering i pengar<\/p>\n<hr \/>\n<pre>D Investering i n\u00e4tverk<\/pre>\n<hr style=\"padding-left: 40px;\" \/>\n<table class=\"table\" style=\"border-collapse: collapse; width: 100%; height: 132px;\">\n<thead>\n<tr style=\"border-style: solid; background-color: #b9de68;\">\n<td style=\"width: 38.5387%; height: 22px;\">N\u00e4tverk<\/td>\n<td style=\"width: 29.4412%; height: 22px;\">Storlek 1-100<\/td>\n<td style=\"width: 16.01%;\">101-1000<\/td>\n<td style=\"width: 16.01%;\">1001-<\/td>\n<\/tr>\n<\/thead>\n<tbody>\n<tr style=\"height: 110px;\">\n<td style=\"width: 38.5387%; height: 110px;\">Design Greenhouse<\/p>\n<p>&nbsp;<\/td>\n<td style=\"width: 29.4412%; height: 110px;\">365:- \/ unit<\/td>\n<td style=\"width: 16.01%;\">3650:- \/ unit<\/td>\n<td style=\"width: 16.01%;\">36 500:- \/unit<\/td>\n<\/tr>\n<tr>\n<td style=\"width: 38.5387%;\">solarXbike<\/td>\n<td style=\"width: 29.4412%;\">\u00a0365:- \/ person<\/td>\n<td style=\"width: 16.01%;\">365:- \/person<\/td>\n<td style=\"width: 16.01%;\">365:- \/person<\/td>\n<\/tr>\n<\/tbody>\n<\/table>\n<hr \/>\n<pre>E Utnyttjande av plattform (Asset management)Managed fellowship<\/pre>\n<hr style=\"padding-left: 40px;\" \/>\n<table class=\"table\" style=\"border-collapse: collapse; width: 100%; height: 132px;\">\n<thead>\n<tr style=\"border-style: solid; background-color: #b9de68;\">\n<td style=\"width: 38.5387%; height: 22px;\">Tillg\u00e5ngar<\/td>\n<td style=\"width: 29.4412%; height: 22px;\">Ansvar<\/td>\n<td style=\"width: 32.0201%;\">R\u00e4ttigheter<\/td>\n<\/tr>\n<\/thead>\n<tbody>\n<tr style=\"height: 110px;\">\n<td style=\"width: 38.5387%; height: 110px;\">Assets<br \/>\nKomponent<br \/>\nTillbeh\u00f6r<br \/>\nF\u00f6rbrukning<\/td>\n<td style=\"width: 29.4412%; height: 110px;\">F\u00f6retag:<br \/>\nTillverkare:<br \/>\nLeverant\u00f6r:<br \/>\nAvdelning:<br \/>\nPlats:<\/td>\n<td style=\"width: 32.0201%;\">Grupp: (R\u00e4tt att producera)<\/p>\n<p>Licens: (R\u00e4tt att anv\u00e4nda)<\/td>\n<\/tr>\n<\/tbody>\n<\/table>\n<p>&nbsp;<\/p>\n<hr \/>\n<pre>F Service leverant\u00f6r- Service Level Agreement (SLA)<\/pre>\n<hr \/>\n<p style=\"padding-left: 40px;\">Tj\u00e4nst 1<br \/>\nTj\u00e4nst 2<br \/>\nTj\u00e4nst 3<\/p>\n<p>&nbsp;<\/p>\n<hr \/>\n<pre>G Sekretess<\/pre>\n<hr \/>\n<p style=\"padding-left: 40px;\">Top secret<\/p>\n<p style=\"padding-left: 40px;\">Secret<\/p>\n<p style=\"padding-left: 40px;\">Internal<\/p>\n<p style=\"padding-left: 40px;\">Public<\/p>\n","protected":false},"excerpt":{"rendered":"<p>A Del\u00e4gare (F\u00f6retag ) Styrning: Ansvar: Ers\u00e4ttning: B F\u00f6rs\u00e4ljningsprovision F\u00f6rs\u00e4ljningsprovision per s\u00e5lda enheter ( gruppering av arbete ) Projekt: C Investering i plattform Investeringar i tid Investering i pengar D Investering i n\u00e4tverk N\u00e4tverk Storlek 1-100 101-1000 1001- Design Greenhouse &nbsp; 365:- \/ unit 3650:- \/ unit 36 500:- \/unit solarXbike \u00a0365:- \/ person 365:- [&hellip;]<\/p>\n","protected":false},"author":131,"featured_media":0,"parent":0,"menu_order":0,"comment_status":"closed","ping_status":"closed","template":"","meta":{"footnotes":""},"class_list":["post-332","page","type-page","status-publish","hentry"],"yoast_head":"<!-- This site is optimized with the Yoast SEO plugin v27.4 - https:\/\/yoast.com\/product\/yoast-seo-wordpress\/ -->\n<title>Samarbetsavtal - Plattformskooperativ<\/title>\n<meta name=\"robots\" content=\"noindex, follow, max-snippet:-1, max-image-preview:large, max-video-preview:-1\" \/>\n<meta property=\"og:locale\" content=\"sv_SE\" \/>\n<meta property=\"og:type\" content=\"article\" \/>\n<meta property=\"og:title\" content=\"Samarbetsavtal - Plattformskooperativ\" \/>\n<meta property=\"og:description\" content=\"A Del\u00e4gare (F\u00f6retag ) Styrning: Ansvar: Ers\u00e4ttning: B F\u00f6rs\u00e4ljningsprovision F\u00f6rs\u00e4ljningsprovision per s\u00e5lda enheter ( gruppering av arbete ) Projekt: C Investering i plattform Investeringar i tid Investering i pengar D Investering i n\u00e4tverk N\u00e4tverk Storlek 1-100 101-1000 1001- Design Greenhouse &nbsp; 365:- \/ unit 3650:- \/ unit 36 500:- \/unit solarXbike \u00a0365:- \/ person 365:- [&hellip;]\" \/>\n<meta property=\"og:url\" content=\"https:\/\/kiube.se\/innovation\/?page_id=332\" \/>\n<meta property=\"og:site_name\" content=\"Plattformskooperativ\" \/>\n<meta property=\"article:modified_time\" content=\"2019-10-26T09:59:23+00:00\" \/>\n<meta name=\"twitter:card\" content=\"summary_large_image\" \/>\n<meta name=\"twitter:label1\" content=\"Ber\u00e4knad l\u00e4stid\" \/>\n\t<meta name=\"twitter:data1\" content=\"1 minut\" \/>\n<script type=\"application\/ld+json\" class=\"yoast-schema-graph\">{\"@context\":\"https:\\\/\\\/schema.org\",\"@graph\":[{\"@type\":\"WebPage\",\"@id\":\"https:\\\/\\\/kiube.se\\\/innovation\\\/?page_id=332\",\"url\":\"https:\\\/\\\/kiube.se\\\/innovation\\\/?page_id=332\",\"name\":\"Samarbetsavtal - Plattformskooperativ\",\"isPartOf\":{\"@id\":\"http:\\\/\\\/kiube.se\\\/innovation\\\/#website\"},\"datePublished\":\"2019-10-26T08:28:18+00:00\",\"dateModified\":\"2019-10-26T09:59:23+00:00\",\"breadcrumb\":{\"@id\":\"https:\\\/\\\/kiube.se\\\/innovation\\\/?page_id=332#breadcrumb\"},\"inLanguage\":\"sv-SE\",\"potentialAction\":[{\"@type\":\"ReadAction\",\"target\":[\"https:\\\/\\\/kiube.se\\\/innovation\\\/?page_id=332\"]}]},{\"@type\":\"BreadcrumbList\",\"@id\":\"https:\\\/\\\/kiube.se\\\/innovation\\\/?page_id=332#breadcrumb\",\"itemListElement\":[{\"@type\":\"ListItem\",\"position\":1,\"name\":\"Hem\",\"item\":\"http:\\\/\\\/kiube.se\\\/innovation\\\/\"},{\"@type\":\"ListItem\",\"position\":2,\"name\":\"Samarbetsavtal\"}]},{\"@type\":\"WebSite\",\"@id\":\"http:\\\/\\\/kiube.se\\\/innovation\\\/#website\",\"url\":\"http:\\\/\\\/kiube.se\\\/innovation\\\/\",\"name\":\"Plattformskooperativ\",\"description\":\"handbok f\u00f6r en cirkul\u00e4r ekonomi\",\"potentialAction\":[{\"@type\":\"SearchAction\",\"target\":{\"@type\":\"EntryPoint\",\"urlTemplate\":\"http:\\\/\\\/kiube.se\\\/innovation\\\/?s={search_term_string}\"},\"query-input\":{\"@type\":\"PropertyValueSpecification\",\"valueRequired\":true,\"valueName\":\"search_term_string\"}}],\"inLanguage\":\"sv-SE\"}]}<\/script>\n<!-- \/ Yoast SEO plugin. -->","yoast_head_json":{"title":"Samarbetsavtal - Plattformskooperativ","robots":{"index":"noindex","follow":"follow","max-snippet":"max-snippet:-1","max-image-preview":"max-image-preview:large","max-video-preview":"max-video-preview:-1"},"og_locale":"sv_SE","og_type":"article","og_title":"Samarbetsavtal - Plattformskooperativ","og_description":"A Del\u00e4gare (F\u00f6retag ) Styrning: Ansvar: Ers\u00e4ttning: B F\u00f6rs\u00e4ljningsprovision F\u00f6rs\u00e4ljningsprovision per s\u00e5lda enheter ( gruppering av arbete ) Projekt: C Investering i plattform Investeringar i tid Investering i pengar D Investering i n\u00e4tverk N\u00e4tverk Storlek 1-100 101-1000 1001- Design Greenhouse &nbsp; 365:- \/ unit 3650:- \/ unit 36 500:- \/unit solarXbike \u00a0365:- \/ person 365:- [&hellip;]","og_url":"https:\/\/kiube.se\/innovation\/?page_id=332","og_site_name":"Plattformskooperativ","article_modified_time":"2019-10-26T09:59:23+00:00","twitter_card":"summary_large_image","twitter_misc":{"Ber\u00e4knad l\u00e4stid":"1 minut"},"schema":{"@context":"https:\/\/schema.org","@graph":[{"@type":"WebPage","@id":"https:\/\/kiube.se\/innovation\/?page_id=332","url":"https:\/\/kiube.se\/innovation\/?page_id=332","name":"Samarbetsavtal - Plattformskooperativ","isPartOf":{"@id":"http:\/\/kiube.se\/innovation\/#website"},"datePublished":"2019-10-26T08:28:18+00:00","dateModified":"2019-10-26T09:59:23+00:00","breadcrumb":{"@id":"https:\/\/kiube.se\/innovation\/?page_id=332#breadcrumb"},"inLanguage":"sv-SE","potentialAction":[{"@type":"ReadAction","target":["https:\/\/kiube.se\/innovation\/?page_id=332"]}]},{"@type":"BreadcrumbList","@id":"https:\/\/kiube.se\/innovation\/?page_id=332#breadcrumb","itemListElement":[{"@type":"ListItem","position":1,"name":"Hem","item":"http:\/\/kiube.se\/innovation\/"},{"@type":"ListItem","position":2,"name":"Samarbetsavtal"}]},{"@type":"WebSite","@id":"http:\/\/kiube.se\/innovation\/#website","url":"http:\/\/kiube.se\/innovation\/","name":"Plattformskooperativ","description":"handbok f\u00f6r en cirkul\u00e4r ekonomi","potentialAction":[{"@type":"SearchAction","target":{"@type":"EntryPoint","urlTemplate":"http:\/\/kiube.se\/innovation\/?s={search_term_string}"},"query-input":{"@type":"PropertyValueSpecification","valueRequired":true,"valueName":"search_term_string"}}],"inLanguage":"sv-SE"}]}},"jetpack_shortlink":"https:\/\/wp.me\/P2saGP-5m","jetpack-related-posts":[],"_links":{"self":[{"href":"https:\/\/kiube.se\/innovation\/index.php?rest_route=\/wp\/v2\/pages\/332","targetHints":{"allow":["GET"]}}],"collection":[{"href":"https:\/\/kiube.se\/innovation\/index.php?rest_route=\/wp\/v2\/pages"}],"about":[{"href":"https:\/\/kiube.se\/innovation\/index.php?rest_route=\/wp\/v2\/types\/page"}],"author":[{"embeddable":true,"href":"https:\/\/kiube.se\/innovation\/index.php?rest_route=\/wp\/v2\/users\/131"}],"replies":[{"embeddable":true,"href":"https:\/\/kiube.se\/innovation\/index.php?rest_route=%2Fwp%2Fv2%2Fcomments&post=332"}],"version-history":[{"count":0,"href":"https:\/\/kiube.se\/innovation\/index.php?rest_route=\/wp\/v2\/pages\/332\/revisions"}],"wp:attachment":[{"href":"https:\/\/kiube.se\/innovation\/index.php?rest_route=%2Fwp%2Fv2%2Fmedia&parent=332"}],"curies":[{"name":"wp","href":"https:\/\/api.w.org\/{rel}","templated":true}]}}