{"id":216,"date":"2018-08-17T07:44:27","date_gmt":"2018-08-17T06:44:27","guid":{"rendered":"http:\/\/kiube.se\/innovation\/?page_id=216"},"modified":"2019-06-29T09:39:32","modified_gmt":"2019-06-29T08:39:32","slug":"ekobanken","status":"publish","type":"page","link":"https:\/\/kiube.se\/innovation\/?page_id=216","title":{"rendered":"Ekobanken"},"content":{"rendered":"<p><em>Ekobanken ger l\u00e5n till verksamheter och f\u00f6reningar som ger ett positivt bidrag till en milj\u00f6m\u00e4ssigt h\u00e5llbar utveckling.<\/em><\/p>\n<p>Finansiering:<\/p>\n<p>Mikrofinans &#8211; egen borgen<\/p>\n<p>Gr\u00e4srotsfinansiering &#8211; m\u00e4nniskor g\u00e5r tillsammans i borgen<\/p>\n<p>&nbsp;<\/p>\n<p>S\u00e4kerhet:<\/p>\n<p>&nbsp;<\/p>\n<p>K\u00e4lla: <a href=\"https:\/\/www.ekobanken.se\/vara-lanekunder\/\">Ekobanken<\/a><\/p>\n","protected":false},"excerpt":{"rendered":"<p>Ekobanken ger l\u00e5n till verksamheter och f\u00f6reningar som ger ett positivt bidrag till en milj\u00f6m\u00e4ssigt h\u00e5llbar utveckling. Finansiering: Mikrofinans &#8211; egen borgen Gr\u00e4srotsfinansiering &#8211; m\u00e4nniskor g\u00e5r tillsammans i borgen &nbsp; S\u00e4kerhet: &nbsp; K\u00e4lla: Ekobanken<\/p>\n","protected":false},"author":131,"featured_media":0,"parent":54,"menu_order":0,"comment_status":"closed","ping_status":"closed","template":"","meta":{"footnotes":""},"class_list":["post-216","page","type-page","status-publish","hentry"],"yoast_head":"<!-- This site is optimized with the Yoast SEO plugin v27.4 - https:\/\/yoast.com\/product\/yoast-seo-wordpress\/ -->\n<title>Ekobanken - Plattformskooperativ<\/title>\n<meta name=\"robots\" content=\"noindex, follow, max-snippet:-1, max-image-preview:large, max-video-preview:-1\" \/>\n<meta property=\"og:locale\" content=\"sv_SE\" \/>\n<meta property=\"og:type\" content=\"article\" \/>\n<meta property=\"og:title\" content=\"Ekobanken - Plattformskooperativ\" \/>\n<meta property=\"og:description\" content=\"Ekobanken ger l\u00e5n till verksamheter och f\u00f6reningar som ger ett positivt bidrag till en milj\u00f6m\u00e4ssigt h\u00e5llbar utveckling. Finansiering: Mikrofinans &#8211; egen borgen Gr\u00e4srotsfinansiering &#8211; m\u00e4nniskor g\u00e5r tillsammans i borgen &nbsp; S\u00e4kerhet: &nbsp; K\u00e4lla: Ekobanken\" \/>\n<meta property=\"og:url\" content=\"https:\/\/kiube.se\/innovation\/?page_id=216\" \/>\n<meta property=\"og:site_name\" content=\"Plattformskooperativ\" \/>\n<meta property=\"article:modified_time\" content=\"2019-06-29T08:39:32+00:00\" \/>\n<meta name=\"twitter:card\" content=\"summary_large_image\" \/>\n<script type=\"application\/ld+json\" class=\"yoast-schema-graph\">{\"@context\":\"https:\\\/\\\/schema.org\",\"@graph\":[{\"@type\":\"WebPage\",\"@id\":\"https:\\\/\\\/kiube.se\\\/innovation\\\/?page_id=216\",\"url\":\"https:\\\/\\\/kiube.se\\\/innovation\\\/?page_id=216\",\"name\":\"Ekobanken - Plattformskooperativ\",\"isPartOf\":{\"@id\":\"http:\\\/\\\/kiube.se\\\/innovation\\\/#website\"},\"datePublished\":\"2018-08-17T06:44:27+00:00\",\"dateModified\":\"2019-06-29T08:39:32+00:00\",\"breadcrumb\":{\"@id\":\"https:\\\/\\\/kiube.se\\\/innovation\\\/?page_id=216#breadcrumb\"},\"inLanguage\":\"sv-SE\",\"potentialAction\":[{\"@type\":\"ReadAction\",\"target\":[\"https:\\\/\\\/kiube.se\\\/innovation\\\/?page_id=216\"]}]},{\"@type\":\"BreadcrumbList\",\"@id\":\"https:\\\/\\\/kiube.se\\\/innovation\\\/?page_id=216#breadcrumb\",\"itemListElement\":[{\"@type\":\"ListItem\",\"position\":1,\"name\":\"Hem\",\"item\":\"http:\\\/\\\/kiube.se\\\/innovation\\\/\"},{\"@type\":\"ListItem\",\"position\":2,\"name\":\"Kapitalf\u00f6rs\u00f6rjning\",\"item\":\"http:\\\/\\\/kiube.se\\\/innovation\\\/?page_id=54\"},{\"@type\":\"ListItem\",\"position\":3,\"name\":\"Ekobanken\"}]},{\"@type\":\"WebSite\",\"@id\":\"http:\\\/\\\/kiube.se\\\/innovation\\\/#website\",\"url\":\"http:\\\/\\\/kiube.se\\\/innovation\\\/\",\"name\":\"Plattformskooperativ\",\"description\":\"handbok f\u00f6r en cirkul\u00e4r ekonomi\",\"potentialAction\":[{\"@type\":\"SearchAction\",\"target\":{\"@type\":\"EntryPoint\",\"urlTemplate\":\"http:\\\/\\\/kiube.se\\\/innovation\\\/?s={search_term_string}\"},\"query-input\":{\"@type\":\"PropertyValueSpecification\",\"valueRequired\":true,\"valueName\":\"search_term_string\"}}],\"inLanguage\":\"sv-SE\"}]}<\/script>\n<!-- \/ Yoast SEO plugin. -->","yoast_head_json":{"title":"Ekobanken - Plattformskooperativ","robots":{"index":"noindex","follow":"follow","max-snippet":"max-snippet:-1","max-image-preview":"max-image-preview:large","max-video-preview":"max-video-preview:-1"},"og_locale":"sv_SE","og_type":"article","og_title":"Ekobanken - Plattformskooperativ","og_description":"Ekobanken ger l\u00e5n till verksamheter och f\u00f6reningar som ger ett positivt bidrag till en milj\u00f6m\u00e4ssigt h\u00e5llbar utveckling. Finansiering: Mikrofinans &#8211; egen borgen Gr\u00e4srotsfinansiering &#8211; m\u00e4nniskor g\u00e5r tillsammans i borgen &nbsp; S\u00e4kerhet: &nbsp; K\u00e4lla: Ekobanken","og_url":"https:\/\/kiube.se\/innovation\/?page_id=216","og_site_name":"Plattformskooperativ","article_modified_time":"2019-06-29T08:39:32+00:00","twitter_card":"summary_large_image","schema":{"@context":"https:\/\/schema.org","@graph":[{"@type":"WebPage","@id":"https:\/\/kiube.se\/innovation\/?page_id=216","url":"https:\/\/kiube.se\/innovation\/?page_id=216","name":"Ekobanken - Plattformskooperativ","isPartOf":{"@id":"http:\/\/kiube.se\/innovation\/#website"},"datePublished":"2018-08-17T06:44:27+00:00","dateModified":"2019-06-29T08:39:32+00:00","breadcrumb":{"@id":"https:\/\/kiube.se\/innovation\/?page_id=216#breadcrumb"},"inLanguage":"sv-SE","potentialAction":[{"@type":"ReadAction","target":["https:\/\/kiube.se\/innovation\/?page_id=216"]}]},{"@type":"BreadcrumbList","@id":"https:\/\/kiube.se\/innovation\/?page_id=216#breadcrumb","itemListElement":[{"@type":"ListItem","position":1,"name":"Hem","item":"http:\/\/kiube.se\/innovation\/"},{"@type":"ListItem","position":2,"name":"Kapitalf\u00f6rs\u00f6rjning","item":"http:\/\/kiube.se\/innovation\/?page_id=54"},{"@type":"ListItem","position":3,"name":"Ekobanken"}]},{"@type":"WebSite","@id":"http:\/\/kiube.se\/innovation\/#website","url":"http:\/\/kiube.se\/innovation\/","name":"Plattformskooperativ","description":"handbok f\u00f6r en cirkul\u00e4r ekonomi","potentialAction":[{"@type":"SearchAction","target":{"@type":"EntryPoint","urlTemplate":"http:\/\/kiube.se\/innovation\/?s={search_term_string}"},"query-input":{"@type":"PropertyValueSpecification","valueRequired":true,"valueName":"search_term_string"}}],"inLanguage":"sv-SE"}]}},"jetpack_shortlink":"https:\/\/wp.me\/P2saGP-3u","jetpack-related-posts":[],"_links":{"self":[{"href":"https:\/\/kiube.se\/innovation\/index.php?rest_route=\/wp\/v2\/pages\/216","targetHints":{"allow":["GET"]}}],"collection":[{"href":"https:\/\/kiube.se\/innovation\/index.php?rest_route=\/wp\/v2\/pages"}],"about":[{"href":"https:\/\/kiube.se\/innovation\/index.php?rest_route=\/wp\/v2\/types\/page"}],"author":[{"embeddable":true,"href":"https:\/\/kiube.se\/innovation\/index.php?rest_route=\/wp\/v2\/users\/131"}],"replies":[{"embeddable":true,"href":"https:\/\/kiube.se\/innovation\/index.php?rest_route=%2Fwp%2Fv2%2Fcomments&post=216"}],"version-history":[{"count":0,"href":"https:\/\/kiube.se\/innovation\/index.php?rest_route=\/wp\/v2\/pages\/216\/revisions"}],"up":[{"embeddable":true,"href":"https:\/\/kiube.se\/innovation\/index.php?rest_route=\/wp\/v2\/pages\/54"}],"wp:attachment":[{"href":"https:\/\/kiube.se\/innovation\/index.php?rest_route=%2Fwp%2Fv2%2Fmedia&parent=216"}],"curies":[{"name":"wp","href":"https:\/\/api.w.org\/{rel}","templated":true}]}}