{"id":635,"date":"2021-08-11T14:42:34","date_gmt":"2021-08-11T12:42:34","guid":{"rendered":"https:\/\/kiube.se\/idea\/?page_id=635"},"modified":"2021-08-11T14:42:34","modified_gmt":"2021-08-11T12:42:34","slug":"improvisation","status":"publish","type":"page","link":"https:\/\/kiube.se\/idea\/?page_id=635","title":{"rendered":"Improvisation"},"content":{"rendered":"<p>Improve, ett s\u00e4tt att interaktivt f\u00f6rb\u00e4ttra ett koncept<\/p>\n","protected":false},"excerpt":{"rendered":"<p>Improve, ett s\u00e4tt att interaktivt f\u00f6rb\u00e4ttra ett koncept<\/p>\n","protected":false},"author":118,"featured_media":0,"parent":0,"menu_order":0,"comment_status":"closed","ping_status":"closed","template":"","meta":{"_monsterinsights_skip_tracking":false,"_monsterinsights_sitenote_active":false,"_monsterinsights_sitenote_note":"","_monsterinsights_sitenote_category":0,"footnotes":""},"class_list":["post-635","page","type-page","status-publish","hentry"],"yoast_head":"<!-- This site is optimized with the Yoast SEO plugin v27.5 - https:\/\/yoast.com\/product\/yoast-seo-wordpress\/ -->\n<title>Improvisation - Experiment Management<\/title>\n<meta name=\"robots\" content=\"index, follow, max-snippet:-1, max-image-preview:large, max-video-preview:-1\" \/>\n<link rel=\"canonical\" href=\"https:\/\/kiube.se\/idea\/?page_id=635\" \/>\n<meta property=\"og:locale\" content=\"sv_SE\" \/>\n<meta property=\"og:type\" content=\"article\" \/>\n<meta property=\"og:title\" content=\"Improvisation - Experiment Management\" \/>\n<meta property=\"og:description\" content=\"Improve, ett s\u00e4tt att interaktivt f\u00f6rb\u00e4ttra ett koncept\" \/>\n<meta property=\"og:url\" content=\"https:\/\/kiube.se\/idea\/?page_id=635\" \/>\n<meta property=\"og:site_name\" content=\"Experiment Management\" \/>\n<meta name=\"twitter:card\" content=\"summary_large_image\" \/>\n<meta name=\"twitter:label1\" content=\"Ber\u00e4knad l\u00e4stid\" \/>\n\t<meta name=\"twitter:data1\" content=\"1 minut\" \/>\n<script type=\"application\/ld+json\" class=\"yoast-schema-graph\">{\"@context\":\"https:\\\/\\\/schema.org\",\"@graph\":[{\"@type\":\"WebPage\",\"@id\":\"https:\\\/\\\/kiube.se\\\/idea\\\/?page_id=635\",\"url\":\"https:\\\/\\\/kiube.se\\\/idea\\\/?page_id=635\",\"name\":\"Improvisation - Experiment Management\",\"isPartOf\":{\"@id\":\"https:\\\/\\\/kiube.se\\\/idea\\\/#website\"},\"datePublished\":\"2021-08-11T12:42:34+00:00\",\"breadcrumb\":{\"@id\":\"https:\\\/\\\/kiube.se\\\/idea\\\/?page_id=635#breadcrumb\"},\"inLanguage\":\"sv-SE\",\"potentialAction\":[{\"@type\":\"ReadAction\",\"target\":[\"https:\\\/\\\/kiube.se\\\/idea\\\/?page_id=635\"]}]},{\"@type\":\"BreadcrumbList\",\"@id\":\"https:\\\/\\\/kiube.se\\\/idea\\\/?page_id=635#breadcrumb\",\"itemListElement\":[{\"@type\":\"ListItem\",\"position\":1,\"name\":\"Hem\",\"item\":\"https:\\\/\\\/kiube.se\\\/idea\\\/\"},{\"@type\":\"ListItem\",\"position\":2,\"name\":\"Improvisation\"}]},{\"@type\":\"WebSite\",\"@id\":\"https:\\\/\\\/kiube.se\\\/idea\\\/#website\",\"url\":\"https:\\\/\\\/kiube.se\\\/idea\\\/\",\"name\":\"Experiment Management\",\"description\":\"f\u00f6r n\u00e4tverket solarXbike\",\"potentialAction\":[{\"@type\":\"SearchAction\",\"target\":{\"@type\":\"EntryPoint\",\"urlTemplate\":\"https:\\\/\\\/kiube.se\\\/idea\\\/?s={search_term_string}\"},\"query-input\":{\"@type\":\"PropertyValueSpecification\",\"valueRequired\":true,\"valueName\":\"search_term_string\"}}],\"inLanguage\":\"sv-SE\"}]}<\/script>\n<!-- \/ Yoast SEO plugin. -->","yoast_head_json":{"title":"Improvisation - Experiment Management","robots":{"index":"index","follow":"follow","max-snippet":"max-snippet:-1","max-image-preview":"max-image-preview:large","max-video-preview":"max-video-preview:-1"},"canonical":"https:\/\/kiube.se\/idea\/?page_id=635","og_locale":"sv_SE","og_type":"article","og_title":"Improvisation - Experiment Management","og_description":"Improve, ett s\u00e4tt att interaktivt f\u00f6rb\u00e4ttra ett koncept","og_url":"https:\/\/kiube.se\/idea\/?page_id=635","og_site_name":"Experiment Management","twitter_card":"summary_large_image","twitter_misc":{"Ber\u00e4knad l\u00e4stid":"1 minut"},"schema":{"@context":"https:\/\/schema.org","@graph":[{"@type":"WebPage","@id":"https:\/\/kiube.se\/idea\/?page_id=635","url":"https:\/\/kiube.se\/idea\/?page_id=635","name":"Improvisation - Experiment Management","isPartOf":{"@id":"https:\/\/kiube.se\/idea\/#website"},"datePublished":"2021-08-11T12:42:34+00:00","breadcrumb":{"@id":"https:\/\/kiube.se\/idea\/?page_id=635#breadcrumb"},"inLanguage":"sv-SE","potentialAction":[{"@type":"ReadAction","target":["https:\/\/kiube.se\/idea\/?page_id=635"]}]},{"@type":"BreadcrumbList","@id":"https:\/\/kiube.se\/idea\/?page_id=635#breadcrumb","itemListElement":[{"@type":"ListItem","position":1,"name":"Hem","item":"https:\/\/kiube.se\/idea\/"},{"@type":"ListItem","position":2,"name":"Improvisation"}]},{"@type":"WebSite","@id":"https:\/\/kiube.se\/idea\/#website","url":"https:\/\/kiube.se\/idea\/","name":"Experiment Management","description":"f\u00f6r n\u00e4tverket solarXbike","potentialAction":[{"@type":"SearchAction","target":{"@type":"EntryPoint","urlTemplate":"https:\/\/kiube.se\/idea\/?s={search_term_string}"},"query-input":{"@type":"PropertyValueSpecification","valueRequired":true,"valueName":"search_term_string"}}],"inLanguage":"sv-SE"}]}},"jetpack_sharing_enabled":true,"_links":{"self":[{"href":"https:\/\/kiube.se\/idea\/index.php?rest_route=\/wp\/v2\/pages\/635","targetHints":{"allow":["GET"]}}],"collection":[{"href":"https:\/\/kiube.se\/idea\/index.php?rest_route=\/wp\/v2\/pages"}],"about":[{"href":"https:\/\/kiube.se\/idea\/index.php?rest_route=\/wp\/v2\/types\/page"}],"author":[{"embeddable":true,"href":"https:\/\/kiube.se\/idea\/index.php?rest_route=\/wp\/v2\/users\/118"}],"replies":[{"embeddable":true,"href":"https:\/\/kiube.se\/idea\/index.php?rest_route=%2Fwp%2Fv2%2Fcomments&post=635"}],"version-history":[{"count":0,"href":"https:\/\/kiube.se\/idea\/index.php?rest_route=\/wp\/v2\/pages\/635\/revisions"}],"wp:attachment":[{"href":"https:\/\/kiube.se\/idea\/index.php?rest_route=%2Fwp%2Fv2%2Fmedia&parent=635"}],"curies":[{"name":"wp","href":"https:\/\/api.w.org\/{rel}","templated":true}]}}