{"id":615,"date":"2021-08-10T17:11:58","date_gmt":"2021-08-10T15:11:58","guid":{"rendered":"https:\/\/kiube.se\/idea\/?page_id=615"},"modified":"2021-08-14T09:18:58","modified_gmt":"2021-08-14T07:18:58","slug":"startsida","status":"publish","type":"page","link":"https:\/\/kiube.se\/idea\/","title":{"rendered":"Startsida"},"content":{"rendered":"<form autocomplete=\"off\" name=\"wpv-filter-603\" action=\"\/idea\/index.php?rest_route=%2Fwp%2Fv2%2Fpages%2F615&#038;wpv_view_count=603\" method=\"get\" class=\"wpv-filter-form js-wpv-filter-form js-wpv-filter-form-603 js-wpv-form-full js-wpv-dps-enabled js-wpv-ajax-results-enabled\" data-viewnumber=\"603\" data-viewid=\"603\" data-viewhash=\"eyJuYW1lIjoicG9ydGZvbGlvLXRocmVlLWNvbHVtbi1ncmlkLXdpdGgtY2F0ZWdvcnktZmlsdGVycyJ9\" data-viewwidgetid=\"0\" data-orderby=\"\" data-order=\"\" data-orderbyas=\"\" data-orderbysecond=\"\" data-ordersecond=\"\" data-parametric=\"{&quot;query&quot;:&quot;normal&quot;,&quot;id&quot;:&quot;603&quot;,&quot;view_id&quot;:&quot;603&quot;,&quot;widget_id&quot;:0,&quot;view_hash&quot;:&quot;603&quot;,&quot;action&quot;:&quot;\\\/idea\\\/index.php?rest_route=%2Fwp%2Fv2%2Fpages%2F615&#038;wpv_view_count=603&quot;,&quot;sort&quot;:{&quot;orderby&quot;:&quot;&quot;,&quot;order&quot;:&quot;&quot;,&quot;orderby_as&quot;:&quot;&quot;,&quot;orderby_second&quot;:&quot;&quot;,&quot;order_second&quot;:&quot;&quot;},&quot;orderby&quot;:&quot;&quot;,&quot;order&quot;:&quot;&quot;,&quot;orderby_as&quot;:&quot;&quot;,&quot;orderby_second&quot;:&quot;&quot;,&quot;order_second&quot;:&quot;&quot;,&quot;ajax_form&quot;:&quot;&quot;,&quot;ajax_results&quot;:&quot;&quot;,&quot;effect&quot;:&quot;fade&quot;,&quot;prebefore&quot;:&quot;&quot;,&quot;before&quot;:&quot;&quot;,&quot;after&quot;:&quot;&quot;,&quot;attributes&quot;:[],&quot;environment&quot;:{&quot;current_post_id&quot;:615,&quot;parent_post_id&quot;:615,&quot;parent_term_id&quot;:0,&quot;parent_user_id&quot;:0,&quot;archive&quot;:{&quot;type&quot;:&quot;&quot;,&quot;name&quot;:&quot;&quot;,&quot;data&quot;:[]}},&quot;loop&quot;:{&quot;type&quot;:&quot;&quot;,&quot;name&quot;:&quot;&quot;,&quot;data&quot;:[],&quot;id&quot;:0}}\" data-attributes=\"[]\" data-environment=\"{&quot;current_post_id&quot;:615,&quot;parent_post_id&quot;:615,&quot;parent_term_id&quot;:0,&quot;parent_user_id&quot;:0,&quot;archive&quot;:{&quot;type&quot;:&quot;&quot;,&quot;name&quot;:&quot;&quot;,&quot;data&quot;:[]}}\"><input type=\"hidden\" class=\"js-wpv-dps-filter-data js-wpv-filter-data-for-this-form\" data-action=\"\/idea\/index.php?rest_route=%2Fwp%2Fv2%2Fpages%2F615&#038;wpv_view_count=603\" data-page=\"1\" data-ajax=\"enable\" data-effect=\"fade\" data-maxpages=\"0\" data-ajaxprebefore=\"\" data-ajaxbefore=\"\" data-ajaxafter=\"\" \/><input class=\"js-wpv-extra-url-param\" id=\"wpv_param_rest_route\" type=\"hidden\" name=\"rest_route\" value=\"\/wp\/v2\/pages\/615\" \/><input class=\"wpv_view_count wpv_view_count-603\" type=\"hidden\" name=\"wpv_view_count\" value=\"603\" \/>\n\n<div class=\"category-selector\">\n\t<div class=\"form-check\">\n\t\t\t\t\t\t\t\t\t<input id=\"portfolio-category-\" \tclass=\"form-check-input js-wpv-filter-trigger\"\n\t\t\t\t\t\t\t\t\t\tname=\"wpv-portfolio-category\" type=\"radio\" value=\"0\"  checked='checked'\n\t\t\t\t\t\t\t\t\t\/>\n\t\t\t\t\t\t\t\t\t<label for=\"portfolio-category-\"  class=\"form-check-label \" >\n\t\t\t\t\t\t\t\t\t\tall\n\t\t\t\t\t\t\t\t\t<\/label>\n\t\t\t\t\t\t\t\t<\/div><div class=\"form-check\"><input type=\"radio\" id=\"portfolio-category-0-ledarskap\" class=\"js-wpv-filter-trigger form-check-input\" name=\"wpv-portfolio-category\" value=\"0-ledarskap\" \/><label for=\"portfolio-category-0-ledarskap\" class=\"form-check-label\">0. Ledarskap<\/label><\/div><div class=\"form-check\"><input type=\"radio\" id=\"portfolio-category-idea\" class=\"js-wpv-filter-trigger form-check-input\" name=\"wpv-portfolio-category\" value=\"idea\" \/><label for=\"portfolio-category-idea\" class=\"form-check-label\">1.Idea<\/label><\/div><div class=\"form-check\"><input type=\"radio\" id=\"portfolio-category-prepare\" class=\"js-wpv-filter-trigger form-check-input\" name=\"wpv-portfolio-category\" value=\"prepare\" \/><label for=\"portfolio-category-prepare\" class=\"form-check-label\">2. Preparation<\/label><\/div>\n  \t<div style=\"spinner-container\">\n\t\t<span style=\"display:none\" class=\"js-wpv-dps-spinner\"><img data-recalc-dims=\"1\" decoding=\"async\" src=\"https:\/\/i0.wp.com\/ref.toolset.com\/toolset-modules\/wp-content\/plugins\/wp-views\/embedded\/res\/img\/ajax-loader2.gif?w=980&#038;ssl=1\" \/><\/span>\n\t<\/div>\n<\/div>\n\n\n<\/form>\n<div id=\"wpv-view-layout-603\" class=\"js-wpv-view-layout js-wpv-layout-responsive js-wpv-view-layout-603\" data-viewnumber=\"603\" data-pagination=\"{&quot;id&quot;:&quot;603&quot;,&quot;query&quot;:&quot;normal&quot;,&quot;type&quot;:&quot;disabled&quot;,&quot;effect&quot;:&quot;fade&quot;,&quot;duration&quot;:&quot;500&quot;,&quot;speed&quot;:&quot;5&quot;,&quot;pause_on_hover&quot;:&quot;disabled&quot;,&quot;stop_rollover&quot;:&quot;false&quot;,&quot;cache_pages&quot;:&quot;enabled&quot;,&quot;preload_images&quot;:&quot;enabled&quot;,&quot;preload_pages&quot;:&quot;enabled&quot;,&quot;preload_reach&quot;:&quot;1&quot;,&quot;spinner&quot;:&quot;builtin&quot;,&quot;spinner_image&quot;:&quot;https:\/\/ref.toolset.com\/toolset-modules\/wp-content\/plugins\/wp-views\/embedded\/res\/img\/ajax-loader.gif&quot;,&quot;callback_next&quot;:&quot;&quot;,&quot;manage_history&quot;:&quot;enabled&quot;,&quot;has_controls_in_form&quot;:&quot;disabled&quot;,&quot;infinite_tolerance&quot;:&quot;0&quot;,&quot;max_pages&quot;:0,&quot;page&quot;:1,&quot;base_permalink&quot;:&quot;\/idea\/index.php?rest_route=%2Fwp%2Fv2%2Fpages%2F615&amp;wpv_view_count=603&amp;wpv_paged=WPV_PAGE_NUM&quot;,&quot;loop&quot;:{&quot;type&quot;:&quot;&quot;,&quot;name&quot;:&quot;&quot;,&quot;data&quot;:[],&quot;id&quot;:0}}\" data-permalink=\"\/idea\/index.php?rest_route=%2Fwp%2Fv2%2Fpages%2F615&#038;wpv_view_count=603\">\n\n\t\n<div id=\"portfolio-view-1\">\n\t\n\t\n\t\t\n\t\t<div class=\"row \">\n\t\t\t<div class=\"col-md-4\"><div class=\"portfolio-item\">\n  <a href=\"https:\/\/kiube.se\/idea\/?portfolio=serviceboken\"><img data-recalc-dims=\"1\" decoding=\"async\" src=\"https:\/\/i0.wp.com\/s3.eu-north-1.amazonaws.com\/kiube.se\/wp-content\/uploads\/sites\/48\/2023\/12\/08154824\/screen-capture-1202.png?w=980&#038;ssl=1\" \/><\/a>\n  <div class=\"card-body\"> \n    <h4>16: Serviceboken<\/h4>\n\t<p>Det finns en genuin och innerlig k\u00e4nsla inom varje individ, att kunna ta hand om, utveckla och under&#8230;<\/p>\n\n    <p><small>Category: <\/small><\/p>\n    <a class=\"btn btn-light\" href=\"https:\/\/kiube.se\/idea\/?portfolio=serviceboken\">View project<\/a>\n  <\/div>\n<\/div><\/div>\n\t\t\n\t\t\n\t\t\t<div class=\"col-md-4\"><div class=\"portfolio-item\">\n  <a href=\"https:\/\/kiube.se\/idea\/?portfolio=elektriska-stolen\"><img data-recalc-dims=\"1\" decoding=\"async\" src=\"https:\/\/i0.wp.com\/s3.eu-north-1.amazonaws.com\/kiube.se\/wp-content\/uploads\/sites\/48\/2021\/11\/21155408\/Skannad-15.50.30.jpeg?w=980&#038;ssl=1\" \/><\/a>\n  <div class=\"card-body\"> \n    <h4>Elektriska stolen<\/h4>\n\t<p>Ett experiment att bygg en stol som kl\u00e4s med v\u00e4rmefolie p\u00e5 insidan f\u00f6r att h\u00e5lla komfortv\u00e4rme n\u00e4r ma&#8230;<\/p>\n\n    <p><small>Category: <a href=\"https:\/\/kiube.se\/idea\/?portfolio-category=idea\">1.Idea<\/a><\/small><\/p>\n    <a class=\"btn btn-light\" href=\"https:\/\/kiube.se\/idea\/?portfolio=elektriska-stolen\">View project<\/a>\n  <\/div>\n<\/div><\/div>\n\t\t\n\t\t\n\t\t\t<div class=\"col-md-4\"><div class=\"portfolio-item\">\n  <a href=\"https:\/\/kiube.se\/idea\/?portfolio=17-innerfonster\"><img data-recalc-dims=\"1\" decoding=\"async\" src=\"https:\/\/i0.wp.com\/s3.eu-north-1.amazonaws.com\/kiube.se\/wp-content\/uploads\/sites\/48\/2021\/09\/23175356\/fonsterram.png?w=980&#038;ssl=1\" \/><\/a>\n  <div class=\"card-body\"> \n    <h4>17. Innerf\u00f6nster<\/h4>\n\t<p>Bloggkategori: 17 Innerf\u00f6nster Experiment: Tillverka b\u00e5gar till innef\u00f6nster med energiglas 4 mm, och&#8230;<\/p>\n\n    <p><small>Category: <a href=\"https:\/\/kiube.se\/idea\/?portfolio-category=prepare\">2. Preparation<\/a><\/small><\/p>\n    <a class=\"btn btn-light\" href=\"https:\/\/kiube.se\/idea\/?portfolio=17-innerfonster\">View project<\/a>\n  <\/div>\n<\/div><\/div>\n\t\t<\/div>\n\t\t\n\t\t\n\t\t<div class=\"row \">\n\t\t\t<div class=\"col-md-4\"><div class=\"portfolio-item\">\n  <a href=\"https:\/\/kiube.se\/idea\/?portfolio=16-mata-elforbrukning-tvattmaskin\"><img data-recalc-dims=\"1\" decoding=\"async\" src=\"https:\/\/i0.wp.com\/s3.eu-north-1.amazonaws.com\/kiube.se\/wp-content\/uploads\/sites\/48\/2021\/08\/15091507\/kunskap.png?w=980&#038;ssl=1\" \/><\/a>\n  <div class=\"card-body\"> \n    <h4>16. M\u00e4ta elf\u00f6rbrukning tv\u00e4ttmaskin<\/h4>\n\t<p>M\u00e4t energif\u00f6rbrukning i tv\u00e4ttmaskin under 1 m\u00e5nad<\/p>\n\n    <p><small>Category: <a href=\"https:\/\/kiube.se\/idea\/?portfolio-category=0-ledarskap\">0. Ledarskap<\/a><\/small><\/p>\n    <a class=\"btn btn-light\" href=\"https:\/\/kiube.se\/idea\/?portfolio=16-mata-elforbrukning-tvattmaskin\">View project<\/a>\n  <\/div>\n<\/div><\/div>\n\t\t\n\t\t\n\t\t\t<div class=\"col-md-4\"><div class=\"portfolio-item\">\n  <a href=\"https:\/\/kiube.se\/idea\/?portfolio=15-ersatta-energi-dvdc\"><img data-recalc-dims=\"1\" decoding=\"async\" src=\"https:\/\/i0.wp.com\/s3.eu-north-1.amazonaws.com\/kiube.se\/wp-content\/uploads\/sites\/48\/2021\/08\/14171654\/Energi.png?w=980&#038;ssl=1\" \/><\/a>\n  <div class=\"card-body\"> \n    <h4>15. Ers\u00e4tta energi DVDC<\/h4>\n\t<p>Ers\u00e4tta k\u00f6pt med egenproducerad energi<\/p>\n\n    <p><small>Category: <a href=\"https:\/\/kiube.se\/idea\/?portfolio-category=idea\">1.Idea<\/a><\/small><\/p>\n    <a class=\"btn btn-light\" href=\"https:\/\/kiube.se\/idea\/?portfolio=15-ersatta-energi-dvdc\">View project<\/a>\n  <\/div>\n<\/div><\/div>\n\t\t\n\t\t\n\t\t\t<div class=\"col-md-4\"><div class=\"portfolio-item\">\n  <a href=\"https:\/\/kiube.se\/idea\/?portfolio=14-torka-gronsaker-med-solenergi\"><img data-recalc-dims=\"1\" decoding=\"async\" src=\"https:\/\/i0.wp.com\/s3.eu-north-1.amazonaws.com\/kiube.se\/wp-content\/uploads\/sites\/48\/2021\/08\/14171758\/Fo%CC%88ra%CC%88dla.png?w=980&#038;ssl=1\" \/><\/a>\n  <div class=\"card-body\"> \n    <h4>14. Torka gr\u00f6nsaker med solenergi<\/h4>\n\t<p>https:\/\/kiube.se\/projekt\/projektvy-034-26-korsbarsgatan Platser https:\/\/kiube.se\/labbstationer\/asset&#8230;<\/p>\n\n    <p><small>Category: <a href=\"https:\/\/kiube.se\/idea\/?portfolio-category=idea\">1.Idea<\/a><\/small><\/p>\n    <a class=\"btn btn-light\" href=\"https:\/\/kiube.se\/idea\/?portfolio=14-torka-gronsaker-med-solenergi\">View project<\/a>\n  <\/div>\n<\/div><\/div>\n\t\t<\/div>\n\t\t\n\t\t\n\t\t<div class=\"row \">\n\t\t\t<div class=\"col-md-4\"><div class=\"portfolio-item\">\n  <a href=\"https:\/\/kiube.se\/idea\/?portfolio=13-starta-energi-community\"><img data-recalc-dims=\"1\" decoding=\"async\" src=\"https:\/\/i0.wp.com\/s3.eu-north-1.amazonaws.com\/kiube.se\/wp-content\/uploads\/sites\/48\/2021\/08\/14171654\/Energi.png?w=980&#038;ssl=1\" \/><\/a>\n  <div class=\"card-body\"> \n    <h4>13. Starta energi community<\/h4>\n\t\n    <p><small>Category: <a href=\"https:\/\/kiube.se\/idea\/?portfolio-category=idea\">1.Idea<\/a><\/small><\/p>\n    <a class=\"btn btn-light\" href=\"https:\/\/kiube.se\/idea\/?portfolio=13-starta-energi-community\">View project<\/a>\n  <\/div>\n<\/div><\/div>\n\t\t\n\t\t\n\t\t\t<div class=\"col-md-4\"><div class=\"portfolio-item\">\n  <a href=\"https:\/\/kiube.se\/idea\/?portfolio=12-ladda-elcykel-fastcharge\"><img data-recalc-dims=\"1\" decoding=\"async\" src=\"https:\/\/i0.wp.com\/s3.eu-north-1.amazonaws.com\/kiube.se\/wp-content\/uploads\/sites\/48\/2015\/04\/26180134\/screen-capture-742.png?w=980\" \/><\/a>\n  <div class=\"card-body\"> \n    <h4>12. Ladda elcykel fastcharge<\/h4>\n\t\n    <p><small>Category: <a href=\"https:\/\/kiube.se\/idea\/?portfolio-category=idea\">1.Idea<\/a><\/small><\/p>\n    <a class=\"btn btn-light\" href=\"https:\/\/kiube.se\/idea\/?portfolio=12-ladda-elcykel-fastcharge\">View project<\/a>\n  <\/div>\n<\/div><\/div>\n\t\t\n\t\t\n\t\t\t<div class=\"col-md-4\"><div class=\"portfolio-item\">\n  <a href=\"https:\/\/kiube.se\/idea\/?portfolio=11-lagra-energi-fran-solpanel\"><img data-recalc-dims=\"1\" decoding=\"async\" src=\"https:\/\/i0.wp.com\/s3.eu-north-1.amazonaws.com\/kiube.se\/wp-content\/uploads\/sites\/48\/2021\/08\/14171654\/Energi.png?w=980&#038;ssl=1\" \/><\/a>\n  <div class=\"card-body\"> \n    <h4>11. Lagra energi fr\u00e5n solpanel<\/h4>\n\t\n    <p><small>Category: <a href=\"https:\/\/kiube.se\/idea\/?portfolio-category=idea\">1.Idea<\/a><\/small><\/p>\n    <a class=\"btn btn-light\" href=\"https:\/\/kiube.se\/idea\/?portfolio=11-lagra-energi-fran-solpanel\">View project<\/a>\n  <\/div>\n<\/div><\/div>\n\t\t<\/div>\n\t\t\n\t\t\n\t\t<div class=\"row \">\n\t\t\t<div class=\"col-md-4\"><div class=\"portfolio-item\">\n  <a href=\"https:\/\/kiube.se\/idea\/?portfolio=10-ateranvanda-vatten-vp\"><img data-recalc-dims=\"1\" decoding=\"async\" src=\"https:\/\/i0.wp.com\/s3.eu-north-1.amazonaws.com\/kiube.se\/wp-content\/uploads\/sites\/48\/2013\/12\/26180149\/2013-12-28-03.25.03-pm.png?w=980\" \/><\/a>\n  <div class=\"card-body\"> \n    <h4>10 \u00c5teranv\u00e4nda vatten VP<\/h4>\n\t\n    <p><small>Category: <a href=\"https:\/\/kiube.se\/idea\/?portfolio-category=idea\">1.Idea<\/a><\/small><\/p>\n    <a class=\"btn btn-light\" href=\"https:\/\/kiube.se\/idea\/?portfolio=10-ateranvanda-vatten-vp\">View project<\/a>\n  <\/div>\n<\/div><\/div>\n\t\t\n\t\t\n\t\t\t<div class=\"col-md-4\"><div class=\"portfolio-item\">\n  <a href=\"https:\/\/kiube.se\/idea\/?portfolio=iron-heart\"><img data-recalc-dims=\"1\" decoding=\"async\" src=\"https:\/\/i0.wp.com\/s3.eu-north-1.amazonaws.com\/kiube.se\/wp-content\/uploads\/sites\/48\/2018\/08\/15084242\/ledarskap.png?w=980&#038;ssl=1\" \/><\/a>\n  <div class=\"card-body\"> \n    <h4>1. CPR organisation<\/h4>\n\t<p>V\u00e5ra regler V\u00e5r v\u00e4rdegrund Elinor Ostroms 8 principer UGL | FIRO |<\/p>\n\n    <p><small>Category: <a href=\"https:\/\/kiube.se\/idea\/?portfolio-category=0-ledarskap\">0. Ledarskap<\/a><\/small><\/p>\n    <a class=\"btn btn-light\" href=\"https:\/\/kiube.se\/idea\/?portfolio=iron-heart\">View project<\/a>\n  <\/div>\n<\/div><\/div>\n\t\t\n\t\t\n\t\t\t<div class=\"col-md-4\"><div class=\"portfolio-item\">\n  <a href=\"https:\/\/kiube.se\/idea\/?portfolio=iron-horseshoe\"><img data-recalc-dims=\"1\" decoding=\"async\" src=\"https:\/\/i0.wp.com\/s3.eu-north-1.amazonaws.com\/kiube.se\/wp-content\/uploads\/sites\/48\/2018\/08\/23181645\/Skannad-8.jpeg?w=980&#038;ssl=1\" \/><\/a>\n  <div class=\"card-body\"> \n    <h4>2 Sj\u00e4lvf\u00f6rs\u00f6rjande v\u00e4xtv\u00e4gg<\/h4>\n\t<p>Ett litet v\u00e4xthus i form av v\u00e4gg med tak av solpaneler. Med plats f\u00f6r ett elsk\u00e5l som inneh\u00e5ller batt&#8230;<\/p>\n\n    <p><small>Category: <a href=\"https:\/\/kiube.se\/idea\/?portfolio-category=prepare\">2. Preparation<\/a><\/small><\/p>\n    <a class=\"btn btn-light\" href=\"https:\/\/kiube.se\/idea\/?portfolio=iron-horseshoe\">View project<\/a>\n  <\/div>\n<\/div><\/div>\n\t\t<\/div>\n\t\t\n\t\t\n\t\t<div class=\"row \">\n\t\t\t<div class=\"col-md-4\"><div class=\"portfolio-item\">\n  <a href=\"https:\/\/kiube.se\/idea\/?portfolio=iron-scepter\"><img data-recalc-dims=\"1\" decoding=\"async\" src=\"https:\/\/i0.wp.com\/s3.eu-north-1.amazonaws.com\/kiube.se\/wp-content\/uploads\/sites\/48\/2018\/08\/16162205\/odling.png?w=980&#038;ssl=1\" \/><\/a>\n  <div class=\"card-body\"> \n    <h4>3. Kompostera b\u00e4ttre<\/h4>\n\t<p>Phasellus pharetra tellus nec odio pharetra, ac maximus purus tristique. Quisque eget elementum quam&#8230;<\/p>\n\n    <p><small>Category: <a href=\"https:\/\/kiube.se\/idea\/?portfolio-category=prepare\">2. Preparation<\/a><\/small><\/p>\n    <a class=\"btn btn-light\" href=\"https:\/\/kiube.se\/idea\/?portfolio=iron-scepter\">View project<\/a>\n  <\/div>\n<\/div><\/div>\n\t\t\n\t\t\n\t\t\t<div class=\"col-md-4\"><div class=\"portfolio-item\">\n  <a href=\"https:\/\/kiube.se\/idea\/?portfolio=brass-door-ornament\"><img data-recalc-dims=\"1\" decoding=\"async\" src=\"https:\/\/i0.wp.com\/s3.eu-north-1.amazonaws.com\/kiube.se\/wp-content\/uploads\/sites\/48\/2021\/08\/14151520\/2021-08-14-03.13.49-pm.png?w=980&#038;ssl=1\" \/><\/a>\n  <div class=\"card-body\"> \n    <h4>4. Koldioxid budget<\/h4>\n\t<p>Beskrivning: Kolbudget Budget: Bj\u00f6rkhimlen<\/p>\n\n    <p><small>Category: <a href=\"https:\/\/kiube.se\/idea\/?portfolio-category=idea\">1.Idea<\/a><\/small><\/p>\n    <a class=\"btn btn-light\" href=\"https:\/\/kiube.se\/idea\/?portfolio=brass-door-ornament\">View project<\/a>\n  <\/div>\n<\/div><\/div>\n\t\t\n\t\t\n\t\t\t<div class=\"col-md-4\"><div class=\"portfolio-item\">\n  <a href=\"https:\/\/kiube.se\/idea\/?portfolio=iron-key-and-heart\"><img data-recalc-dims=\"1\" decoding=\"async\" src=\"https:\/\/i0.wp.com\/s3.eu-north-1.amazonaws.com\/kiube.se\/wp-content\/uploads\/sites\/48\/2018\/08\/21145521\/Skarmavbild-2025-04-21-kl.-14.54.06.png?w=980&#038;ssl=1\" \/><\/a>\n  <div class=\"card-body\"> \n    <h4>5 M\u00e4ta energif\u00f6rbrukning<\/h4>\n\t<p>Ett enkelt s\u00e4tt att m\u00e4ta energif\u00f6rbrukning \u00e4r att anv\u00e4nda n\u00e5gra av Shelly&#8217;s produkter som m\u00e4ter ener&#8230;<\/p>\n\n    <p><small>Category: <a href=\"https:\/\/kiube.se\/idea\/?portfolio-category=prepare\">2. Preparation<\/a><\/small><\/p>\n    <a class=\"btn btn-light\" href=\"https:\/\/kiube.se\/idea\/?portfolio=iron-key-and-heart\">View project<\/a>\n  <\/div>\n<\/div><\/div>\n\t\t<\/div>\n\t\t\n\t\t\n\t\t<div class=\"row \">\n\t\t\t<div class=\"col-md-4\"><div class=\"portfolio-item\">\n  <a href=\"https:\/\/kiube.se\/idea\/?portfolio=iron-crown\"><img data-recalc-dims=\"1\" decoding=\"async\" src=\"https:\/\/i0.wp.com\/s3.eu-north-1.amazonaws.com\/kiube.se\/wp-content\/uploads\/sites\/48\/2018\/08\/16162205\/odling.png?w=980&#038;ssl=1\" \/><\/a>\n  <div class=\"card-body\"> \n    <h4>6. Sj\u00e4lvf\u00f6rs\u00f6rjande mat<\/h4>\n\t<p>Vestibulum ut tempus purus. Ut pellentesque nunc feugiat cursus dapibus. Nulla nec accumsan nunc. Do&#8230;<\/p>\n\n    <p><small>Category: <a href=\"https:\/\/kiube.se\/idea\/?portfolio-category=prepare\">2. Preparation<\/a><\/small><\/p>\n    <a class=\"btn btn-light\" href=\"https:\/\/kiube.se\/idea\/?portfolio=iron-crown\">View project<\/a>\n  <\/div>\n<\/div><\/div>\n\t\t\n\t\t\n\t\t\t<div class=\"col-md-4\"><div class=\"portfolio-item\">\n  <a href=\"https:\/\/kiube.se\/idea\/?portfolio=iron-tap\"><img data-recalc-dims=\"1\" decoding=\"async\" src=\"https:\/\/i0.wp.com\/s3.eu-north-1.amazonaws.com\/kiube.se\/wp-content\/uploads\/sites\/48\/2018\/08\/21150015\/Skarmavbild-2025-04-21-kl.-14.59.51.png?w=980&#038;ssl=1\" \/><\/a>\n  <div class=\"card-body\"> \n    <h4>7. Sj\u00e4lvf\u00f6rs\u00f6rjande energi<\/h4>\n\t<p>Producera energi lokalt och spara i batterier. I en egen portal kan man se i realtid hur mycket ener&#8230;<\/p>\n\n    <p><small>Category: <a href=\"https:\/\/kiube.se\/idea\/?portfolio-category=prepare\">2. Preparation<\/a><\/small><\/p>\n    <a class=\"btn btn-light\" href=\"https:\/\/kiube.se\/idea\/?portfolio=iron-tap\">View project<\/a>\n  <\/div>\n<\/div><\/div>\n\t\t\n\t\t\n\t\t\t<div class=\"col-md-4\"><div class=\"portfolio-item\">\n  <a href=\"https:\/\/kiube.se\/idea\/?portfolio=brass-pendant\"><img data-recalc-dims=\"1\" decoding=\"async\" src=\"https:\/\/i0.wp.com\/s3.eu-north-1.amazonaws.com\/kiube.se\/wp-content\/uploads\/sites\/48\/2018\/08\/15084242\/ledarskap.png?w=980&#038;ssl=1\" \/><\/a>\n  <div class=\"card-body\"> \n    <h4>8. Konflikthantering<\/h4>\n\t<p>Pellentesque habitant morbi tristique senectus et netus et malesuada fames ac turpis egestas. Aliqua&#8230;<\/p>\n\n    <p><small>Category: <a href=\"https:\/\/kiube.se\/idea\/?portfolio-category=0-ledarskap\">0. Ledarskap<\/a><\/small><\/p>\n    <a class=\"btn btn-light\" href=\"https:\/\/kiube.se\/idea\/?portfolio=brass-pendant\">View project<\/a>\n  <\/div>\n<\/div><\/div>\n\t\t<\/div>\n\t\t\n\t\t\n\t\t<div class=\"row \">\n\t\t\t<div class=\"col-md-4\"><div class=\"portfolio-item\">\n  <a href=\"https:\/\/kiube.se\/idea\/?portfolio=brass-bell\"><img data-recalc-dims=\"1\" decoding=\"async\" src=\"https:\/\/i0.wp.com\/s3.eu-north-1.amazonaws.com\/kiube.se\/wp-content\/uploads\/sites\/48\/2018\/08\/15084242\/ledarskap.png?w=980&#038;ssl=1\" \/><\/a>\n  <div class=\"card-body\"> \n    <h4>9. Beslutsm\u00e4ssig<\/h4>\n\t<p>Maecenas commodo odio in tellus ornare maximus. Orci varius natoque penatibus et magnis dis parturie&#8230;<\/p>\n\n    <p><small>Category: <a href=\"https:\/\/kiube.se\/idea\/?portfolio-category=0-ledarskap\">0. Ledarskap<\/a><\/small><\/p>\n    <a class=\"btn btn-light\" href=\"https:\/\/kiube.se\/idea\/?portfolio=brass-bell\">View project<\/a>\n  <\/div>\n<\/div><\/div>\n\t\t\n\t\t\t<div class=\"col-md-4\"><\/div>\n\t\t\n\t\t\t<div class=\"col-md-4\"><\/div>\n\t\t<\/div>\n\t\n\t\n<\/div>\n\t\n\t\n<\/div>\n","protected":false},"excerpt":{"rendered":"","protected":false},"author":118,"featured_media":0,"parent":0,"menu_order":0,"comment_status":"closed","ping_status":"closed","template":"template-fullwidth.php","meta":{"_monsterinsights_skip_tracking":false,"_monsterinsights_sitenote_active":false,"_monsterinsights_sitenote_note":"","_monsterinsights_sitenote_category":0,"footnotes":""},"class_list":["post-615","page","type-page","status-publish","hentry"],"yoast_head":"<!-- This site is optimized with the Yoast SEO plugin v27.4 - https:\/\/yoast.com\/product\/yoast-seo-wordpress\/ -->\n<title>Startsida - Experiment Management<\/title>\n<meta name=\"robots\" content=\"index, follow, max-snippet:-1, max-image-preview:large, max-video-preview:-1\" \/>\n<link rel=\"canonical\" href=\"https:\/\/kiube.se\/idea\/\" \/>\n<meta property=\"og:locale\" content=\"sv_SE\" \/>\n<meta property=\"og:type\" content=\"article\" \/>\n<meta property=\"og:title\" content=\"Startsida - Experiment Management\" \/>\n<meta property=\"og:url\" content=\"https:\/\/kiube.se\/idea\/\" \/>\n<meta property=\"og:site_name\" content=\"Experiment Management\" \/>\n<meta property=\"article:modified_time\" content=\"2021-08-14T07:18:58+00:00\" \/>\n<meta name=\"twitter:card\" content=\"summary_large_image\" \/>\n<meta name=\"twitter:label1\" content=\"Ber\u00e4knad l\u00e4stid\" \/>\n\t<meta name=\"twitter:data1\" content=\"1 minut\" \/>\n<script type=\"application\/ld+json\" class=\"yoast-schema-graph\">{\"@context\":\"https:\\\/\\\/schema.org\",\"@graph\":[{\"@type\":\"WebPage\",\"@id\":\"https:\\\/\\\/kiube.se\\\/idea\\\/\",\"url\":\"https:\\\/\\\/kiube.se\\\/idea\\\/\",\"name\":\"Startsida - Experiment Management\",\"isPartOf\":{\"@id\":\"http:\\\/\\\/kiube.se\\\/idea\\\/#website\"},\"datePublished\":\"2021-08-10T15:11:58+00:00\",\"dateModified\":\"2021-08-14T07:18:58+00:00\",\"breadcrumb\":{\"@id\":\"https:\\\/\\\/kiube.se\\\/idea\\\/#breadcrumb\"},\"inLanguage\":\"sv-SE\",\"potentialAction\":[{\"@type\":\"ReadAction\",\"target\":[\"https:\\\/\\\/kiube.se\\\/idea\\\/\"]}]},{\"@type\":\"BreadcrumbList\",\"@id\":\"https:\\\/\\\/kiube.se\\\/idea\\\/#breadcrumb\",\"itemListElement\":[{\"@type\":\"ListItem\",\"position\":1,\"name\":\"Hem\",\"item\":\"https:\\\/\\\/kiube.se\\\/idea\\\/\"},{\"@type\":\"ListItem\",\"position\":2,\"name\":\"Startsida\"}]},{\"@type\":\"WebSite\",\"@id\":\"http:\\\/\\\/kiube.se\\\/idea\\\/#website\",\"url\":\"http:\\\/\\\/kiube.se\\\/idea\\\/\",\"name\":\"Experiment Management\",\"description\":\"f\u00f6r n\u00e4tverket solarXbike\",\"potentialAction\":[{\"@type\":\"SearchAction\",\"target\":{\"@type\":\"EntryPoint\",\"urlTemplate\":\"http:\\\/\\\/kiube.se\\\/idea\\\/?s={search_term_string}\"},\"query-input\":{\"@type\":\"PropertyValueSpecification\",\"valueRequired\":true,\"valueName\":\"search_term_string\"}}],\"inLanguage\":\"sv-SE\"}]}<\/script>\n<!-- \/ Yoast SEO plugin. -->","yoast_head_json":{"title":"Startsida - Experiment Management","robots":{"index":"index","follow":"follow","max-snippet":"max-snippet:-1","max-image-preview":"max-image-preview:large","max-video-preview":"max-video-preview:-1"},"canonical":"https:\/\/kiube.se\/idea\/","og_locale":"sv_SE","og_type":"article","og_title":"Startsida - Experiment Management","og_url":"https:\/\/kiube.se\/idea\/","og_site_name":"Experiment Management","article_modified_time":"2021-08-14T07:18:58+00:00","twitter_card":"summary_large_image","twitter_misc":{"Ber\u00e4knad l\u00e4stid":"1 minut"},"schema":{"@context":"https:\/\/schema.org","@graph":[{"@type":"WebPage","@id":"https:\/\/kiube.se\/idea\/","url":"https:\/\/kiube.se\/idea\/","name":"Startsida - Experiment Management","isPartOf":{"@id":"http:\/\/kiube.se\/idea\/#website"},"datePublished":"2021-08-10T15:11:58+00:00","dateModified":"2021-08-14T07:18:58+00:00","breadcrumb":{"@id":"https:\/\/kiube.se\/idea\/#breadcrumb"},"inLanguage":"sv-SE","potentialAction":[{"@type":"ReadAction","target":["https:\/\/kiube.se\/idea\/"]}]},{"@type":"BreadcrumbList","@id":"https:\/\/kiube.se\/idea\/#breadcrumb","itemListElement":[{"@type":"ListItem","position":1,"name":"Hem","item":"https:\/\/kiube.se\/idea\/"},{"@type":"ListItem","position":2,"name":"Startsida"}]},{"@type":"WebSite","@id":"http:\/\/kiube.se\/idea\/#website","url":"http:\/\/kiube.se\/idea\/","name":"Experiment Management","description":"f\u00f6r n\u00e4tverket solarXbike","potentialAction":[{"@type":"SearchAction","target":{"@type":"EntryPoint","urlTemplate":"http:\/\/kiube.se\/idea\/?s={search_term_string}"},"query-input":{"@type":"PropertyValueSpecification","valueRequired":true,"valueName":"search_term_string"}}],"inLanguage":"sv-SE"}]}},"jetpack_sharing_enabled":true,"_links":{"self":[{"href":"https:\/\/kiube.se\/idea\/index.php?rest_route=\/wp\/v2\/pages\/615","targetHints":{"allow":["GET"]}}],"collection":[{"href":"https:\/\/kiube.se\/idea\/index.php?rest_route=\/wp\/v2\/pages"}],"about":[{"href":"https:\/\/kiube.se\/idea\/index.php?rest_route=\/wp\/v2\/types\/page"}],"author":[{"embeddable":true,"href":"https:\/\/kiube.se\/idea\/index.php?rest_route=\/wp\/v2\/users\/118"}],"replies":[{"embeddable":true,"href":"https:\/\/kiube.se\/idea\/index.php?rest_route=%2Fwp%2Fv2%2Fcomments&post=615"}],"version-history":[{"count":0,"href":"https:\/\/kiube.se\/idea\/index.php?rest_route=\/wp\/v2\/pages\/615\/revisions"}],"wp:attachment":[{"href":"https:\/\/kiube.se\/idea\/index.php?rest_route=%2Fwp%2Fv2%2Fmedia&parent=615"}],"curies":[{"name":"wp","href":"https:\/\/api.w.org\/{rel}","templated":true}]}}