{"id":306,"date":"2014-07-12T21:46:48","date_gmt":"2014-07-12T19:46:48","guid":{"rendered":"http:\/\/kiube.se\/idea\/?page_id=306"},"modified":"2014-08-02T14:25:17","modified_gmt":"2014-08-02T12:25:17","slug":"utvardering-3d-cad","status":"publish","type":"page","link":"https:\/\/kiube.se\/idea\/?page_id=306","title":{"rendered":"Utv\u00e4rdering 3D cad"},"content":{"rendered":"<p><iframe loading=\"lazy\" src=\"https:\/\/docs.google.com\/spreadsheets\/d\/1S_0bDUXHXm9qmsMqzfcFUBzUUBMTrKFDqmPv39HHvRw\/pubhtml?widget=true&amp;headers=false\" width=\"912\" height=\"361\"><\/iframe><\/p>\n<p>F\u00f6rklaringar och beskrivning av utv\u00e4rdering. Vilka parametrar \u00e4r viktiga och hur ska man l\u00e4sa tabellen ovan.<\/p>\n<p>&nbsp;<\/p>\n<p>Parametrisk<\/p>\n<p>&nbsp;<\/p>\n<p>Solidmodeller<\/p>\n<p>&nbsp;<\/p>\n<p>&nbsp;<\/p>\n<p>&nbsp;<\/p>\n","protected":false},"excerpt":{"rendered":"<p>F\u00f6rklaringar och beskrivning av utv\u00e4rdering. Vilka parametrar \u00e4r viktiga och hur ska man l\u00e4sa tabellen ovan. &nbsp; Parametrisk &nbsp; Solidmodeller &nbsp; &nbsp; &nbsp;<\/p>\n","protected":false},"author":1,"featured_media":0,"parent":0,"menu_order":0,"comment_status":"closed","ping_status":"open","template":"template-no-sidebar.php","meta":{"_monsterinsights_skip_tracking":false,"_monsterinsights_sitenote_active":false,"_monsterinsights_sitenote_note":"","_monsterinsights_sitenote_category":0,"footnotes":""},"class_list":["post-306","page","type-page","status-publish","hentry"],"yoast_head":"<!-- This site is optimized with the Yoast SEO plugin v27.5 - https:\/\/yoast.com\/product\/yoast-seo-wordpress\/ -->\n<title>Utv\u00e4rdering 3D cad - Experiment Management<\/title>\n<meta name=\"robots\" content=\"index, follow, max-snippet:-1, max-image-preview:large, max-video-preview:-1\" \/>\n<link rel=\"canonical\" href=\"https:\/\/kiube.se\/idea\/?page_id=306\" \/>\n<meta property=\"og:locale\" content=\"sv_SE\" \/>\n<meta property=\"og:type\" content=\"article\" \/>\n<meta property=\"og:title\" content=\"Utv\u00e4rdering 3D cad - Experiment Management\" \/>\n<meta property=\"og:description\" content=\"F\u00f6rklaringar och beskrivning av utv\u00e4rdering. Vilka parametrar \u00e4r viktiga och hur ska man l\u00e4sa tabellen ovan. &nbsp; Parametrisk &nbsp; Solidmodeller &nbsp; &nbsp; &nbsp;\" \/>\n<meta property=\"og:url\" content=\"https:\/\/kiube.se\/idea\/?page_id=306\" \/>\n<meta property=\"og:site_name\" content=\"Experiment Management\" \/>\n<meta property=\"article:modified_time\" content=\"2014-08-02T12:25:17+00:00\" \/>\n<meta name=\"twitter:card\" content=\"summary_large_image\" \/>\n<script type=\"application\/ld+json\" class=\"yoast-schema-graph\">{\"@context\":\"https:\\\/\\\/schema.org\",\"@graph\":[{\"@type\":\"WebPage\",\"@id\":\"https:\\\/\\\/kiube.se\\\/idea\\\/?page_id=306\",\"url\":\"https:\\\/\\\/kiube.se\\\/idea\\\/?page_id=306\",\"name\":\"Utv\u00e4rdering 3D cad - Experiment Management\",\"isPartOf\":{\"@id\":\"https:\\\/\\\/kiube.se\\\/idea\\\/#website\"},\"datePublished\":\"2014-07-12T19:46:48+00:00\",\"dateModified\":\"2014-08-02T12:25:17+00:00\",\"breadcrumb\":{\"@id\":\"https:\\\/\\\/kiube.se\\\/idea\\\/?page_id=306#breadcrumb\"},\"inLanguage\":\"sv-SE\",\"potentialAction\":[{\"@type\":\"ReadAction\",\"target\":[\"https:\\\/\\\/kiube.se\\\/idea\\\/?page_id=306\"]}]},{\"@type\":\"BreadcrumbList\",\"@id\":\"https:\\\/\\\/kiube.se\\\/idea\\\/?page_id=306#breadcrumb\",\"itemListElement\":[{\"@type\":\"ListItem\",\"position\":1,\"name\":\"Hem\",\"item\":\"https:\\\/\\\/kiube.se\\\/idea\\\/\"},{\"@type\":\"ListItem\",\"position\":2,\"name\":\"Utv\u00e4rdering 3D cad\"}]},{\"@type\":\"WebSite\",\"@id\":\"https:\\\/\\\/kiube.se\\\/idea\\\/#website\",\"url\":\"https:\\\/\\\/kiube.se\\\/idea\\\/\",\"name\":\"Experiment Management\",\"description\":\"f\u00f6r n\u00e4tverket solarXbike\",\"potentialAction\":[{\"@type\":\"SearchAction\",\"target\":{\"@type\":\"EntryPoint\",\"urlTemplate\":\"https:\\\/\\\/kiube.se\\\/idea\\\/?s={search_term_string}\"},\"query-input\":{\"@type\":\"PropertyValueSpecification\",\"valueRequired\":true,\"valueName\":\"search_term_string\"}}],\"inLanguage\":\"sv-SE\"}]}<\/script>\n<!-- \/ Yoast SEO plugin. -->","yoast_head_json":{"title":"Utv\u00e4rdering 3D cad - Experiment Management","robots":{"index":"index","follow":"follow","max-snippet":"max-snippet:-1","max-image-preview":"max-image-preview:large","max-video-preview":"max-video-preview:-1"},"canonical":"https:\/\/kiube.se\/idea\/?page_id=306","og_locale":"sv_SE","og_type":"article","og_title":"Utv\u00e4rdering 3D cad - Experiment Management","og_description":"F\u00f6rklaringar och beskrivning av utv\u00e4rdering. Vilka parametrar \u00e4r viktiga och hur ska man l\u00e4sa tabellen ovan. &nbsp; Parametrisk &nbsp; Solidmodeller &nbsp; &nbsp; &nbsp;","og_url":"https:\/\/kiube.se\/idea\/?page_id=306","og_site_name":"Experiment Management","article_modified_time":"2014-08-02T12:25:17+00:00","twitter_card":"summary_large_image","schema":{"@context":"https:\/\/schema.org","@graph":[{"@type":"WebPage","@id":"https:\/\/kiube.se\/idea\/?page_id=306","url":"https:\/\/kiube.se\/idea\/?page_id=306","name":"Utv\u00e4rdering 3D cad - Experiment Management","isPartOf":{"@id":"https:\/\/kiube.se\/idea\/#website"},"datePublished":"2014-07-12T19:46:48+00:00","dateModified":"2014-08-02T12:25:17+00:00","breadcrumb":{"@id":"https:\/\/kiube.se\/idea\/?page_id=306#breadcrumb"},"inLanguage":"sv-SE","potentialAction":[{"@type":"ReadAction","target":["https:\/\/kiube.se\/idea\/?page_id=306"]}]},{"@type":"BreadcrumbList","@id":"https:\/\/kiube.se\/idea\/?page_id=306#breadcrumb","itemListElement":[{"@type":"ListItem","position":1,"name":"Hem","item":"https:\/\/kiube.se\/idea\/"},{"@type":"ListItem","position":2,"name":"Utv\u00e4rdering 3D cad"}]},{"@type":"WebSite","@id":"https:\/\/kiube.se\/idea\/#website","url":"https:\/\/kiube.se\/idea\/","name":"Experiment Management","description":"f\u00f6r n\u00e4tverket solarXbike","potentialAction":[{"@type":"SearchAction","target":{"@type":"EntryPoint","urlTemplate":"https:\/\/kiube.se\/idea\/?s={search_term_string}"},"query-input":{"@type":"PropertyValueSpecification","valueRequired":true,"valueName":"search_term_string"}}],"inLanguage":"sv-SE"}]}},"jetpack_sharing_enabled":true,"_links":{"self":[{"href":"https:\/\/kiube.se\/idea\/index.php?rest_route=\/wp\/v2\/pages\/306","targetHints":{"allow":["GET"]}}],"collection":[{"href":"https:\/\/kiube.se\/idea\/index.php?rest_route=\/wp\/v2\/pages"}],"about":[{"href":"https:\/\/kiube.se\/idea\/index.php?rest_route=\/wp\/v2\/types\/page"}],"author":[{"embeddable":true,"href":"https:\/\/kiube.se\/idea\/index.php?rest_route=\/wp\/v2\/users\/1"}],"replies":[{"embeddable":true,"href":"https:\/\/kiube.se\/idea\/index.php?rest_route=%2Fwp%2Fv2%2Fcomments&post=306"}],"version-history":[{"count":0,"href":"https:\/\/kiube.se\/idea\/index.php?rest_route=\/wp\/v2\/pages\/306\/revisions"}],"wp:attachment":[{"href":"https:\/\/kiube.se\/idea\/index.php?rest_route=%2Fwp%2Fv2%2Fmedia&parent=306"}],"curies":[{"name":"wp","href":"https:\/\/api.w.org\/{rel}","templated":true}]}}