{"id":193,"date":"2010-06-28T09:37:25","date_gmt":"2010-06-28T07:37:25","guid":{"rendered":"http:\/\/datafirman.se\/idea\/?page_id=2"},"modified":"2010-06-28T09:37:25","modified_gmt":"2010-06-28T07:37:25","slug":"about","status":"publish","type":"page","link":"https:\/\/kiube.se\/idea\/?page_id=193","title":{"rendered":"Om"},"content":{"rendered":"<p>Denna webbplats \u00e4r ett exempel fr\u00e5n Jidoka Innovation AB hur man kan f\u00f6rb\u00e4ttra och f\u00f6renkla kommunikationen i arbetet med nya id\u00e9er.<\/p>\n<h2>Visual Management<\/h2>\n<p>I &#8220;Idea management &#8221; s\u00e5 skapar man en process som \u00e4r anpassad till den egna verksamheten.<\/p>\n<p>Vill du veta mer kontakta mig lars.lindmark@jidoka.se eller tel. 0735-31 91 71<\/p>\n","protected":false},"excerpt":{"rendered":"<p>Denna webbplats \u00e4r ett exempel fr\u00e5n Jidoka Innovation AB hur man kan f\u00f6rb\u00e4ttra och f\u00f6renkla kommunikationen i arbetet med nya id\u00e9er. Visual Management I &#8220;Idea management &#8221; s\u00e5 skapar man en process som \u00e4r anpassad till den egna verksamheten. Vill du veta mer kontakta mig lars.lindmark@jidoka.se eller tel. 0735-31 91 71<\/p>\n","protected":false},"author":1,"featured_media":0,"parent":0,"menu_order":0,"comment_status":"open","ping_status":"open","template":"","meta":{"_monsterinsights_skip_tracking":false,"_monsterinsights_sitenote_active":false,"_monsterinsights_sitenote_note":"","_monsterinsights_sitenote_category":0,"footnotes":""},"class_list":["post-193","page","type-page","status-publish","hentry"],"yoast_head":"<!-- This site is optimized with the Yoast SEO plugin v27.5 - https:\/\/yoast.com\/product\/yoast-seo-wordpress\/ -->\n<title>Om - Experiment Management<\/title>\n<meta name=\"robots\" content=\"index, follow, max-snippet:-1, max-image-preview:large, max-video-preview:-1\" \/>\n<link rel=\"canonical\" href=\"https:\/\/kiube.se\/idea\/?page_id=193\" \/>\n<meta property=\"og:locale\" content=\"sv_SE\" \/>\n<meta property=\"og:type\" content=\"article\" \/>\n<meta property=\"og:title\" content=\"Om - Experiment Management\" \/>\n<meta property=\"og:description\" content=\"Denna webbplats \u00e4r ett exempel fr\u00e5n Jidoka Innovation AB hur man kan f\u00f6rb\u00e4ttra och f\u00f6renkla kommunikationen i arbetet med nya id\u00e9er. Visual Management I &#8220;Idea management &#8221; s\u00e5 skapar man en process som \u00e4r anpassad till den egna verksamheten. Vill du veta mer kontakta mig lars.lindmark@jidoka.se eller tel. 0735-31 91 71\" \/>\n<meta property=\"og:url\" content=\"https:\/\/kiube.se\/idea\/?page_id=193\" \/>\n<meta property=\"og:site_name\" content=\"Experiment Management\" \/>\n<meta name=\"twitter:card\" content=\"summary_large_image\" \/>\n<script type=\"application\/ld+json\" class=\"yoast-schema-graph\">{\"@context\":\"https:\\\/\\\/schema.org\",\"@graph\":[{\"@type\":\"WebPage\",\"@id\":\"https:\\\/\\\/kiube.se\\\/idea\\\/?page_id=193\",\"url\":\"https:\\\/\\\/kiube.se\\\/idea\\\/?page_id=193\",\"name\":\"Om - Experiment Management\",\"isPartOf\":{\"@id\":\"https:\\\/\\\/kiube.se\\\/idea\\\/#website\"},\"datePublished\":\"2010-06-28T07:37:25+00:00\",\"breadcrumb\":{\"@id\":\"https:\\\/\\\/kiube.se\\\/idea\\\/?page_id=193#breadcrumb\"},\"inLanguage\":\"sv-SE\",\"potentialAction\":[{\"@type\":\"ReadAction\",\"target\":[\"https:\\\/\\\/kiube.se\\\/idea\\\/?page_id=193\"]}]},{\"@type\":\"BreadcrumbList\",\"@id\":\"https:\\\/\\\/kiube.se\\\/idea\\\/?page_id=193#breadcrumb\",\"itemListElement\":[{\"@type\":\"ListItem\",\"position\":1,\"name\":\"Hem\",\"item\":\"https:\\\/\\\/kiube.se\\\/idea\\\/\"},{\"@type\":\"ListItem\",\"position\":2,\"name\":\"Om\"}]},{\"@type\":\"WebSite\",\"@id\":\"https:\\\/\\\/kiube.se\\\/idea\\\/#website\",\"url\":\"https:\\\/\\\/kiube.se\\\/idea\\\/\",\"name\":\"Experiment Management\",\"description\":\"f\u00f6r n\u00e4tverket solarXbike\",\"potentialAction\":[{\"@type\":\"SearchAction\",\"target\":{\"@type\":\"EntryPoint\",\"urlTemplate\":\"https:\\\/\\\/kiube.se\\\/idea\\\/?s={search_term_string}\"},\"query-input\":{\"@type\":\"PropertyValueSpecification\",\"valueRequired\":true,\"valueName\":\"search_term_string\"}}],\"inLanguage\":\"sv-SE\"}]}<\/script>\n<!-- \/ Yoast SEO plugin. -->","yoast_head_json":{"title":"Om - Experiment Management","robots":{"index":"index","follow":"follow","max-snippet":"max-snippet:-1","max-image-preview":"max-image-preview:large","max-video-preview":"max-video-preview:-1"},"canonical":"https:\/\/kiube.se\/idea\/?page_id=193","og_locale":"sv_SE","og_type":"article","og_title":"Om - Experiment Management","og_description":"Denna webbplats \u00e4r ett exempel fr\u00e5n Jidoka Innovation AB hur man kan f\u00f6rb\u00e4ttra och f\u00f6renkla kommunikationen i arbetet med nya id\u00e9er. Visual Management I &#8220;Idea management &#8221; s\u00e5 skapar man en process som \u00e4r anpassad till den egna verksamheten. Vill du veta mer kontakta mig lars.lindmark@jidoka.se eller tel. 0735-31 91 71","og_url":"https:\/\/kiube.se\/idea\/?page_id=193","og_site_name":"Experiment Management","twitter_card":"summary_large_image","schema":{"@context":"https:\/\/schema.org","@graph":[{"@type":"WebPage","@id":"https:\/\/kiube.se\/idea\/?page_id=193","url":"https:\/\/kiube.se\/idea\/?page_id=193","name":"Om - Experiment Management","isPartOf":{"@id":"https:\/\/kiube.se\/idea\/#website"},"datePublished":"2010-06-28T07:37:25+00:00","breadcrumb":{"@id":"https:\/\/kiube.se\/idea\/?page_id=193#breadcrumb"},"inLanguage":"sv-SE","potentialAction":[{"@type":"ReadAction","target":["https:\/\/kiube.se\/idea\/?page_id=193"]}]},{"@type":"BreadcrumbList","@id":"https:\/\/kiube.se\/idea\/?page_id=193#breadcrumb","itemListElement":[{"@type":"ListItem","position":1,"name":"Hem","item":"https:\/\/kiube.se\/idea\/"},{"@type":"ListItem","position":2,"name":"Om"}]},{"@type":"WebSite","@id":"https:\/\/kiube.se\/idea\/#website","url":"https:\/\/kiube.se\/idea\/","name":"Experiment Management","description":"f\u00f6r n\u00e4tverket solarXbike","potentialAction":[{"@type":"SearchAction","target":{"@type":"EntryPoint","urlTemplate":"https:\/\/kiube.se\/idea\/?s={search_term_string}"},"query-input":{"@type":"PropertyValueSpecification","valueRequired":true,"valueName":"search_term_string"}}],"inLanguage":"sv-SE"}]}},"jetpack_sharing_enabled":true,"_links":{"self":[{"href":"https:\/\/kiube.se\/idea\/index.php?rest_route=\/wp\/v2\/pages\/193","targetHints":{"allow":["GET"]}}],"collection":[{"href":"https:\/\/kiube.se\/idea\/index.php?rest_route=\/wp\/v2\/pages"}],"about":[{"href":"https:\/\/kiube.se\/idea\/index.php?rest_route=\/wp\/v2\/types\/page"}],"author":[{"embeddable":true,"href":"https:\/\/kiube.se\/idea\/index.php?rest_route=\/wp\/v2\/users\/1"}],"replies":[{"embeddable":true,"href":"https:\/\/kiube.se\/idea\/index.php?rest_route=%2Fwp%2Fv2%2Fcomments&post=193"}],"version-history":[{"count":0,"href":"https:\/\/kiube.se\/idea\/index.php?rest_route=\/wp\/v2\/pages\/193\/revisions"}],"wp:attachment":[{"href":"https:\/\/kiube.se\/idea\/index.php?rest_route=%2Fwp%2Fv2%2Fmedia&parent=193"}],"curies":[{"name":"wp","href":"https:\/\/api.w.org\/{rel}","templated":true}]}}