{"id":7,"date":"2019-01-15T18:15:17","date_gmt":"2019-01-15T17:15:17","guid":{"rendered":"http:\/\/kiube.se\/i027\/?page_id=7"},"modified":"2020-02-19T10:30:27","modified_gmt":"2020-02-19T09:30:27","slug":"design-filosofi","status":"publish","type":"page","link":"https:\/\/kiube.se\/i027\/design-filosofi\/","title":{"rendered":"Design Filosofi"},"content":{"rendered":"<h2><a href=\"https:\/\/s3.eu-north-1.amazonaws.com\/kiube.se\/wp-content\/uploads\/sites\/104\/2019\/01\/26181656\/screen-capture-222.png\"><img loading=\"lazy\" decoding=\"async\" data-attachment-id=\"321\" data-permalink=\"https:\/\/kiube.se\/i027\/design-filosofi\/screen-capture-224\/\" data-orig-file=\"https:\/\/s3.eu-north-1.amazonaws.com\/kiube.se\/wp-content\/uploads\/sites\/104\/2019\/01\/26181655\/screen-capture-224.png\" data-orig-size=\"768,577\" data-comments-opened=\"0\" data-image-meta=\"{&quot;aperture&quot;:&quot;0&quot;,&quot;credit&quot;:&quot;&quot;,&quot;camera&quot;:&quot;&quot;,&quot;caption&quot;:&quot;&quot;,&quot;created_timestamp&quot;:&quot;0&quot;,&quot;copyright&quot;:&quot;&quot;,&quot;focal_length&quot;:&quot;0&quot;,&quot;iso&quot;:&quot;0&quot;,&quot;shutter_speed&quot;:&quot;0&quot;,&quot;title&quot;:&quot;&quot;,&quot;orientation&quot;:&quot;0&quot;}\" data-image-title=\"screen-capture-224\" data-image-description=\"\" data-image-caption=\"\" data-large-file=\"https:\/\/s3.eu-north-1.amazonaws.com\/kiube.se\/wp-content\/uploads\/sites\/104\/2019\/01\/26181655\/screen-capture-224.png\" class=\"alignright wp-image-321 \" src=\"https:\/\/s3.eu-north-1.amazonaws.com\/kiube.se\/wp-content\/uploads\/sites\/104\/2019\/01\/26181655\/screen-capture-224-300x225.png\" alt=\"\" width=\"284\" height=\"213\" srcset=\"https:\/\/s3.eu-north-1.amazonaws.com\/kiube.se\/wp-content\/uploads\/sites\/104\/2019\/01\/26181655\/screen-capture-224-300x225.png 300w, https:\/\/s3.eu-north-1.amazonaws.com\/kiube.se\/wp-content\/uploads\/sites\/104\/2019\/01\/26181655\/screen-capture-224.png 768w\" sizes=\"auto, (max-width: 284px) 100vw, 284px\" \/><\/a>En klimatcykel<\/h2>\n<p><i>En klimatcykel\u00a0designad f\u00f6r att skapa arbetstillf\u00e4llen lokalt och tillgodose brukarens \u00f6nskem\u00e5l i f\u00f6rsta hand. Anv\u00e4nda en logik anpassad f\u00f6r cirkul\u00e4r ekonomi f\u00f6r att kunna bygga en h\u00e5llbar aff\u00e4rsmodell kring ett f\u00f6rnyelsebart energisystem baserat p\u00e5 f\u00f6rnyelsebara\u00a0energik\u00e4llor som solenergi.\u00a0<\/i><em>F\u00f6r att veta vad som fungerar och vad som ute fungerar, har vi valt att ta fram en referensmodell f\u00f6r Klimatcykel. Alla delar kommer unders\u00f6kas och kan j\u00e4mf\u00f6ras med andra liknande produkter avseende livsl\u00e4ngd och kvalitet<\/em><\/p>\n<h2>H\u00e5llbar design &#8211; Kvalitet<\/h2>\n<ul>\n<li>\n<h3>Underh\u00e5llsbar<\/h3>\n<p>&#8211; <a href=\"https:\/\/circulatenews.org\/2017\/12\/circular-electronic-product-must-three-features\/?fbclid=IwAR003QyJy1x3a3CxwXk_aumNkAwHqY7ZPMSlAok_2yoZHMTs0AemX5Q3R_Y\">Design for Maintenance and repair<\/a><br \/>\n&#8211; <a href=\"https:\/\/kiube.se\/i027\/design-filosofi\/asset-management\/\">Asset management ISO 55 000<\/a><br \/>\n&#8211; <a href=\"https:\/\/circulatenews.org\/2018\/03\/machines-predict-future\/\">Predictable &#8211; f\u00f6ruts\u00e4gbar<\/a><\/li>\n<li>\n<h3>Uthyrningsbar<\/h3>\n<p>&#8211; <a href=\"https:\/\/cities.donkey.bike\">Donkey Republic:\u00a0principles for a sustainable bike share<\/a><br \/>\n&#8211; <a href=\"https:\/\/pironex-portal.de\">Pironex bike sharing<\/a><\/li>\n<li>\n<h3>Utbildningsbar<\/h3>\n<p>&#8211; Utbildnings material ( anpassat f\u00f6r digitalt l\u00e4rande och MOOC)<br \/>\n&#8211; Dokumentation (manualer),\u00a0Reservdelskatalog och e-handel online<\/li>\n<li>\n<h3>Laddningsbar med f\u00f6rnyelsebar energi<\/h3>\n<p>&#8211; Baserad p\u00e5 \u00f6ppen laddningsstandard <a href=\"https:\/\/solarxbike.se\/?p=244\">solarXbike<\/a><\/li>\n<\/ul>\n<p>K\u00e4llor<\/p>\n<div class=\"page\" title=\"Page 4\">\n<div class=\"section\">\n<div class=\"layoutArea\">\n<div class=\"column\">\n<ul>\n<li>Ellen MacArthur Foundation : <a href=\"https:\/\/www.ellenmacarthurfoundation.org\/assets\/downloads\/ce100\/Empowering-Repair-Final-Public1.pdf\">Repair is needed to extend product life spans<\/a><\/li>\n<li><\/li>\n<\/ul>\n<\/div>\n<\/div>\n<\/div>\n<\/div>\n","protected":false},"excerpt":{"rendered":"<p>En klimatcykel En klimatcykel\u00a0designad f\u00f6r att skapa arbetstillf\u00e4llen lokalt och tillgodose brukarens \u00f6nskem\u00e5l i f\u00f6rsta hand. Anv\u00e4nda en logik anpassad f\u00f6r cirkul\u00e4r ekonomi f\u00f6r att kunna bygga en h\u00e5llbar aff\u00e4rsmodell kring ett f\u00f6rnyelsebart energisystem baserat p\u00e5 f\u00f6rnyelsebara\u00a0energik\u00e4llor som solenergi.\u00a0F\u00f6r att veta vad som fungerar och vad som ute fungerar, har vi valt att ta fram [&hellip;]<\/p>\n","protected":false},"author":131,"featured_media":321,"parent":0,"menu_order":0,"comment_status":"closed","ping_status":"closed","template":"","meta":{"footnotes":""},"class_list":["post-7","page","type-page","status-publish","has-post-thumbnail","hentry"],"jetpack_shortlink":"https:\/\/wp.me\/PaCwtp-7","_links":{"self":[{"href":"https:\/\/kiube.se\/i027\/wp-json\/wp\/v2\/pages\/7","targetHints":{"allow":["GET"]}}],"collection":[{"href":"https:\/\/kiube.se\/i027\/wp-json\/wp\/v2\/pages"}],"about":[{"href":"https:\/\/kiube.se\/i027\/wp-json\/wp\/v2\/types\/page"}],"author":[{"embeddable":true,"href":"https:\/\/kiube.se\/i027\/wp-json\/wp\/v2\/users\/131"}],"replies":[{"embeddable":true,"href":"https:\/\/kiube.se\/i027\/wp-json\/wp\/v2\/comments?post=7"}],"version-history":[{"count":0,"href":"https:\/\/kiube.se\/i027\/wp-json\/wp\/v2\/pages\/7\/revisions"}],"wp:featuredmedia":[{"embeddable":true,"href":"https:\/\/kiube.se\/i027\/wp-json\/wp\/v2\/media\/321"}],"wp:attachment":[{"href":"https:\/\/kiube.se\/i027\/wp-json\/wp\/v2\/media?parent=7"}],"curies":[{"name":"wp","href":"https:\/\/api.w.org\/{rel}","templated":true}]}}