{"id":339,"date":"2019-02-01T08:45:51","date_gmt":"2019-02-01T07:45:51","guid":{"rendered":"https:\/\/kiube.se\/i027\/?page_id=339"},"modified":"2019-02-01T08:45:51","modified_gmt":"2019-02-01T07:45:51","slug":"asset-management","status":"publish","type":"page","link":"https:\/\/kiube.se\/i027\/design-filosofi\/asset-management\/","title":{"rendered":"Asset management"},"content":{"rendered":"<div class=\"span9\">\n<div class=\"main_one\">\n<div id=\"widgets-reloaded-bizz-loop-3\" class=\"widget loop\">\n<div id=\"content_area_\" class=\"content_area clearfix\">\n<article id=\"post-9570\" class=\"post_box top post-9570 post type-post status-publish format-standard has-post-thumbnail hentry category-sustainability tag-maintain tag-sustain tag-underhall\">\n<section class=\"format_text\">\n<blockquote>\n<h5>\u201cIt\u2019s a big problem. You see thousands of bikes parked everywhere around the city and many are not working because nobody takes care of them \u2013 the city\u2019s beauty has been destroyed.\u201d<\/h5>\n<p><a href=\"https:\/\/www.theguardian.com\/cities\/2017\/mar\/22\/bike-wars-dockless-china-millions-bicycles-hangzhou\">\u2013 the Guardian<\/a><\/p><\/blockquote>\n<h5><\/h5>\n<h5>Maintenance and asset management<\/h5>\n<p>Maintenance of public transport assets has always been a significant cost driver, the \u201cinvisible\u201d guarantee for reliability and quality of service. Assets deteriorate over time and if you do not maintain, you will deteriorate your service, loose quality, loose customers and in the end lose your assets. From the principles of asset management and maintenance to a detailed understanding of the maintenance of various assets, and from lifecycle costs and planning to obsolescence management, this training programme will provide you with a comprehensive overview of the topic through a unique methodological approach illustrated by international best practice and on-the-ground operational experience.<\/p>\n<p>K\u00e4lla: <a href=\"http:\/\/www.uitp.org\/events\/maintenance-and-asset-management\">UITP.ORG<\/a><\/p>\n<p><a href=\"http:\/\/kiube.se\/p007\/files\/2017\/03\/Maintenance-and-Asset-Management-UITP-1.pdf\">Maintenance and Asset Management | UITP<\/a><\/p>\n<p>&nbsp;<\/p>\n<p><a href=\"https:\/\/www.ellenmacarthurfoundation.org\/circular-economy\/interactive-diagram\">Circular Economy Ellen MacArhur Foundation<\/a><\/p>\n<ul>\n<li>Stock och asset management \u00e4r en f\u00f6ruts\u00e4ttning f\u00f6r h\u00f6g quality of service<\/li>\n<\/ul>\n<h1 class=\"title style-scope ytd-video-primary-info-renderer\"><\/h1>\n<p>&nbsp;<\/p>\n<p>ABB \u2013 Reliability-Centered Maintenance<\/p>\n<p><iframe loading=\"lazy\" src=\"https:\/\/www.youtube.com\/embed\/XuzPttYmGgc\" width=\"560\" height=\"315\" frameborder=\"0\" allowfullscreen=\"allowfullscreen\" data-mce-fragment=\"1\"><\/iframe><\/p>\n<p>This is an overview of Reliability-Centered Maintenance (RCM). RCM is a maintenance strategy that establishes criticality levels for plant equipment, documents failure modes and effects for this equipment, then applies the best maintenance techniques to equipment, drawing from a variety of approaches. The presentation discusses the basics of implementing RCM, and how ABB services such as ServicePro and ServicePort can help.<\/p>\n<div class=\"fix\"><\/div>\n<\/section>\n<\/article>\n<\/div>\n<\/div>\n<\/div>\n<div class=\"row\">\n<div class=\"span3\">\n<div class=\"main_one_one\"><\/div>\n<\/div>\n<div class=\"span3\">\n<div class=\"main_one_two\"><\/div>\n<\/div>\n<div class=\"span3\">\n<div class=\"main_one_three\"><\/div>\n<\/div>\n<\/div>\n<\/div>\n<div class=\"span3\">\n<div class=\"main_two\">\n<div id=\"custom_html-3\" class=\"widget_text widget widget_custom_html\"><\/div>\n<\/div>\n<\/div>\n","protected":false},"excerpt":{"rendered":"<p>\u201cIt\u2019s a big problem. You see thousands of bikes parked everywhere around the city and many are not working because nobody takes care of them \u2013 the city\u2019s beauty has been destroyed.\u201d \u2013 the Guardian Maintenance and asset management Maintenance of public transport assets has always been a significant cost driver, the \u201cinvisible\u201d guarantee for [&hellip;]<\/p>\n","protected":false},"author":131,"featured_media":0,"parent":7,"menu_order":0,"comment_status":"closed","ping_status":"closed","template":"","meta":{"footnotes":""},"class_list":["post-339","page","type-page","status-publish","hentry"],"jetpack_shortlink":"https:\/\/wp.me\/PaCwtp-5t","_links":{"self":[{"href":"https:\/\/kiube.se\/i027\/wp-json\/wp\/v2\/pages\/339","targetHints":{"allow":["GET"]}}],"collection":[{"href":"https:\/\/kiube.se\/i027\/wp-json\/wp\/v2\/pages"}],"about":[{"href":"https:\/\/kiube.se\/i027\/wp-json\/wp\/v2\/types\/page"}],"author":[{"embeddable":true,"href":"https:\/\/kiube.se\/i027\/wp-json\/wp\/v2\/users\/131"}],"replies":[{"embeddable":true,"href":"https:\/\/kiube.se\/i027\/wp-json\/wp\/v2\/comments?post=339"}],"version-history":[{"count":0,"href":"https:\/\/kiube.se\/i027\/wp-json\/wp\/v2\/pages\/339\/revisions"}],"up":[{"embeddable":true,"href":"https:\/\/kiube.se\/i027\/wp-json\/wp\/v2\/pages\/7"}],"wp:attachment":[{"href":"https:\/\/kiube.se\/i027\/wp-json\/wp\/v2\/media?parent=339"}],"curies":[{"name":"wp","href":"https:\/\/api.w.org\/{rel}","templated":true}]}}