{"id":654,"date":"2019-06-20T09:57:21","date_gmt":"2019-06-20T07:57:21","guid":{"rendered":"https:\/\/kiube.se\/fakta\/?page_id=654"},"modified":"2019-06-20T09:57:21","modified_gmt":"2019-06-20T07:57:21","slug":"utvecklingsorganisationens-mal","status":"publish","type":"page","link":"https:\/\/kiube.se\/fakta\/utvecklingsorganisationens-mal\/","title":{"rendered":"Utvecklingsorganisationens m\u00e5l"},"content":{"rendered":"<h2>OKR &#8211; M\u00e5l och resultat<\/h2>\n<p>Kategorier av M\u00e5ls\u00e4ttningar<\/p>\n<ol>\n<li>Minska aktiviteter som har negativ klimatp\u00e5verkan<\/li>\n<li>\u00d6ka aktiviteter som har positiv klimatp\u00e5verkan<\/li>\n<li>Notera m\u00f6jlig effekt av aktivitet<\/li>\n<li>Summer effekter<\/li>\n<\/ol>\n","protected":false},"excerpt":{"rendered":"<p>OKR &#8211; M\u00e5l och resultat Kategorier av M\u00e5ls\u00e4ttningar Minska aktiviteter som har negativ klimatp\u00e5verkan \u00d6ka aktiviteter som har positiv klimatp\u00e5verkan Notera m\u00f6jlig effekt av aktivitet Summer effekter<\/p>\n","protected":false},"author":131,"featured_media":0,"parent":0,"menu_order":0,"comment_status":"closed","ping_status":"closed","template":"page.php","meta":{"footnotes":""},"class_list":["post-654","page","type-page","status-publish","hentry"],"yoast_head":"<!-- This site is optimized with the Yoast SEO plugin v27.4 - https:\/\/yoast.com\/product\/yoast-seo-wordpress\/ -->\n<title>Utvecklingsorganisationens m\u00e5l - Impakt<\/title>\n<meta name=\"robots\" content=\"index, follow, max-snippet:-1, max-image-preview:large, max-video-preview:-1\" \/>\n<link rel=\"canonical\" href=\"https:\/\/kiube.se\/fakta\/utvecklingsorganisationens-mal\/\" \/>\n<meta property=\"og:locale\" content=\"sv_SE\" \/>\n<meta property=\"og:type\" content=\"article\" \/>\n<meta property=\"og:title\" content=\"Utvecklingsorganisationens m\u00e5l - Impakt\" \/>\n<meta property=\"og:description\" content=\"OKR &#8211; M\u00e5l och resultat Kategorier av M\u00e5ls\u00e4ttningar Minska aktiviteter som har negativ klimatp\u00e5verkan \u00d6ka aktiviteter som har positiv klimatp\u00e5verkan Notera m\u00f6jlig effekt av aktivitet Summer effekter\" \/>\n<meta property=\"og:url\" content=\"https:\/\/kiube.se\/fakta\/utvecklingsorganisationens-mal\/\" \/>\n<meta property=\"og:site_name\" content=\"Impakt\" \/>\n<meta name=\"twitter:card\" content=\"summary_large_image\" \/>\n<script type=\"application\/ld+json\" class=\"yoast-schema-graph\">{\"@context\":\"https:\\\/\\\/schema.org\",\"@graph\":[{\"@type\":\"WebPage\",\"@id\":\"https:\\\/\\\/kiube.se\\\/fakta\\\/utvecklingsorganisationens-mal\\\/\",\"url\":\"https:\\\/\\\/kiube.se\\\/fakta\\\/utvecklingsorganisationens-mal\\\/\",\"name\":\"Utvecklingsorganisationens m\u00e5l - Impakt\",\"isPartOf\":{\"@id\":\"https:\\\/\\\/kiube.se\\\/fakta\\\/#website\"},\"datePublished\":\"2019-06-20T07:57:21+00:00\",\"breadcrumb\":{\"@id\":\"https:\\\/\\\/kiube.se\\\/fakta\\\/utvecklingsorganisationens-mal\\\/#breadcrumb\"},\"inLanguage\":\"sv-SE\",\"potentialAction\":[{\"@type\":\"ReadAction\",\"target\":[\"https:\\\/\\\/kiube.se\\\/fakta\\\/utvecklingsorganisationens-mal\\\/\"]}]},{\"@type\":\"BreadcrumbList\",\"@id\":\"https:\\\/\\\/kiube.se\\\/fakta\\\/utvecklingsorganisationens-mal\\\/#breadcrumb\",\"itemListElement\":[{\"@type\":\"ListItem\",\"position\":1,\"name\":\"Hem\",\"item\":\"https:\\\/\\\/kiube.se\\\/fakta\\\/\"},{\"@type\":\"ListItem\",\"position\":2,\"name\":\"Utvecklingsorganisationens m\u00e5l\"}]},{\"@type\":\"WebSite\",\"@id\":\"https:\\\/\\\/kiube.se\\\/fakta\\\/#website\",\"url\":\"https:\\\/\\\/kiube.se\\\/fakta\\\/\",\"name\":\"Impakt\",\"description\":\"Statistik och fakta som st\u00f6d f\u00f6r visualisering och diagram\",\"potentialAction\":[{\"@type\":\"SearchAction\",\"target\":{\"@type\":\"EntryPoint\",\"urlTemplate\":\"https:\\\/\\\/kiube.se\\\/fakta\\\/?s={search_term_string}\"},\"query-input\":{\"@type\":\"PropertyValueSpecification\",\"valueRequired\":true,\"valueName\":\"search_term_string\"}}],\"inLanguage\":\"sv-SE\"}]}<\/script>\n<!-- \/ Yoast SEO plugin. -->","yoast_head_json":{"title":"Utvecklingsorganisationens m\u00e5l - Impakt","robots":{"index":"index","follow":"follow","max-snippet":"max-snippet:-1","max-image-preview":"max-image-preview:large","max-video-preview":"max-video-preview:-1"},"canonical":"https:\/\/kiube.se\/fakta\/utvecklingsorganisationens-mal\/","og_locale":"sv_SE","og_type":"article","og_title":"Utvecklingsorganisationens m\u00e5l - Impakt","og_description":"OKR &#8211; M\u00e5l och resultat Kategorier av M\u00e5ls\u00e4ttningar Minska aktiviteter som har negativ klimatp\u00e5verkan \u00d6ka aktiviteter som har positiv klimatp\u00e5verkan Notera m\u00f6jlig effekt av aktivitet Summer effekter","og_url":"https:\/\/kiube.se\/fakta\/utvecklingsorganisationens-mal\/","og_site_name":"Impakt","twitter_card":"summary_large_image","schema":{"@context":"https:\/\/schema.org","@graph":[{"@type":"WebPage","@id":"https:\/\/kiube.se\/fakta\/utvecklingsorganisationens-mal\/","url":"https:\/\/kiube.se\/fakta\/utvecklingsorganisationens-mal\/","name":"Utvecklingsorganisationens m\u00e5l - Impakt","isPartOf":{"@id":"https:\/\/kiube.se\/fakta\/#website"},"datePublished":"2019-06-20T07:57:21+00:00","breadcrumb":{"@id":"https:\/\/kiube.se\/fakta\/utvecklingsorganisationens-mal\/#breadcrumb"},"inLanguage":"sv-SE","potentialAction":[{"@type":"ReadAction","target":["https:\/\/kiube.se\/fakta\/utvecklingsorganisationens-mal\/"]}]},{"@type":"BreadcrumbList","@id":"https:\/\/kiube.se\/fakta\/utvecklingsorganisationens-mal\/#breadcrumb","itemListElement":[{"@type":"ListItem","position":1,"name":"Hem","item":"https:\/\/kiube.se\/fakta\/"},{"@type":"ListItem","position":2,"name":"Utvecklingsorganisationens m\u00e5l"}]},{"@type":"WebSite","@id":"https:\/\/kiube.se\/fakta\/#website","url":"https:\/\/kiube.se\/fakta\/","name":"Impakt","description":"Statistik och fakta som st\u00f6d f\u00f6r visualisering och diagram","potentialAction":[{"@type":"SearchAction","target":{"@type":"EntryPoint","urlTemplate":"https:\/\/kiube.se\/fakta\/?s={search_term_string}"},"query-input":{"@type":"PropertyValueSpecification","valueRequired":true,"valueName":"search_term_string"}}],"inLanguage":"sv-SE"}]}},"jetpack_sharing_enabled":true,"_links":{"self":[{"href":"https:\/\/kiube.se\/fakta\/wp-json\/wp\/v2\/pages\/654","targetHints":{"allow":["GET"]}}],"collection":[{"href":"https:\/\/kiube.se\/fakta\/wp-json\/wp\/v2\/pages"}],"about":[{"href":"https:\/\/kiube.se\/fakta\/wp-json\/wp\/v2\/types\/page"}],"author":[{"embeddable":true,"href":"https:\/\/kiube.se\/fakta\/wp-json\/wp\/v2\/users\/131"}],"replies":[{"embeddable":true,"href":"https:\/\/kiube.se\/fakta\/wp-json\/wp\/v2\/comments?post=654"}],"version-history":[{"count":0,"href":"https:\/\/kiube.se\/fakta\/wp-json\/wp\/v2\/pages\/654\/revisions"}],"wp:attachment":[{"href":"https:\/\/kiube.se\/fakta\/wp-json\/wp\/v2\/media?parent=654"}],"curies":[{"name":"wp","href":"https:\/\/api.w.org\/{rel}","templated":true}]}}