{"id":626,"date":"2019-03-18T11:41:16","date_gmt":"2019-03-18T10:41:16","guid":{"rendered":"https:\/\/kiube.se\/fakta\/?page_id=626"},"modified":"2019-08-10T10:23:41","modified_gmt":"2019-08-10T08:23:41","slug":"lca-for-elbilar","status":"publish","type":"page","link":"https:\/\/kiube.se\/fakta\/lca-for-elbilar\/","title":{"rendered":"LCA f\u00f6r elbilar avseende nationell elmix"},"content":{"rendered":"<p>Klimatavtryck med elbil j\u00e4mf\u00f6rt med diesel som har ett avtryck p\u00e5 120g Co2 \/km. En elbil som k\u00f6rs i sverige sl\u00e4pper ut 20g Co2 \/km och en elbil som k\u00f6rs i polen sl\u00e4pper ut<\/p>\n<p>.<a href=\"https:\/\/www.transportenvironment.org\/sites\/te\/files\/publications\/TE%20-%20draft%20report%20v04.pdf\"><img data-recalc-dims=\"1\" loading=\"lazy\" decoding=\"async\" data-attachment-id=\"627\" data-permalink=\"https:\/\/kiube.se\/fakta\/lca-for-elbilar\/lca-studie-for-klimatpaverkan-for-elbilar\/\" data-orig-file=\"https:\/\/i0.wp.com\/s3.eu-north-1.amazonaws.com\/kiube.se\/wp-content\/uploads\/sites\/67\/2019\/03\/26180305\/LCA-studie-f%C3%B6r-klimatp%C3%A5verkan-f%C3%B6r-elbilar.jpg?fit=1920%2C1080&amp;ssl=1\" data-orig-size=\"1920,1080\" data-comments-opened=\"0\" data-image-meta=\"{&quot;aperture&quot;:&quot;0&quot;,&quot;credit&quot;:&quot;&quot;,&quot;camera&quot;:&quot;&quot;,&quot;caption&quot;:&quot;&quot;,&quot;created_timestamp&quot;:&quot;0&quot;,&quot;copyright&quot;:&quot;&quot;,&quot;focal_length&quot;:&quot;0&quot;,&quot;iso&quot;:&quot;0&quot;,&quot;shutter_speed&quot;:&quot;0&quot;,&quot;title&quot;:&quot;&quot;,&quot;orientation&quot;:&quot;0&quot;}\" data-image-title=\"LCA-studie-f\u00f6r-klimatp\u00e5verkan-f\u00f6r-elbilar\" data-image-description=\"\" data-image-caption=\"\" data-large-file=\"https:\/\/i0.wp.com\/s3.eu-north-1.amazonaws.com\/kiube.se\/wp-content\/uploads\/sites\/67\/2019\/03\/26180305\/LCA-studie-f%C3%B6r-klimatp%C3%A5verkan-f%C3%B6r-elbilar.jpg?fit=1024%2C576&amp;ssl=1\" class=\"alignnone wp-image-627 size-full\" src=\"https:\/\/i0.wp.com\/s3.eu-north-1.amazonaws.com\/kiube.se\/wp-content\/uploads\/sites\/67\/2019\/03\/26180305\/LCA-studie-f%C3%B6r-klimatp%C3%A5verkan-f%C3%B6r-elbilar.jpg?resize=1920%2C1080&#038;ssl=1\" alt=\"\" width=\"1920\" height=\"1080\" srcset=\"https:\/\/s3.eu-north-1.amazonaws.com\/kiube.se\/wp-content\/uploads\/sites\/67\/2019\/03\/26180305\/LCA-studie-f%C3%B6r-klimatp%C3%A5verkan-f%C3%B6r-elbilar.jpg 1920w, https:\/\/s3.eu-north-1.amazonaws.com\/kiube.se\/wp-content\/uploads\/sites\/67\/2019\/03\/26180305\/LCA-studie-f%C3%B6r-klimatp%C3%A5verkan-f%C3%B6r-elbilar.jpg 300w, https:\/\/s3.eu-north-1.amazonaws.com\/kiube.se\/wp-content\/uploads\/sites\/67\/2019\/03\/26180305\/LCA-studie-f%C3%B6r-klimatp%C3%A5verkan-f%C3%B6r-elbilar.jpg 768w, https:\/\/s3.eu-north-1.amazonaws.com\/kiube.se\/wp-content\/uploads\/sites\/67\/2019\/03\/26180305\/LCA-studie-f%C3%B6r-klimatp%C3%A5verkan-f%C3%B6r-elbilar.jpg 1024w, https:\/\/s3.eu-north-1.amazonaws.com\/kiube.se\/wp-content\/uploads\/sites\/67\/2019\/03\/26180305\/LCA-studie-f%C3%B6r-klimatp%C3%A5verkan-f%C3%B6r-elbilar.jpg 1320w\" sizes=\"auto, (max-width: 1000px) 100vw, 1000px\" \/><\/a><\/p>\n<p>K\u00e4lla: | <a href=\"http:\/\/blogg.sundhult.com\/2018\/09\/18\/ar-elbilen-miljovanlig\/\">Sundhults blogg<\/a> |<a href=\"https:\/\/www.transportenvironment.org\/sites\/te\/files\/publications\/TE%20-%20draft%20report%20v04.pdf\"> TE Belgien<\/a> |<\/p>\n<p><a href=\"https:\/\/www.transportenvironment.org\/sites\/te\/files\/publications\/TE%20-%20draft%20report%20v04.pdf\">P\u00e5 universitetet i Bryssel har det gjorts en livscykelanalys<\/a> p\u00e5 klimatp\u00e5verkan f\u00f6r elbilen, beroende p\u00e5 vilken nationell elmix som anv\u00e4nds. Den j\u00e4mf\u00f6r en dieselbil som sl\u00e4pper ut 120 gCO<sub>2<\/sub>\/km med allt fr\u00e5n polsk elproduktion, med stor andel kol, till svensk med mycket vattenkraft och k\u00e4rnkraft.<\/p>\n","protected":false},"excerpt":{"rendered":"<p>Klimatavtryck med elbil j\u00e4mf\u00f6rt med diesel som har ett avtryck p\u00e5 120g Co2 \/km. En elbil som k\u00f6rs i sverige sl\u00e4pper ut 20g Co2 \/km och en elbil som k\u00f6rs i polen sl\u00e4pper ut . K\u00e4lla: | Sundhults blogg | TE Belgien | P\u00e5 universitetet i Bryssel har det gjorts en livscykelanalys p\u00e5 klimatp\u00e5verkan f\u00f6r [&hellip;]<\/p>\n","protected":false},"author":131,"featured_media":0,"parent":0,"menu_order":0,"comment_status":"closed","ping_status":"closed","template":"page.php","meta":{"footnotes":""},"class_list":["post-626","page","type-page","status-publish","hentry"],"yoast_head":"<!-- This site is optimized with the Yoast SEO plugin v27.4 - https:\/\/yoast.com\/product\/yoast-seo-wordpress\/ -->\n<title>LCA f\u00f6r elbilar avseende nationell elmix - Impakt<\/title>\n<meta name=\"robots\" content=\"index, follow, max-snippet:-1, max-image-preview:large, max-video-preview:-1\" \/>\n<link rel=\"canonical\" href=\"https:\/\/kiube.se\/fakta\/lca-for-elbilar\/\" \/>\n<meta property=\"og:locale\" content=\"sv_SE\" \/>\n<meta property=\"og:type\" content=\"article\" \/>\n<meta property=\"og:title\" content=\"LCA f\u00f6r elbilar avseende nationell elmix - Impakt\" \/>\n<meta property=\"og:description\" content=\"Klimatavtryck med elbil j\u00e4mf\u00f6rt med diesel som har ett avtryck p\u00e5 120g Co2 \/km. En elbil som k\u00f6rs i sverige sl\u00e4pper ut 20g Co2 \/km och en elbil som k\u00f6rs i polen sl\u00e4pper ut . K\u00e4lla: | Sundhults blogg | TE Belgien | P\u00e5 universitetet i Bryssel har det gjorts en livscykelanalys p\u00e5 klimatp\u00e5verkan f\u00f6r [&hellip;]\" \/>\n<meta property=\"og:url\" content=\"https:\/\/kiube.se\/fakta\/lca-for-elbilar\/\" \/>\n<meta property=\"og:site_name\" content=\"Impakt\" \/>\n<meta property=\"article:modified_time\" content=\"2019-08-10T08:23:41+00:00\" \/>\n<meta property=\"og:image\" content=\"https:\/\/kiube.se\/fakta\/files\/2019\/03\/LCA-studie-f\u00f6r-klimatp\u00e5verkan-f\u00f6r-elbilar.jpg\" \/>\n<meta name=\"twitter:card\" content=\"summary_large_image\" \/>\n<script type=\"application\/ld+json\" class=\"yoast-schema-graph\">{\"@context\":\"https:\\\/\\\/schema.org\",\"@graph\":[{\"@type\":\"WebPage\",\"@id\":\"https:\\\/\\\/kiube.se\\\/fakta\\\/lca-for-elbilar\\\/\",\"url\":\"https:\\\/\\\/kiube.se\\\/fakta\\\/lca-for-elbilar\\\/\",\"name\":\"LCA f\u00f6r elbilar avseende nationell elmix - Impakt\",\"isPartOf\":{\"@id\":\"https:\\\/\\\/kiube.se\\\/fakta\\\/#website\"},\"datePublished\":\"2019-03-18T10:41:16+00:00\",\"dateModified\":\"2019-08-10T08:23:41+00:00\",\"breadcrumb\":{\"@id\":\"https:\\\/\\\/kiube.se\\\/fakta\\\/lca-for-elbilar\\\/#breadcrumb\"},\"inLanguage\":\"sv-SE\",\"potentialAction\":[{\"@type\":\"ReadAction\",\"target\":[\"https:\\\/\\\/kiube.se\\\/fakta\\\/lca-for-elbilar\\\/\"]}]},{\"@type\":\"BreadcrumbList\",\"@id\":\"https:\\\/\\\/kiube.se\\\/fakta\\\/lca-for-elbilar\\\/#breadcrumb\",\"itemListElement\":[{\"@type\":\"ListItem\",\"position\":1,\"name\":\"Hem\",\"item\":\"https:\\\/\\\/kiube.se\\\/fakta\\\/\"},{\"@type\":\"ListItem\",\"position\":2,\"name\":\"LCA f\u00f6r elbilar avseende nationell elmix\"}]},{\"@type\":\"WebSite\",\"@id\":\"https:\\\/\\\/kiube.se\\\/fakta\\\/#website\",\"url\":\"https:\\\/\\\/kiube.se\\\/fakta\\\/\",\"name\":\"Impakt\",\"description\":\"Statistik och fakta som st\u00f6d f\u00f6r visualisering och diagram\",\"potentialAction\":[{\"@type\":\"SearchAction\",\"target\":{\"@type\":\"EntryPoint\",\"urlTemplate\":\"https:\\\/\\\/kiube.se\\\/fakta\\\/?s={search_term_string}\"},\"query-input\":{\"@type\":\"PropertyValueSpecification\",\"valueRequired\":true,\"valueName\":\"search_term_string\"}}],\"inLanguage\":\"sv-SE\"}]}<\/script>\n<!-- \/ Yoast SEO plugin. -->","yoast_head_json":{"title":"LCA f\u00f6r elbilar avseende nationell elmix - Impakt","robots":{"index":"index","follow":"follow","max-snippet":"max-snippet:-1","max-image-preview":"max-image-preview:large","max-video-preview":"max-video-preview:-1"},"canonical":"https:\/\/kiube.se\/fakta\/lca-for-elbilar\/","og_locale":"sv_SE","og_type":"article","og_title":"LCA f\u00f6r elbilar avseende nationell elmix - Impakt","og_description":"Klimatavtryck med elbil j\u00e4mf\u00f6rt med diesel som har ett avtryck p\u00e5 120g Co2 \/km. En elbil som k\u00f6rs i sverige sl\u00e4pper ut 20g Co2 \/km och en elbil som k\u00f6rs i polen sl\u00e4pper ut . K\u00e4lla: | Sundhults blogg | TE Belgien | P\u00e5 universitetet i Bryssel har det gjorts en livscykelanalys p\u00e5 klimatp\u00e5verkan f\u00f6r [&hellip;]","og_url":"https:\/\/kiube.se\/fakta\/lca-for-elbilar\/","og_site_name":"Impakt","article_modified_time":"2019-08-10T08:23:41+00:00","og_image":[{"url":"https:\/\/kiube.se\/fakta\/files\/2019\/03\/LCA-studie-f\u00f6r-klimatp\u00e5verkan-f\u00f6r-elbilar.jpg","type":"","width":"","height":""}],"twitter_card":"summary_large_image","schema":{"@context":"https:\/\/schema.org","@graph":[{"@type":"WebPage","@id":"https:\/\/kiube.se\/fakta\/lca-for-elbilar\/","url":"https:\/\/kiube.se\/fakta\/lca-for-elbilar\/","name":"LCA f\u00f6r elbilar avseende nationell elmix - Impakt","isPartOf":{"@id":"https:\/\/kiube.se\/fakta\/#website"},"datePublished":"2019-03-18T10:41:16+00:00","dateModified":"2019-08-10T08:23:41+00:00","breadcrumb":{"@id":"https:\/\/kiube.se\/fakta\/lca-for-elbilar\/#breadcrumb"},"inLanguage":"sv-SE","potentialAction":[{"@type":"ReadAction","target":["https:\/\/kiube.se\/fakta\/lca-for-elbilar\/"]}]},{"@type":"BreadcrumbList","@id":"https:\/\/kiube.se\/fakta\/lca-for-elbilar\/#breadcrumb","itemListElement":[{"@type":"ListItem","position":1,"name":"Hem","item":"https:\/\/kiube.se\/fakta\/"},{"@type":"ListItem","position":2,"name":"LCA f\u00f6r elbilar avseende nationell elmix"}]},{"@type":"WebSite","@id":"https:\/\/kiube.se\/fakta\/#website","url":"https:\/\/kiube.se\/fakta\/","name":"Impakt","description":"Statistik och fakta som st\u00f6d f\u00f6r visualisering och diagram","potentialAction":[{"@type":"SearchAction","target":{"@type":"EntryPoint","urlTemplate":"https:\/\/kiube.se\/fakta\/?s={search_term_string}"},"query-input":{"@type":"PropertyValueSpecification","valueRequired":true,"valueName":"search_term_string"}}],"inLanguage":"sv-SE"}]}},"jetpack_sharing_enabled":true,"_links":{"self":[{"href":"https:\/\/kiube.se\/fakta\/wp-json\/wp\/v2\/pages\/626","targetHints":{"allow":["GET"]}}],"collection":[{"href":"https:\/\/kiube.se\/fakta\/wp-json\/wp\/v2\/pages"}],"about":[{"href":"https:\/\/kiube.se\/fakta\/wp-json\/wp\/v2\/types\/page"}],"author":[{"embeddable":true,"href":"https:\/\/kiube.se\/fakta\/wp-json\/wp\/v2\/users\/131"}],"replies":[{"embeddable":true,"href":"https:\/\/kiube.se\/fakta\/wp-json\/wp\/v2\/comments?post=626"}],"version-history":[{"count":0,"href":"https:\/\/kiube.se\/fakta\/wp-json\/wp\/v2\/pages\/626\/revisions"}],"wp:attachment":[{"href":"https:\/\/kiube.se\/fakta\/wp-json\/wp\/v2\/media?parent=626"}],"curies":[{"name":"wp","href":"https:\/\/api.w.org\/{rel}","templated":true}]}}