{"id":261,"date":"2018-06-10T08:46:37","date_gmt":"2018-06-10T06:46:37","guid":{"rendered":"http:\/\/kiube.se\/fakta\/?page_id=261"},"modified":"2018-06-10T08:52:19","modified_gmt":"2018-06-10T06:52:19","slug":"oversikt-mal-och-nyckelresultat-okr","status":"publish","type":"page","link":"https:\/\/kiube.se\/fakta\/oversikt-mal-och-nyckelresultat-okr\/","title":{"rendered":"\u00d6versikt M\u00e5l och nyckelresultat (OKR)"},"content":{"rendered":"<p><strong>Personliga<\/strong> OKR<\/p>\n<ul>\n<li>Cykla 5 dagar \/ vecka<\/li>\n<li>Cykla 25 km \/ dag<\/li>\n<\/ul>\n<p><strong>Team OKR<\/strong> (solarXbike)<\/p>\n<ul>\n<li>Produkt<\/li>\n<li>Marknad<\/li>\n<li>Customer Success<\/li>\n<\/ul>\n<p><strong>Team OKR<\/strong> (cykelkultur)<\/p>\n<ul>\n<li>H\u00e4lsa<br \/>\n&#8211; Cykelskola<br \/>\n&#8211; Utveckla metoder<br \/>\n&#8211; Utbilda teknik och handhavande<\/li>\n<li>Milj\u00f6<br \/>\n-Minska CO2 (kommun)<\/li>\n<li>Ekonomi<br \/>\n&#8211; Investera i cyklar<br \/>\n&#8211; Investera i laddpunkter<\/li>\n<\/ul>\n<p><strong>Organisational<\/strong> (Design Greenhouse)<\/p>\n<ul>\n<li>\u00d6ka andelen klimata smarta transporter<br \/>\n&#8211; F\u00e4rdmedelsm\u00e5let region sk\u00e5ne<\/li>\n<li>Minska CO2<\/li>\n<li>H\u00f6gre i avfallshierarkin (Cirkul\u00e4r ekonomi)<\/li>\n<li>F\u00f6rb\u00e4ttra nyttan av Internet<\/li>\n<\/ul>\n<p>&nbsp;<\/p>\n<p>&nbsp;<\/p>\n<p>K\u00e4lla:<a href=\"https:\/\/rework.withgoogle.com\/guides\/set-goals-with-okrs\/steps\/introduction\/\"> reWork<\/a><\/p>\n","protected":false},"excerpt":{"rendered":"<p>Personliga OKR Cykla 5 dagar \/ vecka Cykla 25 km \/ dag Team OKR (solarXbike) Produkt Marknad Customer Success Team OKR (cykelkultur) H\u00e4lsa &#8211; Cykelskola &#8211; Utveckla metoder &#8211; Utbilda teknik och handhavande Milj\u00f6 -Minska CO2 (kommun) Ekonomi &#8211; Investera i cyklar &#8211; Investera i laddpunkter Organisational (Design Greenhouse) \u00d6ka andelen klimata smarta transporter &#8211; [&hellip;]<\/p>\n","protected":false},"author":131,"featured_media":0,"parent":0,"menu_order":0,"comment_status":"closed","ping_status":"closed","template":"page.php","meta":{"footnotes":""},"class_list":["post-261","page","type-page","status-publish","hentry"],"yoast_head":"<!-- This site is optimized with the Yoast SEO plugin v27.4 - https:\/\/yoast.com\/product\/yoast-seo-wordpress\/ -->\n<title>\u00d6versikt M\u00e5l och nyckelresultat (OKR) - Impakt<\/title>\n<meta name=\"robots\" content=\"index, follow, max-snippet:-1, max-image-preview:large, max-video-preview:-1\" \/>\n<link rel=\"canonical\" href=\"https:\/\/kiube.se\/fakta\/oversikt-mal-och-nyckelresultat-okr\/\" \/>\n<meta property=\"og:locale\" content=\"sv_SE\" \/>\n<meta property=\"og:type\" content=\"article\" \/>\n<meta property=\"og:title\" content=\"\u00d6versikt M\u00e5l och nyckelresultat (OKR) - Impakt\" \/>\n<meta property=\"og:description\" content=\"Personliga OKR Cykla 5 dagar \/ vecka Cykla 25 km \/ dag Team OKR (solarXbike) Produkt Marknad Customer Success Team OKR (cykelkultur) H\u00e4lsa &#8211; Cykelskola &#8211; Utveckla metoder &#8211; Utbilda teknik och handhavande Milj\u00f6 -Minska CO2 (kommun) Ekonomi &#8211; Investera i cyklar &#8211; Investera i laddpunkter Organisational (Design Greenhouse) \u00d6ka andelen klimata smarta transporter &#8211; [&hellip;]\" \/>\n<meta property=\"og:url\" content=\"https:\/\/kiube.se\/fakta\/oversikt-mal-och-nyckelresultat-okr\/\" \/>\n<meta property=\"og:site_name\" content=\"Impakt\" \/>\n<meta property=\"article:modified_time\" content=\"2018-06-10T06:52:19+00:00\" \/>\n<meta name=\"twitter:card\" content=\"summary_large_image\" \/>\n<script type=\"application\/ld+json\" class=\"yoast-schema-graph\">{\"@context\":\"https:\\\/\\\/schema.org\",\"@graph\":[{\"@type\":\"WebPage\",\"@id\":\"https:\\\/\\\/kiube.se\\\/fakta\\\/oversikt-mal-och-nyckelresultat-okr\\\/\",\"url\":\"https:\\\/\\\/kiube.se\\\/fakta\\\/oversikt-mal-och-nyckelresultat-okr\\\/\",\"name\":\"\u00d6versikt M\u00e5l och nyckelresultat (OKR) - Impakt\",\"isPartOf\":{\"@id\":\"https:\\\/\\\/kiube.se\\\/fakta\\\/#website\"},\"datePublished\":\"2018-06-10T06:46:37+00:00\",\"dateModified\":\"2018-06-10T06:52:19+00:00\",\"breadcrumb\":{\"@id\":\"https:\\\/\\\/kiube.se\\\/fakta\\\/oversikt-mal-och-nyckelresultat-okr\\\/#breadcrumb\"},\"inLanguage\":\"sv-SE\",\"potentialAction\":[{\"@type\":\"ReadAction\",\"target\":[\"https:\\\/\\\/kiube.se\\\/fakta\\\/oversikt-mal-och-nyckelresultat-okr\\\/\"]}]},{\"@type\":\"BreadcrumbList\",\"@id\":\"https:\\\/\\\/kiube.se\\\/fakta\\\/oversikt-mal-och-nyckelresultat-okr\\\/#breadcrumb\",\"itemListElement\":[{\"@type\":\"ListItem\",\"position\":1,\"name\":\"Hem\",\"item\":\"https:\\\/\\\/kiube.se\\\/fakta\\\/\"},{\"@type\":\"ListItem\",\"position\":2,\"name\":\"\u00d6versikt M\u00e5l och nyckelresultat (OKR)\"}]},{\"@type\":\"WebSite\",\"@id\":\"https:\\\/\\\/kiube.se\\\/fakta\\\/#website\",\"url\":\"https:\\\/\\\/kiube.se\\\/fakta\\\/\",\"name\":\"Impakt\",\"description\":\"Statistik och fakta som st\u00f6d f\u00f6r visualisering och diagram\",\"potentialAction\":[{\"@type\":\"SearchAction\",\"target\":{\"@type\":\"EntryPoint\",\"urlTemplate\":\"https:\\\/\\\/kiube.se\\\/fakta\\\/?s={search_term_string}\"},\"query-input\":{\"@type\":\"PropertyValueSpecification\",\"valueRequired\":true,\"valueName\":\"search_term_string\"}}],\"inLanguage\":\"sv-SE\"}]}<\/script>\n<!-- \/ Yoast SEO plugin. -->","yoast_head_json":{"title":"\u00d6versikt M\u00e5l och nyckelresultat (OKR) - Impakt","robots":{"index":"index","follow":"follow","max-snippet":"max-snippet:-1","max-image-preview":"max-image-preview:large","max-video-preview":"max-video-preview:-1"},"canonical":"https:\/\/kiube.se\/fakta\/oversikt-mal-och-nyckelresultat-okr\/","og_locale":"sv_SE","og_type":"article","og_title":"\u00d6versikt M\u00e5l och nyckelresultat (OKR) - Impakt","og_description":"Personliga OKR Cykla 5 dagar \/ vecka Cykla 25 km \/ dag Team OKR (solarXbike) Produkt Marknad Customer Success Team OKR (cykelkultur) H\u00e4lsa &#8211; Cykelskola &#8211; Utveckla metoder &#8211; Utbilda teknik och handhavande Milj\u00f6 -Minska CO2 (kommun) Ekonomi &#8211; Investera i cyklar &#8211; Investera i laddpunkter Organisational (Design Greenhouse) \u00d6ka andelen klimata smarta transporter &#8211; [&hellip;]","og_url":"https:\/\/kiube.se\/fakta\/oversikt-mal-och-nyckelresultat-okr\/","og_site_name":"Impakt","article_modified_time":"2018-06-10T06:52:19+00:00","twitter_card":"summary_large_image","schema":{"@context":"https:\/\/schema.org","@graph":[{"@type":"WebPage","@id":"https:\/\/kiube.se\/fakta\/oversikt-mal-och-nyckelresultat-okr\/","url":"https:\/\/kiube.se\/fakta\/oversikt-mal-och-nyckelresultat-okr\/","name":"\u00d6versikt M\u00e5l och nyckelresultat (OKR) - Impakt","isPartOf":{"@id":"https:\/\/kiube.se\/fakta\/#website"},"datePublished":"2018-06-10T06:46:37+00:00","dateModified":"2018-06-10T06:52:19+00:00","breadcrumb":{"@id":"https:\/\/kiube.se\/fakta\/oversikt-mal-och-nyckelresultat-okr\/#breadcrumb"},"inLanguage":"sv-SE","potentialAction":[{"@type":"ReadAction","target":["https:\/\/kiube.se\/fakta\/oversikt-mal-och-nyckelresultat-okr\/"]}]},{"@type":"BreadcrumbList","@id":"https:\/\/kiube.se\/fakta\/oversikt-mal-och-nyckelresultat-okr\/#breadcrumb","itemListElement":[{"@type":"ListItem","position":1,"name":"Hem","item":"https:\/\/kiube.se\/fakta\/"},{"@type":"ListItem","position":2,"name":"\u00d6versikt M\u00e5l och nyckelresultat (OKR)"}]},{"@type":"WebSite","@id":"https:\/\/kiube.se\/fakta\/#website","url":"https:\/\/kiube.se\/fakta\/","name":"Impakt","description":"Statistik och fakta som st\u00f6d f\u00f6r visualisering och diagram","potentialAction":[{"@type":"SearchAction","target":{"@type":"EntryPoint","urlTemplate":"https:\/\/kiube.se\/fakta\/?s={search_term_string}"},"query-input":{"@type":"PropertyValueSpecification","valueRequired":true,"valueName":"search_term_string"}}],"inLanguage":"sv-SE"}]}},"jetpack_sharing_enabled":true,"_links":{"self":[{"href":"https:\/\/kiube.se\/fakta\/wp-json\/wp\/v2\/pages\/261","targetHints":{"allow":["GET"]}}],"collection":[{"href":"https:\/\/kiube.se\/fakta\/wp-json\/wp\/v2\/pages"}],"about":[{"href":"https:\/\/kiube.se\/fakta\/wp-json\/wp\/v2\/types\/page"}],"author":[{"embeddable":true,"href":"https:\/\/kiube.se\/fakta\/wp-json\/wp\/v2\/users\/131"}],"replies":[{"embeddable":true,"href":"https:\/\/kiube.se\/fakta\/wp-json\/wp\/v2\/comments?post=261"}],"version-history":[{"count":0,"href":"https:\/\/kiube.se\/fakta\/wp-json\/wp\/v2\/pages\/261\/revisions"}],"wp:attachment":[{"href":"https:\/\/kiube.se\/fakta\/wp-json\/wp\/v2\/media?parent=261"}],"curies":[{"name":"wp","href":"https:\/\/api.w.org\/{rel}","templated":true}]}}