{"id":235,"date":"2018-01-23T17:21:24","date_gmt":"2018-01-23T16:21:24","guid":{"rendered":"http:\/\/kiube.se\/fakta\/?page_id=235"},"modified":"2018-01-23T18:01:46","modified_gmt":"2018-01-23T17:01:46","slug":"energi-effektivitet","status":"publish","type":"page","link":"https:\/\/kiube.se\/fakta\/energi-effektivitet\/","title":{"rendered":"Energi effektivitet utan konverteringar"},"content":{"rendered":"<h3>F\u00f6rluster i n\u00e4t och konverteringar<\/h3>\n<p>Likstr\u00f6m till likstr\u00f6m<\/p>\n<ul>\n<li><a href=\"http:\/\/www.elinstallatoren.se\/innehall\/nyheter\/2016\/december\/tank-om-alla-serverhallar-i-varlden-gick-over-till-likstrom\/\">Serverhallar kan spara med likstr\u00f6m, Elinstallat\u00f6ren<\/a><\/li>\n<li><a href=\"http:\/\/www.elinstallatoren.se\/innehall\/nyheter\/2016\/december\/6-fordelar-med-likstrom\/\">6 f\u00f6rdelar med likstr\u00f6m, Elinstallat\u00f6ren<\/a><\/li>\n<li><a href=\"http:\/\/www.etn.se\/index.php?option=com_content&amp;view=article&amp;id=58231\">Sol och vind gynnar DC-kraft, Elektroniktidningen<\/a><\/li>\n<\/ul>\n<p>Konverterings f\u00f6rluster<\/p>\n<ul>\n<li><a href=\"http:\/\/www.abb.se\/cawp\/db0003db002698\/045c2fe0c590a06bc125771a00397f11.aspx\">Transportera el med minimala f\u00f6rluster, ABB<\/a><\/li>\n<li><a href=\"https:\/\/uppsala.etc.se\/klimat\/fran-vaxelstrom-till-likstrom-sa-utnyttjas-solpaneler-battre\">Fr\u00e5n v\u00e4xelstr\u00f6m till likstr\u00f6m \u2013 s\u00e5 utnyttjas solpaneler b\u00e4ttre, ETC<\/a><\/li>\n<li><a href=\"https:\/\/www.nyteknik.se\/energi\/likstrom-fran-solceller-ska-spara-energi-6846371\">Likstr\u00f6m fr\u00e5n solceller ska spara energi, Ny Teknik<\/a><\/li>\n<\/ul>\n<p>N\u00e4tf\u00f6rluster<\/p>\n<ul>\n<li><a href=\"https:\/\/uu.diva-portal.org\/smash\/get\/diva2:824313\/FULLTEXT01.pdf\">Metoder f\u00f6r kartl\u00e4ggning och analys av n\u00e4tf\u00f6rluster i l\u00e5gsp\u00e4nningsn\u00e4t,\u00a0Per J\u00e4derberg<\/a><\/li>\n<li><a href=\"http:\/\/www.ees.energy.lth.se\/fileadmin\/ees\/Kurser\/MVKN10_Energitransporter\/Uppsatserna_och_fraagorna\/Entr_korr_Rappport_Elkraft_Kallenberg_Momeni.pdf\">\u00d6verf\u00f6ring av elkraft med Likstr\u00f6m<\/a><\/li>\n<li><a href=\"http:\/\/www.lth.se\/fileadmin\/ees\/Kurser\/MVKN10_Energitransporter\/Uppsatserna_och_fraagorna\/ETR_Uppsats_3_091208.pdf\">Likstr\u00f6m f\u00f6r lokal eldistribution Framtiden eller inte?<\/a><\/li>\n<\/ul>\n<p>&nbsp;<\/p>\n","protected":false},"excerpt":{"rendered":"<p>F\u00f6rluster i n\u00e4t och konverteringar Likstr\u00f6m till likstr\u00f6m Serverhallar kan spara med likstr\u00f6m, Elinstallat\u00f6ren 6 f\u00f6rdelar med likstr\u00f6m, Elinstallat\u00f6ren Sol och vind gynnar DC-kraft, Elektroniktidningen Konverterings f\u00f6rluster Transportera el med minimala f\u00f6rluster, ABB Fr\u00e5n v\u00e4xelstr\u00f6m till likstr\u00f6m \u2013 s\u00e5 utnyttjas solpaneler b\u00e4ttre, ETC Likstr\u00f6m fr\u00e5n solceller ska spara energi, Ny Teknik N\u00e4tf\u00f6rluster Metoder f\u00f6r kartl\u00e4ggning [&hellip;]<\/p>\n","protected":false},"author":118,"featured_media":0,"parent":0,"menu_order":0,"comment_status":"closed","ping_status":"closed","template":"page.php","meta":{"footnotes":""},"class_list":["post-235","page","type-page","status-publish","hentry"],"yoast_head":"<!-- This site is optimized with the Yoast SEO plugin v27.4 - https:\/\/yoast.com\/product\/yoast-seo-wordpress\/ -->\n<title>Energi effektivitet utan konverteringar - Impakt<\/title>\n<meta name=\"robots\" content=\"index, follow, max-snippet:-1, max-image-preview:large, max-video-preview:-1\" \/>\n<link rel=\"canonical\" href=\"https:\/\/kiube.se\/fakta\/energi-effektivitet\/\" \/>\n<meta property=\"og:locale\" content=\"sv_SE\" \/>\n<meta property=\"og:type\" content=\"article\" \/>\n<meta property=\"og:title\" content=\"Energi effektivitet utan konverteringar - Impakt\" \/>\n<meta property=\"og:description\" content=\"F\u00f6rluster i n\u00e4t och konverteringar Likstr\u00f6m till likstr\u00f6m Serverhallar kan spara med likstr\u00f6m, Elinstallat\u00f6ren 6 f\u00f6rdelar med likstr\u00f6m, Elinstallat\u00f6ren Sol och vind gynnar DC-kraft, Elektroniktidningen Konverterings f\u00f6rluster Transportera el med minimala f\u00f6rluster, ABB Fr\u00e5n v\u00e4xelstr\u00f6m till likstr\u00f6m \u2013 s\u00e5 utnyttjas solpaneler b\u00e4ttre, ETC Likstr\u00f6m fr\u00e5n solceller ska spara energi, Ny Teknik N\u00e4tf\u00f6rluster Metoder f\u00f6r kartl\u00e4ggning [&hellip;]\" \/>\n<meta property=\"og:url\" content=\"https:\/\/kiube.se\/fakta\/energi-effektivitet\/\" \/>\n<meta property=\"og:site_name\" content=\"Impakt\" \/>\n<meta property=\"article:modified_time\" content=\"2018-01-23T17:01:46+00:00\" \/>\n<meta name=\"twitter:card\" content=\"summary_large_image\" \/>\n<meta name=\"twitter:label1\" content=\"Ber\u00e4knad l\u00e4stid\" \/>\n\t<meta name=\"twitter:data1\" content=\"1 minut\" \/>\n<script type=\"application\/ld+json\" class=\"yoast-schema-graph\">{\"@context\":\"https:\\\/\\\/schema.org\",\"@graph\":[{\"@type\":\"WebPage\",\"@id\":\"https:\\\/\\\/kiube.se\\\/fakta\\\/energi-effektivitet\\\/\",\"url\":\"https:\\\/\\\/kiube.se\\\/fakta\\\/energi-effektivitet\\\/\",\"name\":\"Energi effektivitet utan konverteringar - Impakt\",\"isPartOf\":{\"@id\":\"https:\\\/\\\/kiube.se\\\/fakta\\\/#website\"},\"datePublished\":\"2018-01-23T16:21:24+00:00\",\"dateModified\":\"2018-01-23T17:01:46+00:00\",\"breadcrumb\":{\"@id\":\"https:\\\/\\\/kiube.se\\\/fakta\\\/energi-effektivitet\\\/#breadcrumb\"},\"inLanguage\":\"sv-SE\",\"potentialAction\":[{\"@type\":\"ReadAction\",\"target\":[\"https:\\\/\\\/kiube.se\\\/fakta\\\/energi-effektivitet\\\/\"]}]},{\"@type\":\"BreadcrumbList\",\"@id\":\"https:\\\/\\\/kiube.se\\\/fakta\\\/energi-effektivitet\\\/#breadcrumb\",\"itemListElement\":[{\"@type\":\"ListItem\",\"position\":1,\"name\":\"Hem\",\"item\":\"https:\\\/\\\/kiube.se\\\/fakta\\\/\"},{\"@type\":\"ListItem\",\"position\":2,\"name\":\"Energi effektivitet utan konverteringar\"}]},{\"@type\":\"WebSite\",\"@id\":\"https:\\\/\\\/kiube.se\\\/fakta\\\/#website\",\"url\":\"https:\\\/\\\/kiube.se\\\/fakta\\\/\",\"name\":\"Impakt\",\"description\":\"Statistik och fakta som st\u00f6d f\u00f6r visualisering och diagram\",\"potentialAction\":[{\"@type\":\"SearchAction\",\"target\":{\"@type\":\"EntryPoint\",\"urlTemplate\":\"https:\\\/\\\/kiube.se\\\/fakta\\\/?s={search_term_string}\"},\"query-input\":{\"@type\":\"PropertyValueSpecification\",\"valueRequired\":true,\"valueName\":\"search_term_string\"}}],\"inLanguage\":\"sv-SE\"}]}<\/script>\n<!-- \/ Yoast SEO plugin. -->","yoast_head_json":{"title":"Energi effektivitet utan konverteringar - Impakt","robots":{"index":"index","follow":"follow","max-snippet":"max-snippet:-1","max-image-preview":"max-image-preview:large","max-video-preview":"max-video-preview:-1"},"canonical":"https:\/\/kiube.se\/fakta\/energi-effektivitet\/","og_locale":"sv_SE","og_type":"article","og_title":"Energi effektivitet utan konverteringar - Impakt","og_description":"F\u00f6rluster i n\u00e4t och konverteringar Likstr\u00f6m till likstr\u00f6m Serverhallar kan spara med likstr\u00f6m, Elinstallat\u00f6ren 6 f\u00f6rdelar med likstr\u00f6m, Elinstallat\u00f6ren Sol och vind gynnar DC-kraft, Elektroniktidningen Konverterings f\u00f6rluster Transportera el med minimala f\u00f6rluster, ABB Fr\u00e5n v\u00e4xelstr\u00f6m till likstr\u00f6m \u2013 s\u00e5 utnyttjas solpaneler b\u00e4ttre, ETC Likstr\u00f6m fr\u00e5n solceller ska spara energi, Ny Teknik N\u00e4tf\u00f6rluster Metoder f\u00f6r kartl\u00e4ggning [&hellip;]","og_url":"https:\/\/kiube.se\/fakta\/energi-effektivitet\/","og_site_name":"Impakt","article_modified_time":"2018-01-23T17:01:46+00:00","twitter_card":"summary_large_image","twitter_misc":{"Ber\u00e4knad l\u00e4stid":"1 minut"},"schema":{"@context":"https:\/\/schema.org","@graph":[{"@type":"WebPage","@id":"https:\/\/kiube.se\/fakta\/energi-effektivitet\/","url":"https:\/\/kiube.se\/fakta\/energi-effektivitet\/","name":"Energi effektivitet utan konverteringar - Impakt","isPartOf":{"@id":"https:\/\/kiube.se\/fakta\/#website"},"datePublished":"2018-01-23T16:21:24+00:00","dateModified":"2018-01-23T17:01:46+00:00","breadcrumb":{"@id":"https:\/\/kiube.se\/fakta\/energi-effektivitet\/#breadcrumb"},"inLanguage":"sv-SE","potentialAction":[{"@type":"ReadAction","target":["https:\/\/kiube.se\/fakta\/energi-effektivitet\/"]}]},{"@type":"BreadcrumbList","@id":"https:\/\/kiube.se\/fakta\/energi-effektivitet\/#breadcrumb","itemListElement":[{"@type":"ListItem","position":1,"name":"Hem","item":"https:\/\/kiube.se\/fakta\/"},{"@type":"ListItem","position":2,"name":"Energi effektivitet utan konverteringar"}]},{"@type":"WebSite","@id":"https:\/\/kiube.se\/fakta\/#website","url":"https:\/\/kiube.se\/fakta\/","name":"Impakt","description":"Statistik och fakta som st\u00f6d f\u00f6r visualisering och diagram","potentialAction":[{"@type":"SearchAction","target":{"@type":"EntryPoint","urlTemplate":"https:\/\/kiube.se\/fakta\/?s={search_term_string}"},"query-input":{"@type":"PropertyValueSpecification","valueRequired":true,"valueName":"search_term_string"}}],"inLanguage":"sv-SE"}]}},"jetpack_sharing_enabled":true,"_links":{"self":[{"href":"https:\/\/kiube.se\/fakta\/wp-json\/wp\/v2\/pages\/235","targetHints":{"allow":["GET"]}}],"collection":[{"href":"https:\/\/kiube.se\/fakta\/wp-json\/wp\/v2\/pages"}],"about":[{"href":"https:\/\/kiube.se\/fakta\/wp-json\/wp\/v2\/types\/page"}],"author":[{"embeddable":true,"href":"https:\/\/kiube.se\/fakta\/wp-json\/wp\/v2\/users\/118"}],"replies":[{"embeddable":true,"href":"https:\/\/kiube.se\/fakta\/wp-json\/wp\/v2\/comments?post=235"}],"version-history":[{"count":0,"href":"https:\/\/kiube.se\/fakta\/wp-json\/wp\/v2\/pages\/235\/revisions"}],"wp:attachment":[{"href":"https:\/\/kiube.se\/fakta\/wp-json\/wp\/v2\/media?parent=235"}],"curies":[{"name":"wp","href":"https:\/\/api.w.org\/{rel}","templated":true}]}}