{"id":190,"date":"2015-06-01T20:28:59","date_gmt":"2015-06-01T18:28:59","guid":{"rendered":"http:\/\/kiube.se\/fakta\/?page_id=190"},"modified":"2021-08-26T15:52:13","modified_gmt":"2021-08-26T13:52:13","slug":"energiomstallning","status":"publish","type":"page","link":"https:\/\/kiube.se\/fakta\/energiomstallning\/","title":{"rendered":"Energiomst\u00e4llning"},"content":{"rendered":"<p>Sydsvenskan hade idag den 26.5 uppgift om energiproduktionen 2013:<\/p>\n<ul>\n<li>K\u00e4rnkraft 63,6 TWh 42,4%,<\/li>\n<li>Vattenkraft 60,9 TWh 40,8%,<\/li>\n<li>Vindkraft 9,8 TWh 6,5 %,<\/li>\n<li>Kraftv\u00e4rme 9,2 TWh 6,2 %,<\/li>\n<li>Kraftv\u00e4rmeindustrin 5,6 TWh 3,8 %,<\/li>\n<\/ul>\n<p style=\"padding-left: 120px;\"><strong>Totalt 149,1 TWh,<\/strong><\/p>\n<p>&nbsp;<\/p>\n<p style=\"text-align: left;\">Enligt Svenska Energimyndighetens statistik 2015<\/p>\n<ul>\n<li>K\u00e4rnkraft 54 TWh 34%,<\/li>\n<li>Vattenkraft 74\u00a0TWh 47%,<\/li>\n<li>Vindkraft 15,8 TWh 10 %,<\/li>\n<li>Kraftv\u00e4rme ?? TWh 9 %,<\/li>\n<li>Kraftv\u00e4rmeindustrin ?? kWh \u00a0??%,<\/li>\n<\/ul>\n<p style=\"padding-left: 150px;\"><strong>Totalt 158 TWh,<\/strong><\/p>\n<ul>\n<li>K\u00e4rnkraft 63,5 TWh<\/li>\n<li>Vattenkraft 59,9 TWh<\/li>\n<li>Sol 0.1 TWh<\/li>\n<li>Vindkraft 15.9 TWh<\/li>\n<li>Kraftv\u00e4rme 14,9 TWh<\/li>\n<li>Kraftv\u00e4rmeindustrin ?? TWh<\/li>\n<\/ul>\n<p style=\"padding-left: 150px;\"><strong>Totalt 154,3 TWh,<\/strong><\/p>\n<p style=\"text-align: left;\">.<\/p>\n<p style=\"text-align: left;\"><a href=\"http:\/\/www.ekonomifakta.se\/Fakta\/Energi\/Elsimulator\/\">Elsimulator<\/a><\/p>\n<p style=\"text-align: right;\">K\u00e4lla:\u00a0<a href=\"http:\/\/www.ekonomifakta.se\/Fakta\/Energi\/Energibalans-i-Sverige\/Elproduktion\/\">Energianv\u00e4ndning fr\u00e5n Energimyndigheten<\/a><\/p>\n","protected":false},"excerpt":{"rendered":"<p>Sydsvenskan hade idag den 26.5 uppgift om energiproduktionen 2013: K\u00e4rnkraft 63,6 TWh 42,4%, Vattenkraft 60,9 TWh 40,8%, Vindkraft 9,8 TWh 6,5 %, Kraftv\u00e4rme 9,2 TWh 6,2 %, Kraftv\u00e4rmeindustrin 5,6 TWh 3,8 %, Totalt 149,1 TWh, &nbsp; Enligt Svenska Energimyndighetens statistik 2015 K\u00e4rnkraft 54 TWh 34%, Vattenkraft 74\u00a0TWh 47%, Vindkraft 15,8 TWh 10 %, Kraftv\u00e4rme ?? [&hellip;]<\/p>\n","protected":false},"author":131,"featured_media":0,"parent":0,"menu_order":0,"comment_status":"open","ping_status":"open","template":"","meta":{"footnotes":""},"class_list":["post-190","page","type-page","status-publish","hentry"],"yoast_head":"<!-- This site is optimized with the Yoast SEO plugin v27.4 - https:\/\/yoast.com\/product\/yoast-seo-wordpress\/ -->\n<title>Energiomst\u00e4llning - Impakt<\/title>\n<meta name=\"robots\" content=\"index, follow, max-snippet:-1, max-image-preview:large, max-video-preview:-1\" \/>\n<link rel=\"canonical\" href=\"https:\/\/kiube.se\/fakta\/energiomstallning\/\" \/>\n<meta property=\"og:locale\" content=\"sv_SE\" \/>\n<meta property=\"og:type\" content=\"article\" \/>\n<meta property=\"og:title\" content=\"Energiomst\u00e4llning - Impakt\" \/>\n<meta property=\"og:description\" content=\"Sydsvenskan hade idag den 26.5 uppgift om energiproduktionen 2013: K\u00e4rnkraft 63,6 TWh 42,4%, Vattenkraft 60,9 TWh 40,8%, Vindkraft 9,8 TWh 6,5 %, Kraftv\u00e4rme 9,2 TWh 6,2 %, Kraftv\u00e4rmeindustrin 5,6 TWh 3,8 %, Totalt 149,1 TWh, &nbsp; Enligt Svenska Energimyndighetens statistik 2015 K\u00e4rnkraft 54 TWh 34%, Vattenkraft 74\u00a0TWh 47%, Vindkraft 15,8 TWh 10 %, Kraftv\u00e4rme ?? [&hellip;]\" \/>\n<meta property=\"og:url\" content=\"https:\/\/kiube.se\/fakta\/energiomstallning\/\" \/>\n<meta property=\"og:site_name\" content=\"Impakt\" \/>\n<meta property=\"article:modified_time\" content=\"2021-08-26T13:52:13+00:00\" \/>\n<meta name=\"twitter:card\" content=\"summary_large_image\" \/>\n<script type=\"application\/ld+json\" class=\"yoast-schema-graph\">{\"@context\":\"https:\\\/\\\/schema.org\",\"@graph\":[{\"@type\":\"WebPage\",\"@id\":\"https:\\\/\\\/kiube.se\\\/fakta\\\/energiomstallning\\\/\",\"url\":\"https:\\\/\\\/kiube.se\\\/fakta\\\/energiomstallning\\\/\",\"name\":\"Energiomst\u00e4llning - Impakt\",\"isPartOf\":{\"@id\":\"https:\\\/\\\/kiube.se\\\/fakta\\\/#website\"},\"datePublished\":\"2015-06-01T18:28:59+00:00\",\"dateModified\":\"2021-08-26T13:52:13+00:00\",\"breadcrumb\":{\"@id\":\"https:\\\/\\\/kiube.se\\\/fakta\\\/energiomstallning\\\/#breadcrumb\"},\"inLanguage\":\"sv-SE\",\"potentialAction\":[{\"@type\":\"ReadAction\",\"target\":[\"https:\\\/\\\/kiube.se\\\/fakta\\\/energiomstallning\\\/\"]}]},{\"@type\":\"BreadcrumbList\",\"@id\":\"https:\\\/\\\/kiube.se\\\/fakta\\\/energiomstallning\\\/#breadcrumb\",\"itemListElement\":[{\"@type\":\"ListItem\",\"position\":1,\"name\":\"Hem\",\"item\":\"https:\\\/\\\/kiube.se\\\/fakta\\\/\"},{\"@type\":\"ListItem\",\"position\":2,\"name\":\"Energiomst\u00e4llning\"}]},{\"@type\":\"WebSite\",\"@id\":\"https:\\\/\\\/kiube.se\\\/fakta\\\/#website\",\"url\":\"https:\\\/\\\/kiube.se\\\/fakta\\\/\",\"name\":\"Impakt\",\"description\":\"Statistik och fakta som st\u00f6d f\u00f6r visualisering och diagram\",\"potentialAction\":[{\"@type\":\"SearchAction\",\"target\":{\"@type\":\"EntryPoint\",\"urlTemplate\":\"https:\\\/\\\/kiube.se\\\/fakta\\\/?s={search_term_string}\"},\"query-input\":{\"@type\":\"PropertyValueSpecification\",\"valueRequired\":true,\"valueName\":\"search_term_string\"}}],\"inLanguage\":\"sv-SE\"}]}<\/script>\n<!-- \/ Yoast SEO plugin. -->","yoast_head_json":{"title":"Energiomst\u00e4llning - Impakt","robots":{"index":"index","follow":"follow","max-snippet":"max-snippet:-1","max-image-preview":"max-image-preview:large","max-video-preview":"max-video-preview:-1"},"canonical":"https:\/\/kiube.se\/fakta\/energiomstallning\/","og_locale":"sv_SE","og_type":"article","og_title":"Energiomst\u00e4llning - Impakt","og_description":"Sydsvenskan hade idag den 26.5 uppgift om energiproduktionen 2013: K\u00e4rnkraft 63,6 TWh 42,4%, Vattenkraft 60,9 TWh 40,8%, Vindkraft 9,8 TWh 6,5 %, Kraftv\u00e4rme 9,2 TWh 6,2 %, Kraftv\u00e4rmeindustrin 5,6 TWh 3,8 %, Totalt 149,1 TWh, &nbsp; Enligt Svenska Energimyndighetens statistik 2015 K\u00e4rnkraft 54 TWh 34%, Vattenkraft 74\u00a0TWh 47%, Vindkraft 15,8 TWh 10 %, Kraftv\u00e4rme ?? [&hellip;]","og_url":"https:\/\/kiube.se\/fakta\/energiomstallning\/","og_site_name":"Impakt","article_modified_time":"2021-08-26T13:52:13+00:00","twitter_card":"summary_large_image","schema":{"@context":"https:\/\/schema.org","@graph":[{"@type":"WebPage","@id":"https:\/\/kiube.se\/fakta\/energiomstallning\/","url":"https:\/\/kiube.se\/fakta\/energiomstallning\/","name":"Energiomst\u00e4llning - Impakt","isPartOf":{"@id":"https:\/\/kiube.se\/fakta\/#website"},"datePublished":"2015-06-01T18:28:59+00:00","dateModified":"2021-08-26T13:52:13+00:00","breadcrumb":{"@id":"https:\/\/kiube.se\/fakta\/energiomstallning\/#breadcrumb"},"inLanguage":"sv-SE","potentialAction":[{"@type":"ReadAction","target":["https:\/\/kiube.se\/fakta\/energiomstallning\/"]}]},{"@type":"BreadcrumbList","@id":"https:\/\/kiube.se\/fakta\/energiomstallning\/#breadcrumb","itemListElement":[{"@type":"ListItem","position":1,"name":"Hem","item":"https:\/\/kiube.se\/fakta\/"},{"@type":"ListItem","position":2,"name":"Energiomst\u00e4llning"}]},{"@type":"WebSite","@id":"https:\/\/kiube.se\/fakta\/#website","url":"https:\/\/kiube.se\/fakta\/","name":"Impakt","description":"Statistik och fakta som st\u00f6d f\u00f6r visualisering och diagram","potentialAction":[{"@type":"SearchAction","target":{"@type":"EntryPoint","urlTemplate":"https:\/\/kiube.se\/fakta\/?s={search_term_string}"},"query-input":{"@type":"PropertyValueSpecification","valueRequired":true,"valueName":"search_term_string"}}],"inLanguage":"sv-SE"}]}},"jetpack_sharing_enabled":true,"_links":{"self":[{"href":"https:\/\/kiube.se\/fakta\/wp-json\/wp\/v2\/pages\/190","targetHints":{"allow":["GET"]}}],"collection":[{"href":"https:\/\/kiube.se\/fakta\/wp-json\/wp\/v2\/pages"}],"about":[{"href":"https:\/\/kiube.se\/fakta\/wp-json\/wp\/v2\/types\/page"}],"author":[{"embeddable":true,"href":"https:\/\/kiube.se\/fakta\/wp-json\/wp\/v2\/users\/131"}],"replies":[{"embeddable":true,"href":"https:\/\/kiube.se\/fakta\/wp-json\/wp\/v2\/comments?post=190"}],"version-history":[{"count":0,"href":"https:\/\/kiube.se\/fakta\/wp-json\/wp\/v2\/pages\/190\/revisions"}],"wp:attachment":[{"href":"https:\/\/kiube.se\/fakta\/wp-json\/wp\/v2\/media?parent=190"}],"curies":[{"name":"wp","href":"https:\/\/api.w.org\/{rel}","templated":true}]}}