{"id":77,"date":"2011-06-13T13:55:46","date_gmt":"2011-06-13T13:55:46","guid":{"rendered":"http:\/\/kiube.se\/x052\/?page_id=77"},"modified":"2011-06-13T13:55:46","modified_gmt":"2011-06-13T13:55:46","slug":"inlagg","status":"publish","type":"page","link":"http:\/\/kiube.se\/x052\/inlagg\/","title":{"rendered":"Inl\u00e4gg"},"content":{"rendered":"","protected":false},"excerpt":{"rendered":"","protected":false},"author":1,"featured_media":0,"parent":0,"menu_order":0,"comment_status":"open","ping_status":"open","template":"","meta":{"jetpack_post_was_ever_published":false,"footnotes":""},"class_list":["post-77","page","type-page","status-publish"],"yoast_head":"<!-- This site is optimized with the Yoast SEO plugin v27.5 - https:\/\/yoast.com\/product\/yoast-seo-wordpress\/ -->\n<title>Inl\u00e4gg - Husboken Bj\u00f6rkv\u00e4gen 3<\/title>\n<meta name=\"robots\" content=\"index, follow, max-snippet:-1, max-image-preview:large, max-video-preview:-1\" \/>\n<link rel=\"canonical\" href=\"http:\/\/kiube.se\/x052\/inlagg\/\" \/>\n<meta property=\"og:locale\" content=\"sv_SE\" \/>\n<meta property=\"og:type\" content=\"article\" \/>\n<meta property=\"og:title\" content=\"Inl\u00e4gg - Husboken Bj\u00f6rkv\u00e4gen 3\" \/>\n<meta property=\"og:url\" content=\"http:\/\/kiube.se\/x052\/inlagg\/\" \/>\n<meta property=\"og:site_name\" content=\"Husboken Bj\u00f6rkv\u00e4gen 3\" \/>\n<meta name=\"twitter:card\" content=\"summary_large_image\" \/>\n<script type=\"application\/ld+json\" class=\"yoast-schema-graph\">{\"@context\":\"https:\\\/\\\/schema.org\",\"@graph\":[{\"@type\":\"WebPage\",\"@id\":\"http:\\\/\\\/kiube.se\\\/x052\\\/inlagg\\\/\",\"url\":\"http:\\\/\\\/kiube.se\\\/x052\\\/inlagg\\\/\",\"name\":\"Inl\u00e4gg - Husboken Bj\u00f6rkv\u00e4gen 3\",\"isPartOf\":{\"@id\":\"http:\\\/\\\/kiube.se\\\/x052\\\/#website\"},\"datePublished\":\"2011-06-13T13:55:46+00:00\",\"breadcrumb\":{\"@id\":\"http:\\\/\\\/kiube.se\\\/x052\\\/inlagg\\\/#breadcrumb\"},\"inLanguage\":\"sv-SE\",\"potentialAction\":[{\"@type\":\"ReadAction\",\"target\":[\"http:\\\/\\\/kiube.se\\\/x052\\\/inlagg\\\/\"]}]},{\"@type\":\"BreadcrumbList\",\"@id\":\"http:\\\/\\\/kiube.se\\\/x052\\\/inlagg\\\/#breadcrumb\",\"itemListElement\":[{\"@type\":\"ListItem\",\"position\":1,\"name\":\"Hem\",\"item\":\"http:\\\/\\\/kiube.se\\\/x052\\\/\"},{\"@type\":\"ListItem\",\"position\":2,\"name\":\"Inl\u00e4gg\"}]},{\"@type\":\"WebSite\",\"@id\":\"http:\\\/\\\/kiube.se\\\/x052\\\/#website\",\"url\":\"http:\\\/\\\/kiube.se\\\/x052\\\/\",\"name\":\"Husboken Bj\u00f6rkv\u00e4gen 3\",\"description\":\"Min support\",\"potentialAction\":[{\"@type\":\"SearchAction\",\"target\":{\"@type\":\"EntryPoint\",\"urlTemplate\":\"http:\\\/\\\/kiube.se\\\/x052\\\/?s={search_term_string}\"},\"query-input\":{\"@type\":\"PropertyValueSpecification\",\"valueRequired\":true,\"valueName\":\"search_term_string\"}}],\"inLanguage\":\"sv-SE\"}]}<\/script>\n<!-- \/ Yoast SEO plugin. -->","yoast_head_json":{"title":"Inl\u00e4gg - Husboken Bj\u00f6rkv\u00e4gen 3","robots":{"index":"index","follow":"follow","max-snippet":"max-snippet:-1","max-image-preview":"max-image-preview:large","max-video-preview":"max-video-preview:-1"},"canonical":"http:\/\/kiube.se\/x052\/inlagg\/","og_locale":"sv_SE","og_type":"article","og_title":"Inl\u00e4gg - Husboken Bj\u00f6rkv\u00e4gen 3","og_url":"http:\/\/kiube.se\/x052\/inlagg\/","og_site_name":"Husboken Bj\u00f6rkv\u00e4gen 3","twitter_card":"summary_large_image","schema":{"@context":"https:\/\/schema.org","@graph":[{"@type":"WebPage","@id":"http:\/\/kiube.se\/x052\/inlagg\/","url":"http:\/\/kiube.se\/x052\/inlagg\/","name":"Inl\u00e4gg - Husboken Bj\u00f6rkv\u00e4gen 3","isPartOf":{"@id":"http:\/\/kiube.se\/x052\/#website"},"datePublished":"2011-06-13T13:55:46+00:00","breadcrumb":{"@id":"http:\/\/kiube.se\/x052\/inlagg\/#breadcrumb"},"inLanguage":"sv-SE","potentialAction":[{"@type":"ReadAction","target":["http:\/\/kiube.se\/x052\/inlagg\/"]}]},{"@type":"BreadcrumbList","@id":"http:\/\/kiube.se\/x052\/inlagg\/#breadcrumb","itemListElement":[{"@type":"ListItem","position":1,"name":"Hem","item":"http:\/\/kiube.se\/x052\/"},{"@type":"ListItem","position":2,"name":"Inl\u00e4gg"}]},{"@type":"WebSite","@id":"http:\/\/kiube.se\/x052\/#website","url":"http:\/\/kiube.se\/x052\/","name":"Husboken Bj\u00f6rkv\u00e4gen 3","description":"Min support","potentialAction":[{"@type":"SearchAction","target":{"@type":"EntryPoint","urlTemplate":"http:\/\/kiube.se\/x052\/?s={search_term_string}"},"query-input":{"@type":"PropertyValueSpecification","valueRequired":true,"valueName":"search_term_string"}}],"inLanguage":"sv-SE"}]}},"jetpack_shortlink":"https:\/\/wp.me\/P1Gn8d-1f","jetpack-related-posts":[],"_links":{"self":[{"href":"http:\/\/kiube.se\/x052\/wp-json\/wp\/v2\/pages\/77","targetHints":{"allow":["GET"]}}],"collection":[{"href":"http:\/\/kiube.se\/x052\/wp-json\/wp\/v2\/pages"}],"about":[{"href":"http:\/\/kiube.se\/x052\/wp-json\/wp\/v2\/types\/page"}],"author":[{"embeddable":true,"href":"http:\/\/kiube.se\/x052\/wp-json\/wp\/v2\/users\/1"}],"replies":[{"embeddable":true,"href":"http:\/\/kiube.se\/x052\/wp-json\/wp\/v2\/comments?post=77"}],"version-history":[{"count":0,"href":"http:\/\/kiube.se\/x052\/wp-json\/wp\/v2\/pages\/77\/revisions"}],"wp:attachment":[{"href":"http:\/\/kiube.se\/x052\/wp-json\/wp\/v2\/media?parent=77"}],"curies":[{"name":"wp","href":"https:\/\/api.w.org\/{rel}","templated":true}]}}