{"id":21,"date":"2015-11-14T12:17:08","date_gmt":"2015-11-14T11:17:08","guid":{"rendered":"http:\/\/kiube.se\/no004\/?page_id=21"},"modified":"2020-02-04T14:54:42","modified_gmt":"2020-02-04T13:54:42","slug":"design-philosofi","status":"publish","type":"page","link":"http:\/\/kiube.se\/no004\/?page_id=21","title":{"rendered":"Designphilosofi"},"content":{"rendered":"<p>p100Newton<\/p>\n<ul>\n<li>50 Year lifecycle<\/li>\n<li>modul\u00e4r design<\/li>\n<li>Resursn\u00e5l tillverkning och utvecklingsprocess (l\u00e4tta o gr\u00f6na)<\/li>\n<li>Anv\u00e4ndbart under l\u00e5ng tid, b\u00e5de fysiskt och utseendem\u00e4ssigt<\/li>\n<li>L\u00e5g milj\u00f6belastning under produktens hela livscykel (50Y)<\/li>\n<\/ul>\n<hr \/>\n<p>Exempel<br \/>\n<iframe loading=\"lazy\" src=\"https:\/\/www.youtube.com\/embed\/037CAW4Yeug\" width=\"853\" height=\"480\" frameborder=\"0\" allowfullscreen=\"allowfullscreen\"><\/iframe><\/p>\n","protected":false},"excerpt":{"rendered":"<p>p100Newton 50 Year lifecycle modul\u00e4r design Resursn\u00e5l tillverkning och utvecklingsprocess (l\u00e4tta o gr\u00f6na) Anv\u00e4ndbart under l\u00e5ng tid, b\u00e5de fysiskt och utseendem\u00e4ssigt L\u00e5g milj\u00f6belastning under produktens hela livscykel (50Y) Exempel<\/p>\n","protected":false},"author":131,"featured_media":0,"parent":0,"menu_order":0,"comment_status":"closed","ping_status":"closed","template":"","meta":{"footnotes":""},"class_list":["post-21","page","type-page","status-publish","hentry","has-post-title","has-post-date","has-post-category","has-post-tag","has-post-comment","has-post-author",""],"yoast_head":"<!-- This site is optimized with the Yoast SEO plugin v27.4 - https:\/\/yoast.com\/product\/yoast-seo-wordpress\/ -->\n<title>Designphilosofi - 100N50Y<\/title>\n<meta name=\"robots\" content=\"index, follow, max-snippet:-1, max-image-preview:large, max-video-preview:-1\" \/>\n<link rel=\"canonical\" href=\"http:\/\/kiube.se\/no004\/?page_id=21\" \/>\n<meta property=\"og:locale\" content=\"sv_SE\" \/>\n<meta property=\"og:type\" content=\"article\" \/>\n<meta property=\"og:title\" content=\"Designphilosofi - 100N50Y\" \/>\n<meta property=\"og:description\" content=\"p100Newton 50 Year lifecycle modul\u00e4r design Resursn\u00e5l tillverkning och utvecklingsprocess (l\u00e4tta o gr\u00f6na) Anv\u00e4ndbart under l\u00e5ng tid, b\u00e5de fysiskt och utseendem\u00e4ssigt L\u00e5g milj\u00f6belastning under produktens hela livscykel (50Y) Exempel\" \/>\n<meta property=\"og:url\" content=\"http:\/\/kiube.se\/no004\/?page_id=21\" \/>\n<meta property=\"og:site_name\" content=\"100N50Y\" \/>\n<meta property=\"article:modified_time\" content=\"2020-02-04T13:54:42+00:00\" \/>\n<meta name=\"twitter:card\" content=\"summary_large_image\" \/>\n<script type=\"application\/ld+json\" class=\"yoast-schema-graph\">{\"@context\":\"https:\\\/\\\/schema.org\",\"@graph\":[{\"@type\":\"WebPage\",\"@id\":\"http:\\\/\\\/kiube.se\\\/no004\\\/?page_id=21\",\"url\":\"http:\\\/\\\/kiube.se\\\/no004\\\/?page_id=21\",\"name\":\"Designphilosofi - 100N50Y\",\"isPartOf\":{\"@id\":\"http:\\\/\\\/kiube.se\\\/no004\\\/#website\"},\"datePublished\":\"2015-11-14T11:17:08+00:00\",\"dateModified\":\"2020-02-04T13:54:42+00:00\",\"breadcrumb\":{\"@id\":\"http:\\\/\\\/kiube.se\\\/no004\\\/?page_id=21#breadcrumb\"},\"inLanguage\":\"sv-SE\",\"potentialAction\":[{\"@type\":\"ReadAction\",\"target\":[\"http:\\\/\\\/kiube.se\\\/no004\\\/?page_id=21\"]}]},{\"@type\":\"BreadcrumbList\",\"@id\":\"http:\\\/\\\/kiube.se\\\/no004\\\/?page_id=21#breadcrumb\",\"itemListElement\":[{\"@type\":\"ListItem\",\"position\":1,\"name\":\"Hem\",\"item\":\"http:\\\/\\\/kiube.se\\\/no004\"},{\"@type\":\"ListItem\",\"position\":2,\"name\":\"Designphilosofi\"}]},{\"@type\":\"WebSite\",\"@id\":\"http:\\\/\\\/kiube.se\\\/no004\\\/#website\",\"url\":\"http:\\\/\\\/kiube.se\\\/no004\\\/\",\"name\":\"100N50Y\",\"description\":\"Projekt #004 - Smarta transporter med smarta fordon\",\"potentialAction\":[{\"@type\":\"SearchAction\",\"target\":{\"@type\":\"EntryPoint\",\"urlTemplate\":\"http:\\\/\\\/kiube.se\\\/no004\\\/?s={search_term_string}\"},\"query-input\":{\"@type\":\"PropertyValueSpecification\",\"valueRequired\":true,\"valueName\":\"search_term_string\"}}],\"inLanguage\":\"sv-SE\"}]}<\/script>\n<!-- \/ Yoast SEO plugin. -->","yoast_head_json":{"title":"Designphilosofi - 100N50Y","robots":{"index":"index","follow":"follow","max-snippet":"max-snippet:-1","max-image-preview":"max-image-preview:large","max-video-preview":"max-video-preview:-1"},"canonical":"http:\/\/kiube.se\/no004\/?page_id=21","og_locale":"sv_SE","og_type":"article","og_title":"Designphilosofi - 100N50Y","og_description":"p100Newton 50 Year lifecycle modul\u00e4r design Resursn\u00e5l tillverkning och utvecklingsprocess (l\u00e4tta o gr\u00f6na) Anv\u00e4ndbart under l\u00e5ng tid, b\u00e5de fysiskt och utseendem\u00e4ssigt L\u00e5g milj\u00f6belastning under produktens hela livscykel (50Y) Exempel","og_url":"http:\/\/kiube.se\/no004\/?page_id=21","og_site_name":"100N50Y","article_modified_time":"2020-02-04T13:54:42+00:00","twitter_card":"summary_large_image","schema":{"@context":"https:\/\/schema.org","@graph":[{"@type":"WebPage","@id":"http:\/\/kiube.se\/no004\/?page_id=21","url":"http:\/\/kiube.se\/no004\/?page_id=21","name":"Designphilosofi - 100N50Y","isPartOf":{"@id":"http:\/\/kiube.se\/no004\/#website"},"datePublished":"2015-11-14T11:17:08+00:00","dateModified":"2020-02-04T13:54:42+00:00","breadcrumb":{"@id":"http:\/\/kiube.se\/no004\/?page_id=21#breadcrumb"},"inLanguage":"sv-SE","potentialAction":[{"@type":"ReadAction","target":["http:\/\/kiube.se\/no004\/?page_id=21"]}]},{"@type":"BreadcrumbList","@id":"http:\/\/kiube.se\/no004\/?page_id=21#breadcrumb","itemListElement":[{"@type":"ListItem","position":1,"name":"Hem","item":"http:\/\/kiube.se\/no004"},{"@type":"ListItem","position":2,"name":"Designphilosofi"}]},{"@type":"WebSite","@id":"http:\/\/kiube.se\/no004\/#website","url":"http:\/\/kiube.se\/no004\/","name":"100N50Y","description":"Projekt #004 - Smarta transporter med smarta fordon","potentialAction":[{"@type":"SearchAction","target":{"@type":"EntryPoint","urlTemplate":"http:\/\/kiube.se\/no004\/?s={search_term_string}"},"query-input":{"@type":"PropertyValueSpecification","valueRequired":true,"valueName":"search_term_string"}}],"inLanguage":"sv-SE"}]}},"builder_content":"","_links":{"self":[{"href":"http:\/\/kiube.se\/no004\/index.php?rest_route=\/wp\/v2\/pages\/21","targetHints":{"allow":["GET"]}}],"collection":[{"href":"http:\/\/kiube.se\/no004\/index.php?rest_route=\/wp\/v2\/pages"}],"about":[{"href":"http:\/\/kiube.se\/no004\/index.php?rest_route=\/wp\/v2\/types\/page"}],"author":[{"embeddable":true,"href":"http:\/\/kiube.se\/no004\/index.php?rest_route=\/wp\/v2\/users\/131"}],"replies":[{"embeddable":true,"href":"http:\/\/kiube.se\/no004\/index.php?rest_route=%2Fwp%2Fv2%2Fcomments&post=21"}],"version-history":[{"count":0,"href":"http:\/\/kiube.se\/no004\/index.php?rest_route=\/wp\/v2\/pages\/21\/revisions"}],"wp:attachment":[{"href":"http:\/\/kiube.se\/no004\/index.php?rest_route=%2Fwp%2Fv2%2Fmedia&parent=21"}],"curies":[{"name":"wp","href":"https:\/\/api.w.org\/{rel}","templated":true}]}}