{"id":19,"date":"2015-11-14T12:10:58","date_gmt":"2015-11-14T11:10:58","guid":{"rendered":"http:\/\/kiube.se\/no004\/?page_id=19"},"modified":"2020-01-19T11:55:17","modified_gmt":"2020-01-19T10:55:17","slug":"system-design","status":"publish","type":"page","link":"http:\/\/kiube.se\/no004\/?page_id=19","title":{"rendered":"Systemdesign"},"content":{"rendered":"<p>F\u00f6ljande systemdesign utg\u00e5r ifr\u00e5n en livscykel och ekosystemt\u00e4nkande av ett transportsystem som f\u00e5r sin energi tillf\u00f6rd och alstrad av solen, och energi distribuerad genom ett n\u00e4tverk av laddstationer. Varje plats som alstrar energi \u00e4r en sk Oikos. En Oikos ett habitat, en plats, en hamn \u00e4r en\u00a0d\u00e4rf\u00f6r en naturlig del i att fylla p\u00e5 med energi och \u00a0f\u00f6ruts\u00e4ttning f\u00f6r att ett transportsystem ska fungera och, d\u00e4rf\u00f6r \u00e4r det med som en viktig del i Systemdesignen.<\/p>\n<p><em>The term\u00a0oikos\u00a0can be confusing, as it refers to a number of related but distinct concepts: the family, the household, and the physical property itself, and its meaning shifts even within texts.<\/em><\/p>\n<p>Projekt #004<\/p>\n<p>Niv\u00e5er<\/p>\n<p>A \u00d6verordnat system Oikos<\/p>\n<p>B System N10050Y<\/p>\n<p>C Delssystem<\/p>\n<p>D Komponent<\/p>\n\n<p><a href=\"http:\/\/s3.eu-north-1.amazonaws.com\/kiube.se\/wp-content\/uploads\/sites\/87\/2015\/11\/26181345\/gr%C3%A4nssnitt.001.png\"><img loading=\"lazy\" decoding=\"async\" class=\"alignnone size-full wp-image-25\" src=\"http:\/\/s3.eu-north-1.amazonaws.com\/kiube.se\/wp-content\/uploads\/sites\/87\/2015\/11\/26181345\/gr%C3%A4nssnitt.001.png\" alt=\"gr\u00e4nssnitt.001\" width=\"1024\" height=\"768\" srcset=\"http:\/\/s3.eu-north-1.amazonaws.com\/kiube.se\/wp-content\/uploads\/sites\/87\/2015\/11\/26181345\/gr%C3%A4nssnitt.001.png 1024w, http:\/\/s3.eu-north-1.amazonaws.com\/kiube.se\/wp-content\/uploads\/sites\/87\/2015\/11\/26181345\/gr%C3%A4nssnitt.001-300x225.png 300w, http:\/\/s3.eu-north-1.amazonaws.com\/kiube.se\/wp-content\/uploads\/sites\/87\/2015\/11\/26181345\/gr%C3%A4nssnitt.001-400x300.png 400w\" sizes=\"auto, (max-width: 1024px) 100vw, 1024px\" \/><\/a><\/p>\n<p>Mekanisk<\/p>\n<p>Kraft<\/p>\n<p>Data (Styr och Regler)<\/p>\n<p>Failsafe<\/p>\n","protected":false},"excerpt":{"rendered":"<p>F\u00f6ljande systemdesign utg\u00e5r ifr\u00e5n en livscykel och ekosystemt\u00e4nkande av ett transportsystem som f\u00e5r sin energi tillf\u00f6rd och alstrad av solen, och energi distribuerad genom ett n\u00e4tverk av laddstationer. Varje plats som alstrar energi \u00e4r en sk Oikos. En Oikos ett habitat, en plats, en hamn \u00e4r en\u00a0d\u00e4rf\u00f6r en naturlig del i att fylla p\u00e5 med [&hellip;]<\/p>\n","protected":false},"author":131,"featured_media":0,"parent":0,"menu_order":0,"comment_status":"closed","ping_status":"closed","template":"","meta":{"footnotes":""},"class_list":["post-19","page","type-page","status-publish","hentry","has-post-title","has-post-date","has-post-category","has-post-tag","has-post-comment","has-post-author",""],"yoast_head":"<!-- This site is optimized with the Yoast SEO plugin v27.4 - https:\/\/yoast.com\/product\/yoast-seo-wordpress\/ -->\n<title>Systemdesign - 100N50Y<\/title>\n<meta name=\"robots\" content=\"index, follow, max-snippet:-1, max-image-preview:large, max-video-preview:-1\" \/>\n<link rel=\"canonical\" href=\"http:\/\/kiube.se\/no004\/?page_id=19\" \/>\n<meta property=\"og:locale\" content=\"sv_SE\" \/>\n<meta property=\"og:type\" content=\"article\" \/>\n<meta property=\"og:title\" content=\"Systemdesign - 100N50Y\" \/>\n<meta property=\"og:description\" content=\"F\u00f6ljande systemdesign utg\u00e5r ifr\u00e5n en livscykel och ekosystemt\u00e4nkande av ett transportsystem som f\u00e5r sin energi tillf\u00f6rd och alstrad av solen, och energi distribuerad genom ett n\u00e4tverk av laddstationer. Varje plats som alstrar energi \u00e4r en sk Oikos. En Oikos ett habitat, en plats, en hamn \u00e4r en\u00a0d\u00e4rf\u00f6r en naturlig del i att fylla p\u00e5 med [&hellip;]\" \/>\n<meta property=\"og:url\" content=\"http:\/\/kiube.se\/no004\/?page_id=19\" \/>\n<meta property=\"og:site_name\" content=\"100N50Y\" \/>\n<meta property=\"article:modified_time\" content=\"2020-01-19T10:55:17+00:00\" \/>\n<meta name=\"twitter:card\" content=\"summary_large_image\" \/>\n<meta name=\"twitter:label1\" content=\"Ber\u00e4knad l\u00e4stid\" \/>\n\t<meta name=\"twitter:data1\" content=\"1 minut\" \/>\n<script type=\"application\/ld+json\" class=\"yoast-schema-graph\">{\"@context\":\"https:\\\/\\\/schema.org\",\"@graph\":[{\"@type\":\"WebPage\",\"@id\":\"http:\\\/\\\/kiube.se\\\/no004\\\/?page_id=19\",\"url\":\"http:\\\/\\\/kiube.se\\\/no004\\\/?page_id=19\",\"name\":\"Systemdesign - 100N50Y\",\"isPartOf\":{\"@id\":\"http:\\\/\\\/kiube.se\\\/no004\\\/#website\"},\"datePublished\":\"2015-11-14T11:10:58+00:00\",\"dateModified\":\"2020-01-19T10:55:17+00:00\",\"breadcrumb\":{\"@id\":\"http:\\\/\\\/kiube.se\\\/no004\\\/?page_id=19#breadcrumb\"},\"inLanguage\":\"sv-SE\",\"potentialAction\":[{\"@type\":\"ReadAction\",\"target\":[\"http:\\\/\\\/kiube.se\\\/no004\\\/?page_id=19\"]}]},{\"@type\":\"BreadcrumbList\",\"@id\":\"http:\\\/\\\/kiube.se\\\/no004\\\/?page_id=19#breadcrumb\",\"itemListElement\":[{\"@type\":\"ListItem\",\"position\":1,\"name\":\"Hem\",\"item\":\"http:\\\/\\\/kiube.se\\\/no004\"},{\"@type\":\"ListItem\",\"position\":2,\"name\":\"Systemdesign\"}]},{\"@type\":\"WebSite\",\"@id\":\"http:\\\/\\\/kiube.se\\\/no004\\\/#website\",\"url\":\"http:\\\/\\\/kiube.se\\\/no004\\\/\",\"name\":\"100N50Y\",\"description\":\"Projekt #004 - Smarta transporter med smarta fordon\",\"potentialAction\":[{\"@type\":\"SearchAction\",\"target\":{\"@type\":\"EntryPoint\",\"urlTemplate\":\"http:\\\/\\\/kiube.se\\\/no004\\\/?s={search_term_string}\"},\"query-input\":{\"@type\":\"PropertyValueSpecification\",\"valueRequired\":true,\"valueName\":\"search_term_string\"}}],\"inLanguage\":\"sv-SE\"}]}<\/script>\n<!-- \/ Yoast SEO plugin. -->","yoast_head_json":{"title":"Systemdesign - 100N50Y","robots":{"index":"index","follow":"follow","max-snippet":"max-snippet:-1","max-image-preview":"max-image-preview:large","max-video-preview":"max-video-preview:-1"},"canonical":"http:\/\/kiube.se\/no004\/?page_id=19","og_locale":"sv_SE","og_type":"article","og_title":"Systemdesign - 100N50Y","og_description":"F\u00f6ljande systemdesign utg\u00e5r ifr\u00e5n en livscykel och ekosystemt\u00e4nkande av ett transportsystem som f\u00e5r sin energi tillf\u00f6rd och alstrad av solen, och energi distribuerad genom ett n\u00e4tverk av laddstationer. Varje plats som alstrar energi \u00e4r en sk Oikos. En Oikos ett habitat, en plats, en hamn \u00e4r en\u00a0d\u00e4rf\u00f6r en naturlig del i att fylla p\u00e5 med [&hellip;]","og_url":"http:\/\/kiube.se\/no004\/?page_id=19","og_site_name":"100N50Y","article_modified_time":"2020-01-19T10:55:17+00:00","twitter_card":"summary_large_image","twitter_misc":{"Ber\u00e4knad l\u00e4stid":"1 minut"},"schema":{"@context":"https:\/\/schema.org","@graph":[{"@type":"WebPage","@id":"http:\/\/kiube.se\/no004\/?page_id=19","url":"http:\/\/kiube.se\/no004\/?page_id=19","name":"Systemdesign - 100N50Y","isPartOf":{"@id":"http:\/\/kiube.se\/no004\/#website"},"datePublished":"2015-11-14T11:10:58+00:00","dateModified":"2020-01-19T10:55:17+00:00","breadcrumb":{"@id":"http:\/\/kiube.se\/no004\/?page_id=19#breadcrumb"},"inLanguage":"sv-SE","potentialAction":[{"@type":"ReadAction","target":["http:\/\/kiube.se\/no004\/?page_id=19"]}]},{"@type":"BreadcrumbList","@id":"http:\/\/kiube.se\/no004\/?page_id=19#breadcrumb","itemListElement":[{"@type":"ListItem","position":1,"name":"Hem","item":"http:\/\/kiube.se\/no004"},{"@type":"ListItem","position":2,"name":"Systemdesign"}]},{"@type":"WebSite","@id":"http:\/\/kiube.se\/no004\/#website","url":"http:\/\/kiube.se\/no004\/","name":"100N50Y","description":"Projekt #004 - Smarta transporter med smarta fordon","potentialAction":[{"@type":"SearchAction","target":{"@type":"EntryPoint","urlTemplate":"http:\/\/kiube.se\/no004\/?s={search_term_string}"},"query-input":{"@type":"PropertyValueSpecification","valueRequired":true,"valueName":"search_term_string"}}],"inLanguage":"sv-SE"}]}},"builder_content":"","_links":{"self":[{"href":"http:\/\/kiube.se\/no004\/index.php?rest_route=\/wp\/v2\/pages\/19","targetHints":{"allow":["GET"]}}],"collection":[{"href":"http:\/\/kiube.se\/no004\/index.php?rest_route=\/wp\/v2\/pages"}],"about":[{"href":"http:\/\/kiube.se\/no004\/index.php?rest_route=\/wp\/v2\/types\/page"}],"author":[{"embeddable":true,"href":"http:\/\/kiube.se\/no004\/index.php?rest_route=\/wp\/v2\/users\/131"}],"replies":[{"embeddable":true,"href":"http:\/\/kiube.se\/no004\/index.php?rest_route=%2Fwp%2Fv2%2Fcomments&post=19"}],"version-history":[{"count":0,"href":"http:\/\/kiube.se\/no004\/index.php?rest_route=\/wp\/v2\/pages\/19\/revisions"}],"wp:attachment":[{"href":"http:\/\/kiube.se\/no004\/index.php?rest_route=%2Fwp%2Fv2%2Fmedia&parent=19"}],"curies":[{"name":"wp","href":"https:\/\/api.w.org\/{rel}","templated":true}]}}