{"id":42,"date":"2012-03-05T16:13:15","date_gmt":"2012-03-05T15:13:15","guid":{"rendered":"http:\/\/x046.local\/innovation\/?page_id=42"},"modified":"2012-10-12T08:13:02","modified_gmt":"2012-10-12T07:13:02","slug":"manifest","status":"publish","type":"page","link":"http:\/\/kiube.se\/innovation\/?page_id=42","title":{"rendered":"Manifest"},"content":{"rendered":"<ol>\n<li>\n<h2>Vad \u00e4r innovation<\/h2>\n<\/li>\n<li>\n<h2><a title=\"Kapitalf\u00f6rs\u00f6rjning\" href=\"http:\/\/kiube.se\/innovation\/?page_id=54\">Kapitaltillg\u00e5ng<\/a><\/h2>\n<\/li>\n<li>\n<h2>Kompetensf\u00f6rs\u00f6rjning<\/h2>\n<\/li>\n<li>\n<h2>Internationalisering<\/h2>\n<\/li>\n<li>\n<h2>F\u00f6renkla f\u00f6r entrepren\u00f6ren<\/h2>\n<\/li>\n<li>\n<h2><a href=\"http:\/\/kiube.se\/innovation\/?page_id=101\">Vad \u00e4r syftet?<\/a><\/h2>\n<\/li>\n<li>\n<h2>R\u00e5dgivning<\/h2>\n<\/li>\n<li>\n<h2>Lean Startup-\u00a0f\u00f6r att utveckla och v\u00e4rdera ideer<\/h2>\n<\/li>\n<li>\n<h2>Fokus p\u00e5 m\u00e4nniskor<\/h2>\n<\/li>\n<li>\n<h2>Akademins roll<\/h2>\n<\/li>\n<li>\n<h2>Fakta<\/h2>\n<\/li>\n<\/ol>\n","protected":false},"excerpt":{"rendered":"<p>Vad \u00e4r innovation Kapitaltillg\u00e5ng Kompetensf\u00f6rs\u00f6rjning Internationalisering F\u00f6renkla f\u00f6r entrepren\u00f6ren Vad \u00e4r syftet? R\u00e5dgivning Lean Startup-\u00a0f\u00f6r att utveckla och v\u00e4rdera ideer Fokus p\u00e5 m\u00e4nniskor Akademins roll Fakta<\/p>\n","protected":false},"author":1,"featured_media":0,"parent":0,"menu_order":0,"comment_status":"open","ping_status":"open","template":"page.php","meta":{"footnotes":""},"class_list":["post-42","page","type-page","status-publish","hentry"],"yoast_head":"<!-- This site is optimized with the Yoast SEO plugin v27.4 - https:\/\/yoast.com\/product\/yoast-seo-wordpress\/ -->\n<title>Manifest - Plattformskooperativ<\/title>\n<meta name=\"robots\" content=\"noindex, follow, max-snippet:-1, max-image-preview:large, max-video-preview:-1\" \/>\n<meta property=\"og:locale\" content=\"sv_SE\" \/>\n<meta property=\"og:type\" content=\"article\" \/>\n<meta property=\"og:title\" content=\"Manifest - Plattformskooperativ\" \/>\n<meta property=\"og:description\" content=\"Vad \u00e4r innovation Kapitaltillg\u00e5ng Kompetensf\u00f6rs\u00f6rjning Internationalisering F\u00f6renkla f\u00f6r entrepren\u00f6ren Vad \u00e4r syftet? R\u00e5dgivning Lean Startup-\u00a0f\u00f6r att utveckla och v\u00e4rdera ideer Fokus p\u00e5 m\u00e4nniskor Akademins roll Fakta\" \/>\n<meta property=\"og:url\" content=\"http:\/\/kiube.se\/innovation\/?page_id=42\" \/>\n<meta property=\"og:site_name\" content=\"Plattformskooperativ\" \/>\n<meta property=\"article:modified_time\" content=\"2012-10-12T07:13:02+00:00\" \/>\n<meta name=\"twitter:card\" content=\"summary_large_image\" \/>\n<script type=\"application\/ld+json\" class=\"yoast-schema-graph\">{\"@context\":\"https:\\\/\\\/schema.org\",\"@graph\":[{\"@type\":\"WebPage\",\"@id\":\"http:\\\/\\\/kiube.se\\\/innovation\\\/?page_id=42\",\"url\":\"http:\\\/\\\/kiube.se\\\/innovation\\\/?page_id=42\",\"name\":\"Manifest - Plattformskooperativ\",\"isPartOf\":{\"@id\":\"http:\\\/\\\/kiube.se\\\/innovation\\\/#website\"},\"datePublished\":\"2012-03-05T15:13:15+00:00\",\"dateModified\":\"2012-10-12T07:13:02+00:00\",\"breadcrumb\":{\"@id\":\"http:\\\/\\\/kiube.se\\\/innovation\\\/?page_id=42#breadcrumb\"},\"inLanguage\":\"sv-SE\",\"potentialAction\":[{\"@type\":\"ReadAction\",\"target\":[\"http:\\\/\\\/kiube.se\\\/innovation\\\/?page_id=42\"]}]},{\"@type\":\"BreadcrumbList\",\"@id\":\"http:\\\/\\\/kiube.se\\\/innovation\\\/?page_id=42#breadcrumb\",\"itemListElement\":[{\"@type\":\"ListItem\",\"position\":1,\"name\":\"Hem\",\"item\":\"http:\\\/\\\/kiube.se\\\/innovation\\\/\"},{\"@type\":\"ListItem\",\"position\":2,\"name\":\"Manifest\"}]},{\"@type\":\"WebSite\",\"@id\":\"http:\\\/\\\/kiube.se\\\/innovation\\\/#website\",\"url\":\"http:\\\/\\\/kiube.se\\\/innovation\\\/\",\"name\":\"Plattformskooperativ\",\"description\":\"handbok f\u00f6r en cirkul\u00e4r ekonomi\",\"potentialAction\":[{\"@type\":\"SearchAction\",\"target\":{\"@type\":\"EntryPoint\",\"urlTemplate\":\"http:\\\/\\\/kiube.se\\\/innovation\\\/?s={search_term_string}\"},\"query-input\":{\"@type\":\"PropertyValueSpecification\",\"valueRequired\":true,\"valueName\":\"search_term_string\"}}],\"inLanguage\":\"sv-SE\"}]}<\/script>\n<!-- \/ Yoast SEO plugin. -->","yoast_head_json":{"title":"Manifest - Plattformskooperativ","robots":{"index":"noindex","follow":"follow","max-snippet":"max-snippet:-1","max-image-preview":"max-image-preview:large","max-video-preview":"max-video-preview:-1"},"og_locale":"sv_SE","og_type":"article","og_title":"Manifest - Plattformskooperativ","og_description":"Vad \u00e4r innovation Kapitaltillg\u00e5ng Kompetensf\u00f6rs\u00f6rjning Internationalisering F\u00f6renkla f\u00f6r entrepren\u00f6ren Vad \u00e4r syftet? R\u00e5dgivning Lean Startup-\u00a0f\u00f6r att utveckla och v\u00e4rdera ideer Fokus p\u00e5 m\u00e4nniskor Akademins roll Fakta","og_url":"http:\/\/kiube.se\/innovation\/?page_id=42","og_site_name":"Plattformskooperativ","article_modified_time":"2012-10-12T07:13:02+00:00","twitter_card":"summary_large_image","schema":{"@context":"https:\/\/schema.org","@graph":[{"@type":"WebPage","@id":"http:\/\/kiube.se\/innovation\/?page_id=42","url":"http:\/\/kiube.se\/innovation\/?page_id=42","name":"Manifest - Plattformskooperativ","isPartOf":{"@id":"http:\/\/kiube.se\/innovation\/#website"},"datePublished":"2012-03-05T15:13:15+00:00","dateModified":"2012-10-12T07:13:02+00:00","breadcrumb":{"@id":"http:\/\/kiube.se\/innovation\/?page_id=42#breadcrumb"},"inLanguage":"sv-SE","potentialAction":[{"@type":"ReadAction","target":["http:\/\/kiube.se\/innovation\/?page_id=42"]}]},{"@type":"BreadcrumbList","@id":"http:\/\/kiube.se\/innovation\/?page_id=42#breadcrumb","itemListElement":[{"@type":"ListItem","position":1,"name":"Hem","item":"http:\/\/kiube.se\/innovation\/"},{"@type":"ListItem","position":2,"name":"Manifest"}]},{"@type":"WebSite","@id":"http:\/\/kiube.se\/innovation\/#website","url":"http:\/\/kiube.se\/innovation\/","name":"Plattformskooperativ","description":"handbok f\u00f6r en cirkul\u00e4r ekonomi","potentialAction":[{"@type":"SearchAction","target":{"@type":"EntryPoint","urlTemplate":"http:\/\/kiube.se\/innovation\/?s={search_term_string}"},"query-input":{"@type":"PropertyValueSpecification","valueRequired":true,"valueName":"search_term_string"}}],"inLanguage":"sv-SE"}]}},"jetpack_shortlink":"https:\/\/wp.me\/P2saGP-G","jetpack-related-posts":[],"_links":{"self":[{"href":"http:\/\/kiube.se\/innovation\/index.php?rest_route=\/wp\/v2\/pages\/42","targetHints":{"allow":["GET"]}}],"collection":[{"href":"http:\/\/kiube.se\/innovation\/index.php?rest_route=\/wp\/v2\/pages"}],"about":[{"href":"http:\/\/kiube.se\/innovation\/index.php?rest_route=\/wp\/v2\/types\/page"}],"author":[{"embeddable":true,"href":"http:\/\/kiube.se\/innovation\/index.php?rest_route=\/wp\/v2\/users\/1"}],"replies":[{"embeddable":true,"href":"http:\/\/kiube.se\/innovation\/index.php?rest_route=%2Fwp%2Fv2%2Fcomments&post=42"}],"version-history":[{"count":0,"href":"http:\/\/kiube.se\/innovation\/index.php?rest_route=\/wp\/v2\/pages\/42\/revisions"}],"wp:attachment":[{"href":"http:\/\/kiube.se\/innovation\/index.php?rest_route=%2Fwp%2Fv2%2Fmedia&parent=42"}],"curies":[{"name":"wp","href":"https:\/\/api.w.org\/{rel}","templated":true}]}}