{"id":38,"date":"2012-02-29T13:28:50","date_gmt":"2012-02-29T13:28:50","guid":{"rendered":"http:\/\/x046.local\/innovation\/?page_id=2"},"modified":"2019-06-07T17:10:18","modified_gmt":"2019-06-07T16:10:18","slug":"exempelsida-2","status":"publish","type":"page","link":"http:\/\/kiube.se\/innovation\/?page_id=38","title":{"rendered":"Vision"},"content":{"rendered":"<p>&nbsp;<\/p>\n<blockquote>\n<h1><span style=\"color: #888888;\">&#8221;Skapa ett innovationsklimat som uppmuntrar m\u00e4nniskor att skapa nytta f\u00f6r planeten&#8221;<\/span><\/h1>\n<\/blockquote>\n<p>En strategi f\u00f6r dig som bryr dig om Sveriges framtid<\/p>\n","protected":false},"excerpt":{"rendered":"<p>&nbsp; &#8221;Skapa ett innovationsklimat som uppmuntrar m\u00e4nniskor att skapa nytta f\u00f6r planeten&#8221; En strategi f\u00f6r dig som bryr dig om Sveriges framtid<\/p>\n","protected":false},"author":1,"featured_media":0,"parent":0,"menu_order":0,"comment_status":"open","ping_status":"open","template":"","meta":{"footnotes":""},"class_list":["post-38","page","type-page","status-publish","hentry"],"yoast_head":"<!-- This site is optimized with the Yoast SEO plugin v27.4 - https:\/\/yoast.com\/product\/yoast-seo-wordpress\/ -->\n<title>Vision - Plattformskooperativ<\/title>\n<meta name=\"robots\" content=\"noindex, follow, max-snippet:-1, max-image-preview:large, max-video-preview:-1\" \/>\n<meta property=\"og:locale\" content=\"sv_SE\" \/>\n<meta property=\"og:type\" content=\"article\" \/>\n<meta property=\"og:title\" content=\"Vision - Plattformskooperativ\" \/>\n<meta property=\"og:description\" content=\"&nbsp; &#8221;Skapa ett innovationsklimat som uppmuntrar m\u00e4nniskor att skapa nytta f\u00f6r planeten&#8221; En strategi f\u00f6r dig som bryr dig om Sveriges framtid\" \/>\n<meta property=\"og:url\" content=\"http:\/\/kiube.se\/innovation\/?page_id=38\" \/>\n<meta property=\"og:site_name\" content=\"Plattformskooperativ\" \/>\n<meta property=\"article:modified_time\" content=\"2019-06-07T16:10:18+00:00\" \/>\n<meta name=\"twitter:card\" content=\"summary_large_image\" \/>\n<script type=\"application\/ld+json\" class=\"yoast-schema-graph\">{\"@context\":\"https:\\\/\\\/schema.org\",\"@graph\":[{\"@type\":\"WebPage\",\"@id\":\"http:\\\/\\\/kiube.se\\\/innovation\\\/?page_id=38\",\"url\":\"http:\\\/\\\/kiube.se\\\/innovation\\\/?page_id=38\",\"name\":\"Vision - Plattformskooperativ\",\"isPartOf\":{\"@id\":\"http:\\\/\\\/kiube.se\\\/innovation\\\/#website\"},\"datePublished\":\"2012-02-29T13:28:50+00:00\",\"dateModified\":\"2019-06-07T16:10:18+00:00\",\"breadcrumb\":{\"@id\":\"http:\\\/\\\/kiube.se\\\/innovation\\\/?page_id=38#breadcrumb\"},\"inLanguage\":\"sv-SE\",\"potentialAction\":[{\"@type\":\"ReadAction\",\"target\":[\"http:\\\/\\\/kiube.se\\\/innovation\\\/?page_id=38\"]}]},{\"@type\":\"BreadcrumbList\",\"@id\":\"http:\\\/\\\/kiube.se\\\/innovation\\\/?page_id=38#breadcrumb\",\"itemListElement\":[{\"@type\":\"ListItem\",\"position\":1,\"name\":\"Hem\",\"item\":\"http:\\\/\\\/kiube.se\\\/innovation\\\/\"},{\"@type\":\"ListItem\",\"position\":2,\"name\":\"Vision\"}]},{\"@type\":\"WebSite\",\"@id\":\"http:\\\/\\\/kiube.se\\\/innovation\\\/#website\",\"url\":\"http:\\\/\\\/kiube.se\\\/innovation\\\/\",\"name\":\"Plattformskooperativ\",\"description\":\"handbok f\u00f6r en cirkul\u00e4r ekonomi\",\"potentialAction\":[{\"@type\":\"SearchAction\",\"target\":{\"@type\":\"EntryPoint\",\"urlTemplate\":\"http:\\\/\\\/kiube.se\\\/innovation\\\/?s={search_term_string}\"},\"query-input\":{\"@type\":\"PropertyValueSpecification\",\"valueRequired\":true,\"valueName\":\"search_term_string\"}}],\"inLanguage\":\"sv-SE\"}]}<\/script>\n<!-- \/ Yoast SEO plugin. -->","yoast_head_json":{"title":"Vision - Plattformskooperativ","robots":{"index":"noindex","follow":"follow","max-snippet":"max-snippet:-1","max-image-preview":"max-image-preview:large","max-video-preview":"max-video-preview:-1"},"og_locale":"sv_SE","og_type":"article","og_title":"Vision - Plattformskooperativ","og_description":"&nbsp; &#8221;Skapa ett innovationsklimat som uppmuntrar m\u00e4nniskor att skapa nytta f\u00f6r planeten&#8221; En strategi f\u00f6r dig som bryr dig om Sveriges framtid","og_url":"http:\/\/kiube.se\/innovation\/?page_id=38","og_site_name":"Plattformskooperativ","article_modified_time":"2019-06-07T16:10:18+00:00","twitter_card":"summary_large_image","schema":{"@context":"https:\/\/schema.org","@graph":[{"@type":"WebPage","@id":"http:\/\/kiube.se\/innovation\/?page_id=38","url":"http:\/\/kiube.se\/innovation\/?page_id=38","name":"Vision - Plattformskooperativ","isPartOf":{"@id":"http:\/\/kiube.se\/innovation\/#website"},"datePublished":"2012-02-29T13:28:50+00:00","dateModified":"2019-06-07T16:10:18+00:00","breadcrumb":{"@id":"http:\/\/kiube.se\/innovation\/?page_id=38#breadcrumb"},"inLanguage":"sv-SE","potentialAction":[{"@type":"ReadAction","target":["http:\/\/kiube.se\/innovation\/?page_id=38"]}]},{"@type":"BreadcrumbList","@id":"http:\/\/kiube.se\/innovation\/?page_id=38#breadcrumb","itemListElement":[{"@type":"ListItem","position":1,"name":"Hem","item":"http:\/\/kiube.se\/innovation\/"},{"@type":"ListItem","position":2,"name":"Vision"}]},{"@type":"WebSite","@id":"http:\/\/kiube.se\/innovation\/#website","url":"http:\/\/kiube.se\/innovation\/","name":"Plattformskooperativ","description":"handbok f\u00f6r en cirkul\u00e4r ekonomi","potentialAction":[{"@type":"SearchAction","target":{"@type":"EntryPoint","urlTemplate":"http:\/\/kiube.se\/innovation\/?s={search_term_string}"},"query-input":{"@type":"PropertyValueSpecification","valueRequired":true,"valueName":"search_term_string"}}],"inLanguage":"sv-SE"}]}},"jetpack_shortlink":"https:\/\/wp.me\/P2saGP-C","jetpack-related-posts":[],"_links":{"self":[{"href":"http:\/\/kiube.se\/innovation\/index.php?rest_route=\/wp\/v2\/pages\/38","targetHints":{"allow":["GET"]}}],"collection":[{"href":"http:\/\/kiube.se\/innovation\/index.php?rest_route=\/wp\/v2\/pages"}],"about":[{"href":"http:\/\/kiube.se\/innovation\/index.php?rest_route=\/wp\/v2\/types\/page"}],"author":[{"embeddable":true,"href":"http:\/\/kiube.se\/innovation\/index.php?rest_route=\/wp\/v2\/users\/1"}],"replies":[{"embeddable":true,"href":"http:\/\/kiube.se\/innovation\/index.php?rest_route=%2Fwp%2Fv2%2Fcomments&post=38"}],"version-history":[{"count":0,"href":"http:\/\/kiube.se\/innovation\/index.php?rest_route=\/wp\/v2\/pages\/38\/revisions"}],"wp:attachment":[{"href":"http:\/\/kiube.se\/innovation\/index.php?rest_route=%2Fwp%2Fv2%2Fmedia&parent=38"}],"curies":[{"name":"wp","href":"https:\/\/api.w.org\/{rel}","templated":true}]}}