{"id":278,"date":"2019-05-25T06:10:27","date_gmt":"2019-05-25T05:10:27","guid":{"rendered":"http:\/\/kiube.se\/innovation\/?page_id=278"},"modified":"2022-12-12T18:26:56","modified_gmt":"2022-12-12T17:26:56","slug":"startsida","status":"publish","type":"page","link":"http:\/\/kiube.se\/innovation\/","title":{"rendered":"Startsida"},"content":{"rendered":"<p>&nbsp;<\/p>\n<pre><strong>K\u00e4lla<\/strong>: Kate Raworth | <a href=\"https:\/\/www.researchgate.net\/figure\/Embedded-Economy-Diagram-by-Marcia-Mihotich-Copyright-C-2017-Kate-Raworth_fig4_329877710\">Johanna Boehnerth<\/a> | <a href=\"https:\/\/www.researchgate.net\/publication\/328723690_THE_VISUAL_REPRESENTATION_OF_COMPLEXITY_Definitions_Examples_Learning_Points\">Visual complexity<\/a> | <a href=\"https:\/\/www.stockholmresilience.org\/research\/research-videos\/2019-07-05-carl-folke-on-natural-capital-resilience-and-biosphere-stewardship.html\">Carl Folke<\/a> | <a href=\"https:\/\/www.stockholmresilience.org\/research\/research-news\/2019-02-26-stockholm-resilience-centre-joins-natural-capital-project-partnership.html\">Natural Capital project<\/a><\/pre>\n<p><img data-recalc-dims=\"1\" loading=\"lazy\" decoding=\"async\" class=\"wp-image-6843 size-full aligncenter\" src=\"https:\/\/i0.wp.com\/s3.eu-north-1.amazonaws.com\/kiube.se\/wp-content\/uploads\/2022\/11\/24145640\/screen-capture-878.png?resize=484%2C373&#038;ssl=1\" alt=\"\" width=\"484\" height=\"373\" \/><\/p>\n<p><strong><em>Design Greenhouse \u00e4r en plattform f\u00f6r delningsekonomi och agerar \u00a0container f\u00f6r olika typer av tillg\u00e5ngar som anv\u00e4nds gemensamt av medlemmar och fellows.<\/em><\/strong><\/p>\n<p>Allt utg\u00e5r fr\u00e5n en k\u00e4lla som tillh\u00f6r n\u00e5gon av de juridiska personer vi har i samh\u00e4llet, men \u00e4ven familj och allm\u00e4nningar vill vi hantera inom ramen f\u00f6r denna plattform.<\/p>\n<p><a href=\"https:\/\/i0.wp.com\/s3.eu-north-1.amazonaws.com\/kiube.se\/wp-content\/uploads\/sites\/33\/2022\/12\/12125856\/Embedded-Economy-Diagram-by-Marcia-Mihotich-Copyright-C-2017-Kate-Raworth.png?ssl=1\"><img data-recalc-dims=\"1\" loading=\"lazy\" decoding=\"async\" class=\"size-full wp-image-376 aligncenter\" src=\"https:\/\/i0.wp.com\/s3.eu-north-1.amazonaws.com\/kiube.se\/wp-content\/uploads\/sites\/33\/2022\/12\/12125856\/Embedded-Economy-Diagram-by-Marcia-Mihotich-Copyright-C-2017-Kate-Raworth.png?resize=850%2C501&#038;ssl=1\" alt=\"\" width=\"850\" height=\"501\" srcset=\"http:\/\/s3.eu-north-1.amazonaws.com\/kiube.se\/wp-content\/uploads\/sites\/33\/2022\/12\/12125856\/Embedded-Economy-Diagram-by-Marcia-Mihotich-Copyright-C-2017-Kate-Raworth.png 850w, http:\/\/s3.eu-north-1.amazonaws.com\/kiube.se\/wp-content\/uploads\/sites\/33\/2022\/12\/12125856\/Embedded-Economy-Diagram-by-Marcia-Mihotich-Copyright-C-2017-Kate-Raworth.png 300w, http:\/\/s3.eu-north-1.amazonaws.com\/kiube.se\/wp-content\/uploads\/sites\/33\/2022\/12\/12125856\/Embedded-Economy-Diagram-by-Marcia-Mihotich-Copyright-C-2017-Kate-Raworth.png 768w\" sizes=\"auto, (max-width: 850px) 100vw, 850px\" \/><\/a><\/p>\n<p>Det<strong> kapital<\/strong> som skapas\u00a0 beh\u00f6ver bokf\u00f6ras inom n\u00e5gon av de 3 vektorerna<\/p>\n<p>Naturkapitalet \u00e4r det som ing\u00e5r i det biologiska eller biokemiska kretsloppet. Naturkapital g\u00e5r b\u00e5de att m\u00e4ta och att kvantifiera<\/p>\n<p>&nbsp;<\/p>\n<p>Kollektiva varor<\/p>\n<p>Gemensamt f\u00f6r dessa naturresurser \u00e4r att de inte har n\u00e5gon klart definierad \u00e4gare, vilket resulterar i att alla vill anv\u00e4nda dem men ingen tar enskilt ansvar f\u00f6r att se till att en h\u00e5llbar niv\u00e5 uppr\u00e4tth\u00e5lles.<\/p>\n<p>Gemensamma resurser kan hanteras p\u00e5 f\u00f6ljande s\u00e4tt genom att licensiera nyttjande av egendom framf\u00f6r allt s\u00e5dant som \u00e4r gemensamt skapat. Vilket kan g\u00e4lla tex open source mjukvara och h\u00e5rdvara, men \u00e4ven nyttjande av sammansatta produkter enligt f\u00f6rutbest\u00e4mda kategorier i form av EULA.<\/p>\n<p>Common Resource pool (CRP) \u00e4r resurser som ingen enskild \u00e4ger men alla har tillg\u00e5ng till. En CRP har en system\u00e4gare<\/p>\n<p>Open source handlar om att dela \u00e4ven sk k\u00e4llmaterial som ofta det som tar tid att skapa , ofta digitala tillg\u00e5ngar. Genom att dela k\u00e4lla, kan fler dra nytta av resursen och skapa ett st\u00f6rre v\u00e4rde.<\/p>\n<ul>\n<li>Open Source Software<\/li>\n<li>Open Source Hardware<\/li>\n<li>Open source Energy<\/li>\n<\/ul>\n<p>H\u00e4r hittar du kategorier som vi kommer att anv\u00e4nda f\u00f6r att styra och resursh\u00e5lls utifr\u00e5n ett Milj\u00f6ekonomiskt perspektiv. Kostnad \/v\u00e4rde.<\/p>\n<p>EULA \u2013 f\u00f6r Design Greenhouse<\/p>\n<p><a href=\"https:\/\/kiube.se\/innovation\/?page_id=332\">Samarbetsavtal \u2013 mall<\/a><\/p>\n<p><img decoding=\"async\" src=\"https:\/\/docs.google.com\/drawings\/d\/e\/2PACX-1vTJshdoRO6qStd-zF7yOZU9O5KMmOssYGrR0gKdHBsRkdwEEmrtWgph5lFndBf0JElOHNUxu35lRG6a\/pub?w=960&amp;h=720\" \/><\/p>\n<p>| <a href=\"https:\/\/docs.google.com\/drawings\/d\/1AbLCme_z9ERi_6l5PYITKprDWtu8IHQhskjLYdMPgbU\/edit\">Redigera<\/a> | <a href=\"https:\/\/docs.google.com\/drawings\/d\/e\/2PACX-1vTJshdoRO6qStd-zF7yOZU9O5KMmOssYGrR0gKdHBsRkdwEEmrtWgph5lFndBf0JElOHNUxu35lRG6a\/pub?w=960&amp;h=720\">Print<\/a> |<\/p>\n<hr \/>\n<p><strong><i>Ur ett cirkul\u00e4rt perspektiv beh\u00f6ver vi hantera livscykler, g\u00e5ngtid och resursanv\u00e4ndning. Design Greenhouse \u00e4r plattformen som hj\u00e4lper till att f\u00f6rst\u00e5 alla dessa aspekter, och till viss m\u00e5n administrera tillg\u00e5ngar i olika former. Detta kan g\u00f6ras effektivt och anv\u00e4ndarv\u00e4nligt med ett\u00a0webbaserat\u00a0gr\u00e4nsnitt. <\/i><\/strong><\/p>\n<p><strong><em>F\u00f6r att sp\u00e5ra hur en tj\u00e4nst anv\u00e4nds har vi valt att anv\u00e4nda licenser som kan skr\u00e4ddarsys b\u00e5de efter hur de anv\u00e4nds och vem eller vilka (m\u00e5lgrupp) som anv\u00e4nder tj\u00e4nsten.<\/em><\/strong><\/p>\n<p><em>\u00a0F\u00f6ljande projekt genomf\u00f6rs och anv\u00e4nder n\u00e5gon av dessa modeller f\u00f6r att hantera r\u00e4ttigheter och ansvar f\u00f6r att skapa en ekonomi runt b\u00e5de immateriella och materiella tillg\u00e5ngar och administreras i anl\u00e4ggningsregistret.<\/em><\/p>\n<h3>Aktuella projekt<\/h3>\n<ul>\n<li><a href=\"https:\/\/kiube.se\/projekt\/projektvy-027-klimatcykel\">#027 &#8211; Klimatcykel<\/a><\/li>\n<\/ul>\n<h3>Arkiverade projekt<\/h3>\n","protected":false},"excerpt":{"rendered":"<p>&nbsp; K\u00e4lla: Kate Raworth | Johanna Boehnerth | Visual complexity | Carl Folke | Natural Capital project Design Greenhouse \u00e4r en plattform f\u00f6r delningsekonomi och agerar \u00a0container f\u00f6r olika typer av tillg\u00e5ngar som anv\u00e4nds gemensamt av medlemmar och fellows. Allt utg\u00e5r fr\u00e5n en k\u00e4lla som tillh\u00f6r n\u00e5gon av de juridiska personer vi har i samh\u00e4llet, [&hellip;]<\/p>\n","protected":false},"author":131,"featured_media":0,"parent":0,"menu_order":0,"comment_status":"closed","ping_status":"closed","template":"","meta":{"footnotes":""},"class_list":["post-278","page","type-page","status-publish","hentry"],"yoast_head":"<!-- This site is optimized with the Yoast SEO plugin v27.4 - https:\/\/yoast.com\/product\/yoast-seo-wordpress\/ -->\n<title>Startsida - Plattformskooperativ<\/title>\n<meta name=\"robots\" content=\"noindex, follow, max-snippet:-1, max-image-preview:large, max-video-preview:-1\" \/>\n<meta property=\"og:locale\" content=\"sv_SE\" \/>\n<meta property=\"og:type\" content=\"article\" \/>\n<meta property=\"og:title\" content=\"Startsida - Plattformskooperativ\" \/>\n<meta property=\"og:description\" content=\"&nbsp; K\u00e4lla: Kate Raworth | Johanna Boehnerth | Visual complexity | Carl Folke | Natural Capital project Design Greenhouse \u00e4r en plattform f\u00f6r delningsekonomi och agerar \u00a0container f\u00f6r olika typer av tillg\u00e5ngar som anv\u00e4nds gemensamt av medlemmar och fellows. Allt utg\u00e5r fr\u00e5n en k\u00e4lla som tillh\u00f6r n\u00e5gon av de juridiska personer vi har i samh\u00e4llet, [&hellip;]\" \/>\n<meta property=\"og:url\" content=\"http:\/\/kiube.se\/innovation\/\" \/>\n<meta property=\"og:site_name\" content=\"Plattformskooperativ\" \/>\n<meta property=\"article:modified_time\" content=\"2022-12-12T17:26:56+00:00\" \/>\n<meta property=\"og:image\" content=\"https:\/\/s3.eu-north-1.amazonaws.com\/kiube.se\/wp-content\/uploads\/2022\/11\/24145640\/screen-capture-878.png\" \/>\n<meta name=\"twitter:card\" content=\"summary_large_image\" \/>\n<meta name=\"twitter:label1\" content=\"Ber\u00e4knad l\u00e4stid\" \/>\n\t<meta name=\"twitter:data1\" content=\"3 minuter\" \/>\n<script type=\"application\/ld+json\" class=\"yoast-schema-graph\">{\"@context\":\"https:\\\/\\\/schema.org\",\"@graph\":[{\"@type\":\"WebPage\",\"@id\":\"http:\\\/\\\/kiube.se\\\/innovation\\\/\",\"url\":\"http:\\\/\\\/kiube.se\\\/innovation\\\/\",\"name\":\"Startsida - Plattformskooperativ\",\"isPartOf\":{\"@id\":\"http:\\\/\\\/kiube.se\\\/innovation\\\/#website\"},\"primaryImageOfPage\":{\"@id\":\"http:\\\/\\\/kiube.se\\\/innovation\\\/#primaryimage\"},\"image\":{\"@id\":\"http:\\\/\\\/kiube.se\\\/innovation\\\/#primaryimage\"},\"thumbnailUrl\":\"https:\\\/\\\/s3.eu-north-1.amazonaws.com\\\/kiube.se\\\/wp-content\\\/uploads\\\/2022\\\/11\\\/24145640\\\/screen-capture-878.png\",\"datePublished\":\"2019-05-25T05:10:27+00:00\",\"dateModified\":\"2022-12-12T17:26:56+00:00\",\"breadcrumb\":{\"@id\":\"http:\\\/\\\/kiube.se\\\/innovation\\\/#breadcrumb\"},\"inLanguage\":\"sv-SE\",\"potentialAction\":[{\"@type\":\"ReadAction\",\"target\":[\"http:\\\/\\\/kiube.se\\\/innovation\\\/\"]}]},{\"@type\":\"ImageObject\",\"inLanguage\":\"sv-SE\",\"@id\":\"http:\\\/\\\/kiube.se\\\/innovation\\\/#primaryimage\",\"url\":\"https:\\\/\\\/s3.eu-north-1.amazonaws.com\\\/kiube.se\\\/wp-content\\\/uploads\\\/2022\\\/11\\\/24145640\\\/screen-capture-878.png\",\"contentUrl\":\"https:\\\/\\\/s3.eu-north-1.amazonaws.com\\\/kiube.se\\\/wp-content\\\/uploads\\\/2022\\\/11\\\/24145640\\\/screen-capture-878.png\"},{\"@type\":\"BreadcrumbList\",\"@id\":\"http:\\\/\\\/kiube.se\\\/innovation\\\/#breadcrumb\",\"itemListElement\":[{\"@type\":\"ListItem\",\"position\":1,\"name\":\"Hem\",\"item\":\"http:\\\/\\\/kiube.se\\\/innovation\\\/\"},{\"@type\":\"ListItem\",\"position\":2,\"name\":\"Startsida\"}]},{\"@type\":\"WebSite\",\"@id\":\"http:\\\/\\\/kiube.se\\\/innovation\\\/#website\",\"url\":\"http:\\\/\\\/kiube.se\\\/innovation\\\/\",\"name\":\"Plattformskooperativ\",\"description\":\"handbok f\u00f6r en cirkul\u00e4r ekonomi\",\"potentialAction\":[{\"@type\":\"SearchAction\",\"target\":{\"@type\":\"EntryPoint\",\"urlTemplate\":\"http:\\\/\\\/kiube.se\\\/innovation\\\/?s={search_term_string}\"},\"query-input\":{\"@type\":\"PropertyValueSpecification\",\"valueRequired\":true,\"valueName\":\"search_term_string\"}}],\"inLanguage\":\"sv-SE\"}]}<\/script>\n<!-- \/ Yoast SEO plugin. -->","yoast_head_json":{"title":"Startsida - Plattformskooperativ","robots":{"index":"noindex","follow":"follow","max-snippet":"max-snippet:-1","max-image-preview":"max-image-preview:large","max-video-preview":"max-video-preview:-1"},"og_locale":"sv_SE","og_type":"article","og_title":"Startsida - Plattformskooperativ","og_description":"&nbsp; K\u00e4lla: Kate Raworth | Johanna Boehnerth | Visual complexity | Carl Folke | Natural Capital project Design Greenhouse \u00e4r en plattform f\u00f6r delningsekonomi och agerar \u00a0container f\u00f6r olika typer av tillg\u00e5ngar som anv\u00e4nds gemensamt av medlemmar och fellows. Allt utg\u00e5r fr\u00e5n en k\u00e4lla som tillh\u00f6r n\u00e5gon av de juridiska personer vi har i samh\u00e4llet, [&hellip;]","og_url":"http:\/\/kiube.se\/innovation\/","og_site_name":"Plattformskooperativ","article_modified_time":"2022-12-12T17:26:56+00:00","og_image":[{"url":"https:\/\/s3.eu-north-1.amazonaws.com\/kiube.se\/wp-content\/uploads\/2022\/11\/24145640\/screen-capture-878.png","type":"","width":"","height":""}],"twitter_card":"summary_large_image","twitter_misc":{"Ber\u00e4knad l\u00e4stid":"3 minuter"},"schema":{"@context":"https:\/\/schema.org","@graph":[{"@type":"WebPage","@id":"http:\/\/kiube.se\/innovation\/","url":"http:\/\/kiube.se\/innovation\/","name":"Startsida - Plattformskooperativ","isPartOf":{"@id":"http:\/\/kiube.se\/innovation\/#website"},"primaryImageOfPage":{"@id":"http:\/\/kiube.se\/innovation\/#primaryimage"},"image":{"@id":"http:\/\/kiube.se\/innovation\/#primaryimage"},"thumbnailUrl":"https:\/\/s3.eu-north-1.amazonaws.com\/kiube.se\/wp-content\/uploads\/2022\/11\/24145640\/screen-capture-878.png","datePublished":"2019-05-25T05:10:27+00:00","dateModified":"2022-12-12T17:26:56+00:00","breadcrumb":{"@id":"http:\/\/kiube.se\/innovation\/#breadcrumb"},"inLanguage":"sv-SE","potentialAction":[{"@type":"ReadAction","target":["http:\/\/kiube.se\/innovation\/"]}]},{"@type":"ImageObject","inLanguage":"sv-SE","@id":"http:\/\/kiube.se\/innovation\/#primaryimage","url":"https:\/\/s3.eu-north-1.amazonaws.com\/kiube.se\/wp-content\/uploads\/2022\/11\/24145640\/screen-capture-878.png","contentUrl":"https:\/\/s3.eu-north-1.amazonaws.com\/kiube.se\/wp-content\/uploads\/2022\/11\/24145640\/screen-capture-878.png"},{"@type":"BreadcrumbList","@id":"http:\/\/kiube.se\/innovation\/#breadcrumb","itemListElement":[{"@type":"ListItem","position":1,"name":"Hem","item":"http:\/\/kiube.se\/innovation\/"},{"@type":"ListItem","position":2,"name":"Startsida"}]},{"@type":"WebSite","@id":"http:\/\/kiube.se\/innovation\/#website","url":"http:\/\/kiube.se\/innovation\/","name":"Plattformskooperativ","description":"handbok f\u00f6r en cirkul\u00e4r ekonomi","potentialAction":[{"@type":"SearchAction","target":{"@type":"EntryPoint","urlTemplate":"http:\/\/kiube.se\/innovation\/?s={search_term_string}"},"query-input":{"@type":"PropertyValueSpecification","valueRequired":true,"valueName":"search_term_string"}}],"inLanguage":"sv-SE"}]}},"jetpack_shortlink":"https:\/\/wp.me\/P2saGP-4u","jetpack-related-posts":[],"_links":{"self":[{"href":"http:\/\/kiube.se\/innovation\/index.php?rest_route=\/wp\/v2\/pages\/278","targetHints":{"allow":["GET"]}}],"collection":[{"href":"http:\/\/kiube.se\/innovation\/index.php?rest_route=\/wp\/v2\/pages"}],"about":[{"href":"http:\/\/kiube.se\/innovation\/index.php?rest_route=\/wp\/v2\/types\/page"}],"author":[{"embeddable":true,"href":"http:\/\/kiube.se\/innovation\/index.php?rest_route=\/wp\/v2\/users\/131"}],"replies":[{"embeddable":true,"href":"http:\/\/kiube.se\/innovation\/index.php?rest_route=%2Fwp%2Fv2%2Fcomments&post=278"}],"version-history":[{"count":0,"href":"http:\/\/kiube.se\/innovation\/index.php?rest_route=\/wp\/v2\/pages\/278\/revisions"}],"wp:attachment":[{"href":"http:\/\/kiube.se\/innovation\/index.php?rest_route=%2Fwp%2Fv2%2Fmedia&parent=278"}],"curies":[{"name":"wp","href":"https:\/\/api.w.org\/{rel}","templated":true}]}}