{"id":245,"date":"2018-08-17T09:42:07","date_gmt":"2018-08-17T08:42:07","guid":{"rendered":"http:\/\/kiube.se\/innovation\/?page_id=245"},"modified":"2018-08-17T09:58:37","modified_gmt":"2018-08-17T08:58:37","slug":"ordlista","status":"publish","type":"page","link":"http:\/\/kiube.se\/innovation\/?page_id=245","title":{"rendered":"Ordlista"},"content":{"rendered":"<p><strong>F\u00f6rklaringar<\/strong><\/p>\n<hr \/>\n<p><strong>Bolagsform<\/strong> &#8211; Juridisk person: F\u00f6rening (ekonomisk, ideel), Aktiebolag (for profit, for good) och Stiftelse (one purpose)<\/p>\n<p style=\"padding-left: 30px;\"><em>Ett f\u00f6retag kan s\u00e5ledes vara ett kooperativ utan att vara personal\u00e4gt, och ett f\u00f6retag kan vara personal\u00e4gt utan att vara ett kooperativ.<\/em><\/p>\n<p style=\"padding-left: 30px;\"><em>\u00c4ven ideella f\u00f6reningar kan \u2013 trots att de inte har n\u00e5gra \u00e4gare \u2013 lite slarvigt klassas som personal\u00e4gda om medlemmarna prim\u00e4rt utg\u00f6rs av de anst\u00e4llda. I sammanhanget b\u00f6r \u00e4ven vissa stiftelse\u00e4gda f\u00f6retag n\u00e4mnas. Stiftelser har varken \u00e4gare eller medlemmar, utan styrs av en styrelse eller f\u00f6rvaltare i enlighet med stiftelseurkunden, som stadgar stiftelsens \u00e4ndam\u00e5l.<\/em><\/p>\n<p><strong>Demokratisk princip<\/strong> &#8211; Demokrtisk triangel, Best\u00e4llare &#8211; utf\u00f6rare &#8211; uppf\u00f6ljning<\/p>\n<p style=\"padding-left: 30px;\">A Uppf\u00f6ljning (Bokf\u00f6ring) \u00a0<strong>ser Nytta och v\u00e4rde<\/strong><\/p>\n<p style=\"padding-left: 30px;\">B Utf\u00f6rare (Arbetsgrupp\/projekt) <strong>ser V\u00e4rde och Kostnad<\/strong><\/p>\n<p style=\"padding-left: 30px;\">C Best\u00e4llare (Kunden) <strong>ser F\u00f6rdelar och Kostnad<\/strong><\/p>\n<p><strong>Strategi<\/strong>&#8211; Drivkrafter och principer f\u00f6r att skapa v\u00e4rde (cirkul\u00e4r ekonomi)<\/p>\n<ul>\n<li>Rent blir enklast \u2013 enklare och billigare med \u00f6kad m\u00f6jlighet att v\u00e4xa<\/li>\n<li>Innervarv \u2013 t\u00e4tare varv, st\u00f6rre besparing<\/li>\n<li>Rotera l\u00e4ngre \u2013 l\u00e4ngre livsl\u00e4ngd, l\u00e4gre kostnad<\/li>\n<li>Samverka (Kaskadera) mera \u2013 Mer int\u00e4kter till l\u00e4gre marginalkostnad<\/li>\n<\/ul>\n<p><strong>Ansvar<\/strong><\/p>\n<ul>\n<li>Juridiskt ansvar<\/li>\n<li>Personligt ansvar (frihet under ansvar)<\/li>\n<li>Volont\u00e4rer &#8211; inget ansvar, frivilligt<\/li>\n<li>Medlemmar &#8211; inget ansvar, insats<\/li>\n<\/ul>\n<p><strong>Assets\/tillg\u00e5ng<\/strong><\/p>\n<ul>\n<li>Skapar v\u00e4rde<\/li>\n<li>Kan bel\u00e5nas (s\u00e4kerhet)<\/li>\n<li>Beh\u00f6ver underh\u00e5llas<\/li>\n<\/ul>\n<p><strong>Syfte (purpose)<\/strong> att ge positiva Effekter f\u00f6r individ och samh\u00e4llsnytta<\/p>\n<ul>\n<li>Personlig (egennytta)<\/li>\n<li>Milj\u00f6effekter<\/li>\n<li>H\u00e4lsoeffekter<\/li>\n<li>Ekonomiska<\/li>\n<\/ul>\n<p>&nbsp;<\/p>\n","protected":false},"excerpt":{"rendered":"<p>F\u00f6rklaringar Bolagsform &#8211; Juridisk person: F\u00f6rening (ekonomisk, ideel), Aktiebolag (for profit, for good) och Stiftelse (one purpose) Ett f\u00f6retag kan s\u00e5ledes vara ett kooperativ utan att vara personal\u00e4gt, och ett f\u00f6retag kan vara personal\u00e4gt utan att vara ett kooperativ. \u00c4ven ideella f\u00f6reningar kan \u2013 trots att de inte har n\u00e5gra \u00e4gare \u2013 lite slarvigt klassas [&hellip;]<\/p>\n","protected":false},"author":131,"featured_media":0,"parent":0,"menu_order":0,"comment_status":"closed","ping_status":"closed","template":"","meta":{"footnotes":""},"class_list":["post-245","page","type-page","status-publish","hentry"],"yoast_head":"<!-- This site is optimized with the Yoast SEO plugin v27.4 - https:\/\/yoast.com\/product\/yoast-seo-wordpress\/ -->\n<title>Ordlista - Plattformskooperativ<\/title>\n<meta name=\"robots\" content=\"noindex, follow, max-snippet:-1, max-image-preview:large, max-video-preview:-1\" \/>\n<meta property=\"og:locale\" content=\"sv_SE\" \/>\n<meta property=\"og:type\" content=\"article\" \/>\n<meta property=\"og:title\" content=\"Ordlista - Plattformskooperativ\" \/>\n<meta property=\"og:description\" content=\"F\u00f6rklaringar Bolagsform &#8211; Juridisk person: F\u00f6rening (ekonomisk, ideel), Aktiebolag (for profit, for good) och Stiftelse (one purpose) Ett f\u00f6retag kan s\u00e5ledes vara ett kooperativ utan att vara personal\u00e4gt, och ett f\u00f6retag kan vara personal\u00e4gt utan att vara ett kooperativ. \u00c4ven ideella f\u00f6reningar kan \u2013 trots att de inte har n\u00e5gra \u00e4gare \u2013 lite slarvigt klassas [&hellip;]\" \/>\n<meta property=\"og:url\" content=\"http:\/\/kiube.se\/innovation\/?page_id=245\" \/>\n<meta property=\"og:site_name\" content=\"Plattformskooperativ\" \/>\n<meta property=\"article:modified_time\" content=\"2018-08-17T08:58:37+00:00\" \/>\n<meta name=\"twitter:card\" content=\"summary_large_image\" \/>\n<meta name=\"twitter:label1\" content=\"Ber\u00e4knad l\u00e4stid\" \/>\n\t<meta name=\"twitter:data1\" content=\"1 minut\" \/>\n<script type=\"application\/ld+json\" class=\"yoast-schema-graph\">{\"@context\":\"https:\\\/\\\/schema.org\",\"@graph\":[{\"@type\":\"WebPage\",\"@id\":\"http:\\\/\\\/kiube.se\\\/innovation\\\/?page_id=245\",\"url\":\"http:\\\/\\\/kiube.se\\\/innovation\\\/?page_id=245\",\"name\":\"Ordlista - Plattformskooperativ\",\"isPartOf\":{\"@id\":\"http:\\\/\\\/kiube.se\\\/innovation\\\/#website\"},\"datePublished\":\"2018-08-17T08:42:07+00:00\",\"dateModified\":\"2018-08-17T08:58:37+00:00\",\"breadcrumb\":{\"@id\":\"http:\\\/\\\/kiube.se\\\/innovation\\\/?page_id=245#breadcrumb\"},\"inLanguage\":\"sv-SE\",\"potentialAction\":[{\"@type\":\"ReadAction\",\"target\":[\"http:\\\/\\\/kiube.se\\\/innovation\\\/?page_id=245\"]}]},{\"@type\":\"BreadcrumbList\",\"@id\":\"http:\\\/\\\/kiube.se\\\/innovation\\\/?page_id=245#breadcrumb\",\"itemListElement\":[{\"@type\":\"ListItem\",\"position\":1,\"name\":\"Hem\",\"item\":\"http:\\\/\\\/kiube.se\\\/innovation\\\/\"},{\"@type\":\"ListItem\",\"position\":2,\"name\":\"Ordlista\"}]},{\"@type\":\"WebSite\",\"@id\":\"http:\\\/\\\/kiube.se\\\/innovation\\\/#website\",\"url\":\"http:\\\/\\\/kiube.se\\\/innovation\\\/\",\"name\":\"Plattformskooperativ\",\"description\":\"handbok f\u00f6r en cirkul\u00e4r ekonomi\",\"potentialAction\":[{\"@type\":\"SearchAction\",\"target\":{\"@type\":\"EntryPoint\",\"urlTemplate\":\"http:\\\/\\\/kiube.se\\\/innovation\\\/?s={search_term_string}\"},\"query-input\":{\"@type\":\"PropertyValueSpecification\",\"valueRequired\":true,\"valueName\":\"search_term_string\"}}],\"inLanguage\":\"sv-SE\"}]}<\/script>\n<!-- \/ Yoast SEO plugin. -->","yoast_head_json":{"title":"Ordlista - Plattformskooperativ","robots":{"index":"noindex","follow":"follow","max-snippet":"max-snippet:-1","max-image-preview":"max-image-preview:large","max-video-preview":"max-video-preview:-1"},"og_locale":"sv_SE","og_type":"article","og_title":"Ordlista - Plattformskooperativ","og_description":"F\u00f6rklaringar Bolagsform &#8211; Juridisk person: F\u00f6rening (ekonomisk, ideel), Aktiebolag (for profit, for good) och Stiftelse (one purpose) Ett f\u00f6retag kan s\u00e5ledes vara ett kooperativ utan att vara personal\u00e4gt, och ett f\u00f6retag kan vara personal\u00e4gt utan att vara ett kooperativ. \u00c4ven ideella f\u00f6reningar kan \u2013 trots att de inte har n\u00e5gra \u00e4gare \u2013 lite slarvigt klassas [&hellip;]","og_url":"http:\/\/kiube.se\/innovation\/?page_id=245","og_site_name":"Plattformskooperativ","article_modified_time":"2018-08-17T08:58:37+00:00","twitter_card":"summary_large_image","twitter_misc":{"Ber\u00e4knad l\u00e4stid":"1 minut"},"schema":{"@context":"https:\/\/schema.org","@graph":[{"@type":"WebPage","@id":"http:\/\/kiube.se\/innovation\/?page_id=245","url":"http:\/\/kiube.se\/innovation\/?page_id=245","name":"Ordlista - Plattformskooperativ","isPartOf":{"@id":"http:\/\/kiube.se\/innovation\/#website"},"datePublished":"2018-08-17T08:42:07+00:00","dateModified":"2018-08-17T08:58:37+00:00","breadcrumb":{"@id":"http:\/\/kiube.se\/innovation\/?page_id=245#breadcrumb"},"inLanguage":"sv-SE","potentialAction":[{"@type":"ReadAction","target":["http:\/\/kiube.se\/innovation\/?page_id=245"]}]},{"@type":"BreadcrumbList","@id":"http:\/\/kiube.se\/innovation\/?page_id=245#breadcrumb","itemListElement":[{"@type":"ListItem","position":1,"name":"Hem","item":"http:\/\/kiube.se\/innovation\/"},{"@type":"ListItem","position":2,"name":"Ordlista"}]},{"@type":"WebSite","@id":"http:\/\/kiube.se\/innovation\/#website","url":"http:\/\/kiube.se\/innovation\/","name":"Plattformskooperativ","description":"handbok f\u00f6r en cirkul\u00e4r ekonomi","potentialAction":[{"@type":"SearchAction","target":{"@type":"EntryPoint","urlTemplate":"http:\/\/kiube.se\/innovation\/?s={search_term_string}"},"query-input":{"@type":"PropertyValueSpecification","valueRequired":true,"valueName":"search_term_string"}}],"inLanguage":"sv-SE"}]}},"jetpack_shortlink":"https:\/\/wp.me\/P2saGP-3X","jetpack-related-posts":[],"_links":{"self":[{"href":"http:\/\/kiube.se\/innovation\/index.php?rest_route=\/wp\/v2\/pages\/245","targetHints":{"allow":["GET"]}}],"collection":[{"href":"http:\/\/kiube.se\/innovation\/index.php?rest_route=\/wp\/v2\/pages"}],"about":[{"href":"http:\/\/kiube.se\/innovation\/index.php?rest_route=\/wp\/v2\/types\/page"}],"author":[{"embeddable":true,"href":"http:\/\/kiube.se\/innovation\/index.php?rest_route=\/wp\/v2\/users\/131"}],"replies":[{"embeddable":true,"href":"http:\/\/kiube.se\/innovation\/index.php?rest_route=%2Fwp%2Fv2%2Fcomments&post=245"}],"version-history":[{"count":0,"href":"http:\/\/kiube.se\/innovation\/index.php?rest_route=\/wp\/v2\/pages\/245\/revisions"}],"wp:attachment":[{"href":"http:\/\/kiube.se\/innovation\/index.php?rest_route=%2Fwp%2Fv2%2Fmedia&parent=245"}],"curies":[{"name":"wp","href":"https:\/\/api.w.org\/{rel}","templated":true}]}}