{"id":241,"date":"2018-08-17T09:39:25","date_gmt":"2018-08-17T08:39:25","guid":{"rendered":"http:\/\/kiube.se\/innovation\/?page_id=241"},"modified":"2019-06-29T09:37:57","modified_gmt":"2019-06-29T08:37:57","slug":"bidrag","status":"publish","type":"page","link":"http:\/\/kiube.se\/innovation\/?page_id=241","title":{"rendered":"Bidrag"},"content":{"rendered":"<p>Statliga<\/p>\n<p>Energimyndigheten<\/p>\n<p>Naturv\u00e5rdsverket<\/p>\n<p>Organisationer<\/p>\n<ul>\n<li>Allm\u00e4nna arvsfonden<\/li>\n<li>Ideer f\u00f6r livet , Skandia<\/li>\n<\/ul>\n","protected":false},"excerpt":{"rendered":"<p>Statliga Energimyndigheten Naturv\u00e5rdsverket Organisationer Allm\u00e4nna arvsfonden Ideer f\u00f6r livet , Skandia<\/p>\n","protected":false},"author":131,"featured_media":0,"parent":54,"menu_order":0,"comment_status":"closed","ping_status":"closed","template":"","meta":{"footnotes":""},"class_list":["post-241","page","type-page","status-publish","hentry"],"yoast_head":"<!-- This site is optimized with the Yoast SEO plugin v27.4 - https:\/\/yoast.com\/product\/yoast-seo-wordpress\/ -->\n<title>Bidrag - Plattformskooperativ<\/title>\n<meta name=\"robots\" content=\"noindex, follow, max-snippet:-1, max-image-preview:large, max-video-preview:-1\" \/>\n<meta property=\"og:locale\" content=\"sv_SE\" \/>\n<meta property=\"og:type\" content=\"article\" \/>\n<meta property=\"og:title\" content=\"Bidrag - Plattformskooperativ\" \/>\n<meta property=\"og:description\" content=\"Statliga Energimyndigheten Naturv\u00e5rdsverket Organisationer Allm\u00e4nna arvsfonden Ideer f\u00f6r livet , Skandia\" \/>\n<meta property=\"og:url\" content=\"http:\/\/kiube.se\/innovation\/?page_id=241\" \/>\n<meta property=\"og:site_name\" content=\"Plattformskooperativ\" \/>\n<meta property=\"article:modified_time\" content=\"2019-06-29T08:37:57+00:00\" \/>\n<meta name=\"twitter:card\" content=\"summary_large_image\" \/>\n<script type=\"application\/ld+json\" class=\"yoast-schema-graph\">{\"@context\":\"https:\\\/\\\/schema.org\",\"@graph\":[{\"@type\":\"WebPage\",\"@id\":\"http:\\\/\\\/kiube.se\\\/innovation\\\/?page_id=241\",\"url\":\"http:\\\/\\\/kiube.se\\\/innovation\\\/?page_id=241\",\"name\":\"Bidrag - Plattformskooperativ\",\"isPartOf\":{\"@id\":\"http:\\\/\\\/kiube.se\\\/innovation\\\/#website\"},\"datePublished\":\"2018-08-17T08:39:25+00:00\",\"dateModified\":\"2019-06-29T08:37:57+00:00\",\"breadcrumb\":{\"@id\":\"http:\\\/\\\/kiube.se\\\/innovation\\\/?page_id=241#breadcrumb\"},\"inLanguage\":\"sv-SE\",\"potentialAction\":[{\"@type\":\"ReadAction\",\"target\":[\"http:\\\/\\\/kiube.se\\\/innovation\\\/?page_id=241\"]}]},{\"@type\":\"BreadcrumbList\",\"@id\":\"http:\\\/\\\/kiube.se\\\/innovation\\\/?page_id=241#breadcrumb\",\"itemListElement\":[{\"@type\":\"ListItem\",\"position\":1,\"name\":\"Hem\",\"item\":\"http:\\\/\\\/kiube.se\\\/innovation\\\/\"},{\"@type\":\"ListItem\",\"position\":2,\"name\":\"Kapitalf\u00f6rs\u00f6rjning\",\"item\":\"http:\\\/\\\/kiube.se\\\/innovation\\\/?page_id=54\"},{\"@type\":\"ListItem\",\"position\":3,\"name\":\"Bidrag\"}]},{\"@type\":\"WebSite\",\"@id\":\"http:\\\/\\\/kiube.se\\\/innovation\\\/#website\",\"url\":\"http:\\\/\\\/kiube.se\\\/innovation\\\/\",\"name\":\"Plattformskooperativ\",\"description\":\"handbok f\u00f6r en cirkul\u00e4r ekonomi\",\"potentialAction\":[{\"@type\":\"SearchAction\",\"target\":{\"@type\":\"EntryPoint\",\"urlTemplate\":\"http:\\\/\\\/kiube.se\\\/innovation\\\/?s={search_term_string}\"},\"query-input\":{\"@type\":\"PropertyValueSpecification\",\"valueRequired\":true,\"valueName\":\"search_term_string\"}}],\"inLanguage\":\"sv-SE\"}]}<\/script>\n<!-- \/ Yoast SEO plugin. -->","yoast_head_json":{"title":"Bidrag - Plattformskooperativ","robots":{"index":"noindex","follow":"follow","max-snippet":"max-snippet:-1","max-image-preview":"max-image-preview:large","max-video-preview":"max-video-preview:-1"},"og_locale":"sv_SE","og_type":"article","og_title":"Bidrag - Plattformskooperativ","og_description":"Statliga Energimyndigheten Naturv\u00e5rdsverket Organisationer Allm\u00e4nna arvsfonden Ideer f\u00f6r livet , Skandia","og_url":"http:\/\/kiube.se\/innovation\/?page_id=241","og_site_name":"Plattformskooperativ","article_modified_time":"2019-06-29T08:37:57+00:00","twitter_card":"summary_large_image","schema":{"@context":"https:\/\/schema.org","@graph":[{"@type":"WebPage","@id":"http:\/\/kiube.se\/innovation\/?page_id=241","url":"http:\/\/kiube.se\/innovation\/?page_id=241","name":"Bidrag - Plattformskooperativ","isPartOf":{"@id":"http:\/\/kiube.se\/innovation\/#website"},"datePublished":"2018-08-17T08:39:25+00:00","dateModified":"2019-06-29T08:37:57+00:00","breadcrumb":{"@id":"http:\/\/kiube.se\/innovation\/?page_id=241#breadcrumb"},"inLanguage":"sv-SE","potentialAction":[{"@type":"ReadAction","target":["http:\/\/kiube.se\/innovation\/?page_id=241"]}]},{"@type":"BreadcrumbList","@id":"http:\/\/kiube.se\/innovation\/?page_id=241#breadcrumb","itemListElement":[{"@type":"ListItem","position":1,"name":"Hem","item":"http:\/\/kiube.se\/innovation\/"},{"@type":"ListItem","position":2,"name":"Kapitalf\u00f6rs\u00f6rjning","item":"http:\/\/kiube.se\/innovation\/?page_id=54"},{"@type":"ListItem","position":3,"name":"Bidrag"}]},{"@type":"WebSite","@id":"http:\/\/kiube.se\/innovation\/#website","url":"http:\/\/kiube.se\/innovation\/","name":"Plattformskooperativ","description":"handbok f\u00f6r en cirkul\u00e4r ekonomi","potentialAction":[{"@type":"SearchAction","target":{"@type":"EntryPoint","urlTemplate":"http:\/\/kiube.se\/innovation\/?s={search_term_string}"},"query-input":{"@type":"PropertyValueSpecification","valueRequired":true,"valueName":"search_term_string"}}],"inLanguage":"sv-SE"}]}},"jetpack_shortlink":"https:\/\/wp.me\/P2saGP-3T","jetpack-related-posts":[],"_links":{"self":[{"href":"http:\/\/kiube.se\/innovation\/index.php?rest_route=\/wp\/v2\/pages\/241","targetHints":{"allow":["GET"]}}],"collection":[{"href":"http:\/\/kiube.se\/innovation\/index.php?rest_route=\/wp\/v2\/pages"}],"about":[{"href":"http:\/\/kiube.se\/innovation\/index.php?rest_route=\/wp\/v2\/types\/page"}],"author":[{"embeddable":true,"href":"http:\/\/kiube.se\/innovation\/index.php?rest_route=\/wp\/v2\/users\/131"}],"replies":[{"embeddable":true,"href":"http:\/\/kiube.se\/innovation\/index.php?rest_route=%2Fwp%2Fv2%2Fcomments&post=241"}],"version-history":[{"count":0,"href":"http:\/\/kiube.se\/innovation\/index.php?rest_route=\/wp\/v2\/pages\/241\/revisions"}],"up":[{"embeddable":true,"href":"http:\/\/kiube.se\/innovation\/index.php?rest_route=\/wp\/v2\/pages\/54"}],"wp:attachment":[{"href":"http:\/\/kiube.se\/innovation\/index.php?rest_route=%2Fwp%2Fv2%2Fmedia&parent=241"}],"curies":[{"name":"wp","href":"https:\/\/api.w.org\/{rel}","templated":true}]}}