{"id":105,"date":"2012-10-12T08:11:45","date_gmt":"2012-10-12T07:11:45","guid":{"rendered":"http:\/\/kiube.se\/innovation\/?page_id=105"},"modified":"2019-06-29T09:38:56","modified_gmt":"2019-06-29T08:38:56","slug":"personal-optioner","status":"publish","type":"page","link":"http:\/\/kiube.se\/innovation\/?page_id=105","title":{"rendered":"Personal optioner"},"content":{"rendered":"<p>Den amerikanska modellen\u00a0f\u00f6r personaloptioner \u00e4r t\u00e4mligen enkel: medarbetaren har r\u00e4tt att under ett antal \u00e5r stegvis f\u00f6rv\u00e4rva aktier till dagens kurs, s\u00e5 l\u00e4nge han eller hon \u00e4r kvar i bolaget. Slutar han eller hon f\u00f6rfaller optionerna. Medarbetaren beh\u00f6ver aldrig ligga ute med pengar. Den dag optionerna s\u00e4ljs beskattas de som kapital.<\/p>\n<p><a href=\"http:\/\/s3.eu-north-1.amazonaws.com\/kiube.se\/wp-content\/uploads\/sites\/33\/2012\/10\/26170031\/L%C3%A5t-medarbetarna-f%C3%B6lja-med-i-investerarb%C3%A5ten-%C3%A4ven-om-de-%C3%A4r-sena-IDG.se_.pdf\">L\u00e5t medarbetarna f\u00f6lja med i investerarb\u00e5ten \u00e4ven om de \u00e4r sena &#8211; IDG.se<\/a><\/p>\n","protected":false},"excerpt":{"rendered":"<p>Den amerikanska modellen\u00a0f\u00f6r personaloptioner \u00e4r t\u00e4mligen enkel: medarbetaren har r\u00e4tt att under ett antal \u00e5r stegvis f\u00f6rv\u00e4rva aktier till dagens kurs, s\u00e5 l\u00e4nge han eller hon \u00e4r kvar i bolaget. Slutar han eller hon f\u00f6rfaller optionerna. Medarbetaren beh\u00f6ver aldrig ligga ute med pengar. Den dag optionerna s\u00e4ljs beskattas de som kapital. L\u00e5t medarbetarna f\u00f6lja med [&hellip;]<\/p>\n","protected":false},"author":1,"featured_media":0,"parent":54,"menu_order":0,"comment_status":"open","ping_status":"closed","template":"","meta":{"footnotes":""},"class_list":["post-105","page","type-page","status-publish","hentry"],"yoast_head":"<!-- This site is optimized with the Yoast SEO plugin v27.4 - https:\/\/yoast.com\/product\/yoast-seo-wordpress\/ -->\n<title>Personal optioner - Plattformskooperativ<\/title>\n<meta name=\"robots\" content=\"noindex, follow, max-snippet:-1, max-image-preview:large, max-video-preview:-1\" \/>\n<meta property=\"og:locale\" content=\"sv_SE\" \/>\n<meta property=\"og:type\" content=\"article\" \/>\n<meta property=\"og:title\" content=\"Personal optioner - Plattformskooperativ\" \/>\n<meta property=\"og:description\" content=\"Den amerikanska modellen\u00a0f\u00f6r personaloptioner \u00e4r t\u00e4mligen enkel: medarbetaren har r\u00e4tt att under ett antal \u00e5r stegvis f\u00f6rv\u00e4rva aktier till dagens kurs, s\u00e5 l\u00e4nge han eller hon \u00e4r kvar i bolaget. Slutar han eller hon f\u00f6rfaller optionerna. Medarbetaren beh\u00f6ver aldrig ligga ute med pengar. Den dag optionerna s\u00e4ljs beskattas de som kapital. L\u00e5t medarbetarna f\u00f6lja med [&hellip;]\" \/>\n<meta property=\"og:url\" content=\"http:\/\/kiube.se\/innovation\/?page_id=105\" \/>\n<meta property=\"og:site_name\" content=\"Plattformskooperativ\" \/>\n<meta property=\"article:modified_time\" content=\"2019-06-29T08:38:56+00:00\" \/>\n<meta name=\"twitter:card\" content=\"summary_large_image\" \/>\n<script type=\"application\/ld+json\" class=\"yoast-schema-graph\">{\"@context\":\"https:\\\/\\\/schema.org\",\"@graph\":[{\"@type\":\"WebPage\",\"@id\":\"http:\\\/\\\/kiube.se\\\/innovation\\\/?page_id=105\",\"url\":\"http:\\\/\\\/kiube.se\\\/innovation\\\/?page_id=105\",\"name\":\"Personal optioner - Plattformskooperativ\",\"isPartOf\":{\"@id\":\"http:\\\/\\\/kiube.se\\\/innovation\\\/#website\"},\"datePublished\":\"2012-10-12T07:11:45+00:00\",\"dateModified\":\"2019-06-29T08:38:56+00:00\",\"breadcrumb\":{\"@id\":\"http:\\\/\\\/kiube.se\\\/innovation\\\/?page_id=105#breadcrumb\"},\"inLanguage\":\"sv-SE\",\"potentialAction\":[{\"@type\":\"ReadAction\",\"target\":[\"http:\\\/\\\/kiube.se\\\/innovation\\\/?page_id=105\"]}]},{\"@type\":\"BreadcrumbList\",\"@id\":\"http:\\\/\\\/kiube.se\\\/innovation\\\/?page_id=105#breadcrumb\",\"itemListElement\":[{\"@type\":\"ListItem\",\"position\":1,\"name\":\"Hem\",\"item\":\"http:\\\/\\\/kiube.se\\\/innovation\\\/\"},{\"@type\":\"ListItem\",\"position\":2,\"name\":\"Kapitalf\u00f6rs\u00f6rjning\",\"item\":\"http:\\\/\\\/kiube.se\\\/innovation\\\/?page_id=54\"},{\"@type\":\"ListItem\",\"position\":3,\"name\":\"Personal optioner\"}]},{\"@type\":\"WebSite\",\"@id\":\"http:\\\/\\\/kiube.se\\\/innovation\\\/#website\",\"url\":\"http:\\\/\\\/kiube.se\\\/innovation\\\/\",\"name\":\"Plattformskooperativ\",\"description\":\"handbok f\u00f6r en cirkul\u00e4r ekonomi\",\"potentialAction\":[{\"@type\":\"SearchAction\",\"target\":{\"@type\":\"EntryPoint\",\"urlTemplate\":\"http:\\\/\\\/kiube.se\\\/innovation\\\/?s={search_term_string}\"},\"query-input\":{\"@type\":\"PropertyValueSpecification\",\"valueRequired\":true,\"valueName\":\"search_term_string\"}}],\"inLanguage\":\"sv-SE\"}]}<\/script>\n<!-- \/ Yoast SEO plugin. -->","yoast_head_json":{"title":"Personal optioner - Plattformskooperativ","robots":{"index":"noindex","follow":"follow","max-snippet":"max-snippet:-1","max-image-preview":"max-image-preview:large","max-video-preview":"max-video-preview:-1"},"og_locale":"sv_SE","og_type":"article","og_title":"Personal optioner - Plattformskooperativ","og_description":"Den amerikanska modellen\u00a0f\u00f6r personaloptioner \u00e4r t\u00e4mligen enkel: medarbetaren har r\u00e4tt att under ett antal \u00e5r stegvis f\u00f6rv\u00e4rva aktier till dagens kurs, s\u00e5 l\u00e4nge han eller hon \u00e4r kvar i bolaget. Slutar han eller hon f\u00f6rfaller optionerna. Medarbetaren beh\u00f6ver aldrig ligga ute med pengar. Den dag optionerna s\u00e4ljs beskattas de som kapital. L\u00e5t medarbetarna f\u00f6lja med [&hellip;]","og_url":"http:\/\/kiube.se\/innovation\/?page_id=105","og_site_name":"Plattformskooperativ","article_modified_time":"2019-06-29T08:38:56+00:00","twitter_card":"summary_large_image","schema":{"@context":"https:\/\/schema.org","@graph":[{"@type":"WebPage","@id":"http:\/\/kiube.se\/innovation\/?page_id=105","url":"http:\/\/kiube.se\/innovation\/?page_id=105","name":"Personal optioner - Plattformskooperativ","isPartOf":{"@id":"http:\/\/kiube.se\/innovation\/#website"},"datePublished":"2012-10-12T07:11:45+00:00","dateModified":"2019-06-29T08:38:56+00:00","breadcrumb":{"@id":"http:\/\/kiube.se\/innovation\/?page_id=105#breadcrumb"},"inLanguage":"sv-SE","potentialAction":[{"@type":"ReadAction","target":["http:\/\/kiube.se\/innovation\/?page_id=105"]}]},{"@type":"BreadcrumbList","@id":"http:\/\/kiube.se\/innovation\/?page_id=105#breadcrumb","itemListElement":[{"@type":"ListItem","position":1,"name":"Hem","item":"http:\/\/kiube.se\/innovation\/"},{"@type":"ListItem","position":2,"name":"Kapitalf\u00f6rs\u00f6rjning","item":"http:\/\/kiube.se\/innovation\/?page_id=54"},{"@type":"ListItem","position":3,"name":"Personal optioner"}]},{"@type":"WebSite","@id":"http:\/\/kiube.se\/innovation\/#website","url":"http:\/\/kiube.se\/innovation\/","name":"Plattformskooperativ","description":"handbok f\u00f6r en cirkul\u00e4r ekonomi","potentialAction":[{"@type":"SearchAction","target":{"@type":"EntryPoint","urlTemplate":"http:\/\/kiube.se\/innovation\/?s={search_term_string}"},"query-input":{"@type":"PropertyValueSpecification","valueRequired":true,"valueName":"search_term_string"}}],"inLanguage":"sv-SE"}]}},"jetpack_shortlink":"https:\/\/wp.me\/P2saGP-1H","jetpack-related-posts":[],"_links":{"self":[{"href":"http:\/\/kiube.se\/innovation\/index.php?rest_route=\/wp\/v2\/pages\/105","targetHints":{"allow":["GET"]}}],"collection":[{"href":"http:\/\/kiube.se\/innovation\/index.php?rest_route=\/wp\/v2\/pages"}],"about":[{"href":"http:\/\/kiube.se\/innovation\/index.php?rest_route=\/wp\/v2\/types\/page"}],"author":[{"embeddable":true,"href":"http:\/\/kiube.se\/innovation\/index.php?rest_route=\/wp\/v2\/users\/1"}],"replies":[{"embeddable":true,"href":"http:\/\/kiube.se\/innovation\/index.php?rest_route=%2Fwp%2Fv2%2Fcomments&post=105"}],"version-history":[{"count":0,"href":"http:\/\/kiube.se\/innovation\/index.php?rest_route=\/wp\/v2\/pages\/105\/revisions"}],"up":[{"embeddable":true,"href":"http:\/\/kiube.se\/innovation\/index.php?rest_route=\/wp\/v2\/pages\/54"}],"wp:attachment":[{"href":"http:\/\/kiube.se\/innovation\/index.php?rest_route=%2Fwp%2Fv2%2Fmedia&parent=105"}],"curies":[{"name":"wp","href":"https:\/\/api.w.org\/{rel}","templated":true}]}}