{"id":101,"date":"2012-10-12T07:51:04","date_gmt":"2012-10-12T06:51:04","guid":{"rendered":"http:\/\/kiube.se\/innovation\/?page_id=101"},"modified":"2018-08-17T09:44:53","modified_gmt":"2018-08-17T08:44:53","slug":"vad-ar-syftet","status":"publish","type":"page","link":"http:\/\/kiube.se\/innovation\/?page_id=101","title":{"rendered":"Vad \u00e4r syftet"},"content":{"rendered":"<h2>1. Ge m\u00e4nniskor m\u00f6jlighet att skapa sin egen framtid<\/h2>\n<h3>2. Skapa incitament f\u00f6r entrepren\u00f6rer och eldsj\u00e4lar att tj\u00e4na pengar p\u00e5 sina drivkrafter<\/h3>\n<ul>\n<li>Del\u00e4gare grundare<\/li>\n<li><a href=\"http:\/\/kiube.se\/innovation\/?page_id=105\">Personaloptioner<\/a><\/li>\n<li>ESOP<\/li>\n<\/ul>\n<h3>3. Skapa ett h\u00e5llbar ecosystem som g\u00f6r det m\u00f6jligt f\u00f6r unga m\u00e4nnsikor att f\u00f6rs\u00f6rja sig p\u00e5 sitt arbete<\/h3>\n<p><strong>4 . Syfte (purpose)<\/strong> att ge positiva m\u00e4tbara Effekter f\u00f6r individ och samh\u00e4llsnytta<\/p>\n<ul>\n<li>Personlig (egennytta)<\/li>\n<li>Milj\u00f6effekter<\/li>\n<li>H\u00e4lsoeffekter<\/li>\n<li>Ekonomiska<\/li>\n<\/ul>\n<p>&nbsp;<\/p>\n","protected":false},"excerpt":{"rendered":"<p>1. Ge m\u00e4nniskor m\u00f6jlighet att skapa sin egen framtid 2. Skapa incitament f\u00f6r entrepren\u00f6rer och eldsj\u00e4lar att tj\u00e4na pengar p\u00e5 sina drivkrafter Del\u00e4gare grundare Personaloptioner ESOP 3. Skapa ett h\u00e5llbar ecosystem som g\u00f6r det m\u00f6jligt f\u00f6r unga m\u00e4nnsikor att f\u00f6rs\u00f6rja sig p\u00e5 sitt arbete 4 . Syfte (purpose) att ge positiva m\u00e4tbara Effekter f\u00f6r individ [&hellip;]<\/p>\n","protected":false},"author":1,"featured_media":0,"parent":0,"menu_order":0,"comment_status":"open","ping_status":"open","template":"","meta":{"footnotes":""},"class_list":["post-101","page","type-page","status-publish","hentry"],"yoast_head":"<!-- This site is optimized with the Yoast SEO plugin v27.4 - https:\/\/yoast.com\/product\/yoast-seo-wordpress\/ -->\n<title>Vad \u00e4r syftet - Plattformskooperativ<\/title>\n<meta name=\"robots\" content=\"noindex, follow, max-snippet:-1, max-image-preview:large, max-video-preview:-1\" \/>\n<meta property=\"og:locale\" content=\"sv_SE\" \/>\n<meta property=\"og:type\" content=\"article\" \/>\n<meta property=\"og:title\" content=\"Vad \u00e4r syftet - Plattformskooperativ\" \/>\n<meta property=\"og:description\" content=\"1. Ge m\u00e4nniskor m\u00f6jlighet att skapa sin egen framtid 2. Skapa incitament f\u00f6r entrepren\u00f6rer och eldsj\u00e4lar att tj\u00e4na pengar p\u00e5 sina drivkrafter Del\u00e4gare grundare Personaloptioner ESOP 3. Skapa ett h\u00e5llbar ecosystem som g\u00f6r det m\u00f6jligt f\u00f6r unga m\u00e4nnsikor att f\u00f6rs\u00f6rja sig p\u00e5 sitt arbete 4 . Syfte (purpose) att ge positiva m\u00e4tbara Effekter f\u00f6r individ [&hellip;]\" \/>\n<meta property=\"og:url\" content=\"http:\/\/kiube.se\/innovation\/?page_id=101\" \/>\n<meta property=\"og:site_name\" content=\"Plattformskooperativ\" \/>\n<meta property=\"article:modified_time\" content=\"2018-08-17T08:44:53+00:00\" \/>\n<meta name=\"twitter:card\" content=\"summary_large_image\" \/>\n<script type=\"application\/ld+json\" class=\"yoast-schema-graph\">{\"@context\":\"https:\\\/\\\/schema.org\",\"@graph\":[{\"@type\":\"WebPage\",\"@id\":\"http:\\\/\\\/kiube.se\\\/innovation\\\/?page_id=101\",\"url\":\"http:\\\/\\\/kiube.se\\\/innovation\\\/?page_id=101\",\"name\":\"Vad \u00e4r syftet - Plattformskooperativ\",\"isPartOf\":{\"@id\":\"http:\\\/\\\/kiube.se\\\/innovation\\\/#website\"},\"datePublished\":\"2012-10-12T06:51:04+00:00\",\"dateModified\":\"2018-08-17T08:44:53+00:00\",\"breadcrumb\":{\"@id\":\"http:\\\/\\\/kiube.se\\\/innovation\\\/?page_id=101#breadcrumb\"},\"inLanguage\":\"sv-SE\",\"potentialAction\":[{\"@type\":\"ReadAction\",\"target\":[\"http:\\\/\\\/kiube.se\\\/innovation\\\/?page_id=101\"]}]},{\"@type\":\"BreadcrumbList\",\"@id\":\"http:\\\/\\\/kiube.se\\\/innovation\\\/?page_id=101#breadcrumb\",\"itemListElement\":[{\"@type\":\"ListItem\",\"position\":1,\"name\":\"Hem\",\"item\":\"http:\\\/\\\/kiube.se\\\/innovation\\\/\"},{\"@type\":\"ListItem\",\"position\":2,\"name\":\"Vad \u00e4r syftet\"}]},{\"@type\":\"WebSite\",\"@id\":\"http:\\\/\\\/kiube.se\\\/innovation\\\/#website\",\"url\":\"http:\\\/\\\/kiube.se\\\/innovation\\\/\",\"name\":\"Plattformskooperativ\",\"description\":\"handbok f\u00f6r en cirkul\u00e4r ekonomi\",\"potentialAction\":[{\"@type\":\"SearchAction\",\"target\":{\"@type\":\"EntryPoint\",\"urlTemplate\":\"http:\\\/\\\/kiube.se\\\/innovation\\\/?s={search_term_string}\"},\"query-input\":{\"@type\":\"PropertyValueSpecification\",\"valueRequired\":true,\"valueName\":\"search_term_string\"}}],\"inLanguage\":\"sv-SE\"}]}<\/script>\n<!-- \/ Yoast SEO plugin. -->","yoast_head_json":{"title":"Vad \u00e4r syftet - Plattformskooperativ","robots":{"index":"noindex","follow":"follow","max-snippet":"max-snippet:-1","max-image-preview":"max-image-preview:large","max-video-preview":"max-video-preview:-1"},"og_locale":"sv_SE","og_type":"article","og_title":"Vad \u00e4r syftet - Plattformskooperativ","og_description":"1. Ge m\u00e4nniskor m\u00f6jlighet att skapa sin egen framtid 2. Skapa incitament f\u00f6r entrepren\u00f6rer och eldsj\u00e4lar att tj\u00e4na pengar p\u00e5 sina drivkrafter Del\u00e4gare grundare Personaloptioner ESOP 3. Skapa ett h\u00e5llbar ecosystem som g\u00f6r det m\u00f6jligt f\u00f6r unga m\u00e4nnsikor att f\u00f6rs\u00f6rja sig p\u00e5 sitt arbete 4 . Syfte (purpose) att ge positiva m\u00e4tbara Effekter f\u00f6r individ [&hellip;]","og_url":"http:\/\/kiube.se\/innovation\/?page_id=101","og_site_name":"Plattformskooperativ","article_modified_time":"2018-08-17T08:44:53+00:00","twitter_card":"summary_large_image","schema":{"@context":"https:\/\/schema.org","@graph":[{"@type":"WebPage","@id":"http:\/\/kiube.se\/innovation\/?page_id=101","url":"http:\/\/kiube.se\/innovation\/?page_id=101","name":"Vad \u00e4r syftet - Plattformskooperativ","isPartOf":{"@id":"http:\/\/kiube.se\/innovation\/#website"},"datePublished":"2012-10-12T06:51:04+00:00","dateModified":"2018-08-17T08:44:53+00:00","breadcrumb":{"@id":"http:\/\/kiube.se\/innovation\/?page_id=101#breadcrumb"},"inLanguage":"sv-SE","potentialAction":[{"@type":"ReadAction","target":["http:\/\/kiube.se\/innovation\/?page_id=101"]}]},{"@type":"BreadcrumbList","@id":"http:\/\/kiube.se\/innovation\/?page_id=101#breadcrumb","itemListElement":[{"@type":"ListItem","position":1,"name":"Hem","item":"http:\/\/kiube.se\/innovation\/"},{"@type":"ListItem","position":2,"name":"Vad \u00e4r syftet"}]},{"@type":"WebSite","@id":"http:\/\/kiube.se\/innovation\/#website","url":"http:\/\/kiube.se\/innovation\/","name":"Plattformskooperativ","description":"handbok f\u00f6r en cirkul\u00e4r ekonomi","potentialAction":[{"@type":"SearchAction","target":{"@type":"EntryPoint","urlTemplate":"http:\/\/kiube.se\/innovation\/?s={search_term_string}"},"query-input":{"@type":"PropertyValueSpecification","valueRequired":true,"valueName":"search_term_string"}}],"inLanguage":"sv-SE"}]}},"jetpack_shortlink":"https:\/\/wp.me\/P2saGP-1D","jetpack-related-posts":[],"_links":{"self":[{"href":"http:\/\/kiube.se\/innovation\/index.php?rest_route=\/wp\/v2\/pages\/101","targetHints":{"allow":["GET"]}}],"collection":[{"href":"http:\/\/kiube.se\/innovation\/index.php?rest_route=\/wp\/v2\/pages"}],"about":[{"href":"http:\/\/kiube.se\/innovation\/index.php?rest_route=\/wp\/v2\/types\/page"}],"author":[{"embeddable":true,"href":"http:\/\/kiube.se\/innovation\/index.php?rest_route=\/wp\/v2\/users\/1"}],"replies":[{"embeddable":true,"href":"http:\/\/kiube.se\/innovation\/index.php?rest_route=%2Fwp%2Fv2%2Fcomments&post=101"}],"version-history":[{"count":0,"href":"http:\/\/kiube.se\/innovation\/index.php?rest_route=\/wp\/v2\/pages\/101\/revisions"}],"wp:attachment":[{"href":"http:\/\/kiube.se\/innovation\/index.php?rest_route=%2Fwp%2Fv2%2Fmedia&parent=101"}],"curies":[{"name":"wp","href":"https:\/\/api.w.org\/{rel}","templated":true}]}}