{"id":10,"date":"2016-02-18T19:37:15","date_gmt":"2016-02-18T18:37:15","guid":{"rendered":"http:\/\/kiube.se\/i013\/?page_id=10"},"modified":"2025-08-26T09:53:58","modified_gmt":"2025-08-26T07:53:58","slug":"design-filosofi","status":"publish","type":"page","link":"http:\/\/kiube.se\/i013\/design-filosofi\/","title":{"rendered":"Design Filosofi"},"content":{"rendered":"<p>V\u00e5r filosofi \u00e4r att anv\u00e4nda standardiserade och \u00f6ppna gr\u00e4nsnitt f\u00f6r ett g\u00f6r det enkelt att kommunicera och implementera en l\u00f6sning utan stora hinder fr\u00e5n \u00e4garen av standarden..<\/p>\n<p>Olika typer av standard<\/p>\n<ul>\n<li>Standard (ISO, SiS, <a href=\"https:\/\/iec.ch\/homepage\">IEC<\/a>, <a href=\"https:\/\/elstandard.se\/om-sek-svensk-elstandard\/\">SEK<\/a>\u00a0)<\/li>\n<li>Prototkoll<\/li>\n<li>Konventioner | <a href=\"https:\/\/kiube.se\/i013\/konventioner-likstrom\/\">Likstr\u00f6m<\/a> |<\/li>\n<\/ul>\n<p>F\u00f6ljande grupper av gr\u00e4nssnitt hittar du h\u00e4r.<\/p>\n<ul>\n<li>HMI (m\u00e4nniska &#8211; maskin ofta n\u00e5gon typ av grafiskt eller visuellt gr\u00e4nssnitt ex GUI<\/li>\n<li>API ( dator interface f\u00f6r programmering)<\/li>\n<li>Elektriskt<\/li>\n<li>Kommunikationsbuss<br \/>\n&#8211;\u00a0<a href=\"https:\/\/sv.wikipedia.org\/wiki\/Buss_(elektronisk_term)#Elektriskt_gr.C3.A4nssnitt\">Kommunikationsbuss (elektriskt)<\/a><br \/>\n&#8211; <a href=\"https:\/\/sv.wikipedia.org\/wiki\/F\u00e4ltbuss\">F\u00e4ltbuss<\/a><br \/>\n&#8211; <a href=\"https:\/\/sv.wikipedia.org\/wiki\/Internet\">Internationella mellann\u00e4t (Internet)<\/a><\/li>\n<li>Protokoll<br \/>\n&#8211; MQTT<br \/>\n&#8211; ActivityPub<\/li>\n<li>Kraft\u00f6verf\u00f6ring<\/li>\n<li>S\u00e4kerhet<\/li>\n<\/ul>\n","protected":false},"excerpt":{"rendered":"<p>V\u00e5r filosofi \u00e4r att anv\u00e4nda standardiserade och \u00f6ppna gr\u00e4nsnitt f\u00f6r ett g\u00f6r det enkelt att kommunicera och implementera en l\u00f6sning [&hellip;]<\/p>\n","protected":false},"author":131,"featured_media":0,"parent":0,"menu_order":0,"comment_status":"closed","ping_status":"closed","template":"","meta":{"site-sidebar-layout":"default","site-content-layout":"","ast-site-content-layout":"default","site-content-style":"default","site-sidebar-style":"default","ast-global-header-display":"","ast-banner-title-visibility":"","ast-main-header-display":"","ast-hfb-above-header-display":"","ast-hfb-below-header-display":"","ast-hfb-mobile-header-display":"","site-post-title":"","ast-breadcrumbs-content":"","ast-featured-img":"","footer-sml-layout":"","ast-disable-related-posts":"","theme-transparent-header-meta":"default","adv-header-id-meta":"","stick-header-meta":"","header-above-stick-meta":"","header-main-stick-meta":"","header-below-stick-meta":"","astra-migrate-meta-layouts":"set","ast-page-background-enabled":"default","ast-page-background-meta":{"desktop":{"background-color":"var(--ast-global-color-5)","background-image":"","background-repeat":"repeat","background-position":"center center","background-size":"auto","background-attachment":"scroll","background-type":"","background-media":"","overlay-type":"","overlay-color":"","overlay-opacity":"","overlay-gradient":""},"tablet":{"background-color":"","background-image":"","background-repeat":"repeat","background-position":"center center","background-size":"auto","background-attachment":"scroll","background-type":"","background-media":"","overlay-type":"","overlay-color":"","overlay-opacity":"","overlay-gradient":""},"mobile":{"background-color":"","background-image":"","background-repeat":"repeat","background-position":"center center","background-size":"auto","background-attachment":"scroll","background-type":"","background-media":"","overlay-type":"","overlay-color":"","overlay-opacity":"","overlay-gradient":""}},"ast-content-background-meta":{"desktop":{"background-color":"var(--ast-global-color-4)","background-image":"","background-repeat":"repeat","background-position":"center center","background-size":"auto","background-attachment":"scroll","background-type":"","background-media":"","overlay-type":"","overlay-color":"","overlay-opacity":"","overlay-gradient":""},"tablet":{"background-color":"var(--ast-global-color-4)","background-image":"","background-repeat":"repeat","background-position":"center center","background-size":"auto","background-attachment":"scroll","background-type":"","background-media":"","overlay-type":"","overlay-color":"","overlay-opacity":"","overlay-gradient":""},"mobile":{"background-color":"var(--ast-global-color-4)","background-image":"","background-repeat":"repeat","background-position":"center center","background-size":"auto","background-attachment":"scroll","background-type":"","background-media":"","overlay-type":"","overlay-color":"","overlay-opacity":"","overlay-gradient":""}},"footnotes":""},"class_list":["post-10","page","type-page","status-publish","hentry"],"yoast_head":"<!-- This site is optimized with the Yoast SEO plugin v27.5 - https:\/\/yoast.com\/product\/yoast-seo-wordpress\/ -->\n<title>Design Filosofi - Mellanrum - Connecting things<\/title>\n<meta name=\"robots\" content=\"index, follow, max-snippet:-1, max-image-preview:large, max-video-preview:-1\" \/>\n<link rel=\"canonical\" href=\"https:\/\/kiube.se\/i013\/design-filosofi\/\" \/>\n<meta property=\"og:locale\" content=\"sv_SE\" \/>\n<meta property=\"og:type\" content=\"article\" \/>\n<meta property=\"og:title\" content=\"Design Filosofi - Mellanrum - Connecting things\" \/>\n<meta property=\"og:description\" content=\"V\u00e5r filosofi \u00e4r att anv\u00e4nda standardiserade och \u00f6ppna gr\u00e4nsnitt f\u00f6r ett g\u00f6r det enkelt att kommunicera och implementera en l\u00f6sning [&hellip;]\" \/>\n<meta property=\"og:url\" content=\"https:\/\/kiube.se\/i013\/design-filosofi\/\" \/>\n<meta property=\"og:site_name\" content=\"Mellanrum - Connecting things\" \/>\n<meta property=\"article:modified_time\" content=\"2025-08-26T07:53:58+00:00\" \/>\n<meta name=\"twitter:card\" content=\"summary_large_image\" \/>\n<meta name=\"twitter:label1\" content=\"Ber\u00e4knad l\u00e4stid\" \/>\n\t<meta name=\"twitter:data1\" content=\"1 minut\" \/>\n<script type=\"application\/ld+json\" class=\"yoast-schema-graph\">{\"@context\":\"https:\\\/\\\/schema.org\",\"@graph\":[{\"@type\":\"WebPage\",\"@id\":\"https:\\\/\\\/kiube.se\\\/i013\\\/design-filosofi\\\/\",\"url\":\"https:\\\/\\\/kiube.se\\\/i013\\\/design-filosofi\\\/\",\"name\":\"Design Filosofi - Mellanrum - Connecting things\",\"isPartOf\":{\"@id\":\"https:\\\/\\\/kiube.se\\\/i013\\\/#website\"},\"datePublished\":\"2016-02-18T18:37:15+00:00\",\"dateModified\":\"2025-08-26T07:53:58+00:00\",\"breadcrumb\":{\"@id\":\"https:\\\/\\\/kiube.se\\\/i013\\\/design-filosofi\\\/#breadcrumb\"},\"inLanguage\":\"sv-SE\",\"potentialAction\":[{\"@type\":\"ReadAction\",\"target\":[\"https:\\\/\\\/kiube.se\\\/i013\\\/design-filosofi\\\/\"]}]},{\"@type\":\"BreadcrumbList\",\"@id\":\"https:\\\/\\\/kiube.se\\\/i013\\\/design-filosofi\\\/#breadcrumb\",\"itemListElement\":[{\"@type\":\"ListItem\",\"position\":1,\"name\":\"Hem\",\"item\":\"https:\\\/\\\/kiube.se\\\/i013\\\/\"},{\"@type\":\"ListItem\",\"position\":2,\"name\":\"Design Filosofi\"}]},{\"@type\":\"WebSite\",\"@id\":\"https:\\\/\\\/kiube.se\\\/i013\\\/#website\",\"url\":\"https:\\\/\\\/kiube.se\\\/i013\\\/\",\"name\":\"Mellanrum - Connecting things\",\"description\":\"Projekt #013 - gr\u00e4nssnitt\",\"potentialAction\":[{\"@type\":\"SearchAction\",\"target\":{\"@type\":\"EntryPoint\",\"urlTemplate\":\"https:\\\/\\\/kiube.se\\\/i013\\\/?s={search_term_string}\"},\"query-input\":{\"@type\":\"PropertyValueSpecification\",\"valueRequired\":true,\"valueName\":\"search_term_string\"}}],\"inLanguage\":\"sv-SE\"}]}<\/script>\n<!-- \/ Yoast SEO plugin. -->","yoast_head_json":{"title":"Design Filosofi - Mellanrum - Connecting things","robots":{"index":"index","follow":"follow","max-snippet":"max-snippet:-1","max-image-preview":"max-image-preview:large","max-video-preview":"max-video-preview:-1"},"canonical":"https:\/\/kiube.se\/i013\/design-filosofi\/","og_locale":"sv_SE","og_type":"article","og_title":"Design Filosofi - Mellanrum - Connecting things","og_description":"V\u00e5r filosofi \u00e4r att anv\u00e4nda standardiserade och \u00f6ppna gr\u00e4nsnitt f\u00f6r ett g\u00f6r det enkelt att kommunicera och implementera en l\u00f6sning [&hellip;]","og_url":"https:\/\/kiube.se\/i013\/design-filosofi\/","og_site_name":"Mellanrum - Connecting things","article_modified_time":"2025-08-26T07:53:58+00:00","twitter_card":"summary_large_image","twitter_misc":{"Ber\u00e4knad l\u00e4stid":"1 minut"},"schema":{"@context":"https:\/\/schema.org","@graph":[{"@type":"WebPage","@id":"https:\/\/kiube.se\/i013\/design-filosofi\/","url":"https:\/\/kiube.se\/i013\/design-filosofi\/","name":"Design Filosofi - Mellanrum - Connecting things","isPartOf":{"@id":"https:\/\/kiube.se\/i013\/#website"},"datePublished":"2016-02-18T18:37:15+00:00","dateModified":"2025-08-26T07:53:58+00:00","breadcrumb":{"@id":"https:\/\/kiube.se\/i013\/design-filosofi\/#breadcrumb"},"inLanguage":"sv-SE","potentialAction":[{"@type":"ReadAction","target":["https:\/\/kiube.se\/i013\/design-filosofi\/"]}]},{"@type":"BreadcrumbList","@id":"https:\/\/kiube.se\/i013\/design-filosofi\/#breadcrumb","itemListElement":[{"@type":"ListItem","position":1,"name":"Hem","item":"https:\/\/kiube.se\/i013\/"},{"@type":"ListItem","position":2,"name":"Design Filosofi"}]},{"@type":"WebSite","@id":"https:\/\/kiube.se\/i013\/#website","url":"https:\/\/kiube.se\/i013\/","name":"Mellanrum - Connecting things","description":"Projekt #013 - gr\u00e4nssnitt","potentialAction":[{"@type":"SearchAction","target":{"@type":"EntryPoint","urlTemplate":"https:\/\/kiube.se\/i013\/?s={search_term_string}"},"query-input":{"@type":"PropertyValueSpecification","valueRequired":true,"valueName":"search_term_string"}}],"inLanguage":"sv-SE"}]}},"jetpack_sharing_enabled":true,"jetpack_shortlink":"https:\/\/wp.me\/P8nJab-a","_links":{"self":[{"href":"http:\/\/kiube.se\/i013\/wp-json\/wp\/v2\/pages\/10","targetHints":{"allow":["GET"]}}],"collection":[{"href":"http:\/\/kiube.se\/i013\/wp-json\/wp\/v2\/pages"}],"about":[{"href":"http:\/\/kiube.se\/i013\/wp-json\/wp\/v2\/types\/page"}],"author":[{"embeddable":true,"href":"http:\/\/kiube.se\/i013\/wp-json\/wp\/v2\/users\/131"}],"replies":[{"embeddable":true,"href":"http:\/\/kiube.se\/i013\/wp-json\/wp\/v2\/comments?post=10"}],"version-history":[{"count":5,"href":"http:\/\/kiube.se\/i013\/wp-json\/wp\/v2\/pages\/10\/revisions"}],"predecessor-version":[{"id":333,"href":"http:\/\/kiube.se\/i013\/wp-json\/wp\/v2\/pages\/10\/revisions\/333"}],"wp:attachment":[{"href":"http:\/\/kiube.se\/i013\/wp-json\/wp\/v2\/media?parent=10"}],"curies":[{"name":"wp","href":"https:\/\/api.w.org\/{rel}","templated":true}]}}