{"id":8,"date":"2016-02-18T19:36:54","date_gmt":"2016-02-18T18:36:54","guid":{"rendered":"http:\/\/kiube.se\/i011\/?page_id=8"},"modified":"2016-03-08T10:01:59","modified_gmt":"2016-03-08T09:01:59","slug":"specifikation","status":"publish","type":"page","link":"http:\/\/kiube.se\/i011\/specifikation\/","title":{"rendered":"Specifikation"},"content":{"rendered":"<h2>Laddmodul<\/h2>\n<p><span style=\"text-decoration: underline;\">Ing\u00e5ende komponenter<\/span><\/p>\n<ul>\n<li>Monteringspl\u00e5tar (chassi)<\/li>\n<li>kontaktdon XLR &#8211; 5pol<\/li>\n<li><a href=\"http:\/\/kiube.se\/i011\/externt\/\">iButton<\/a><\/li>\n<\/ul>\n<p><span style=\"text-decoration: underline;\">Elektriskt gr\u00e4nssnitt<\/span><\/p>\n<p style=\"padding-left: 30px;\"><strong>Kraft<\/strong><br \/>\n&#8211; Sp\u00e4nning: 36 V<br \/>\n&#8211; Str\u00f6m: 2 A<\/p>\n<p style=\"padding-left: 30px;\"><strong>Kommunikation<\/strong><br \/>\n&#8211; Data<br \/>\n&#8211; Data + (2.8V to 5.25V)<\/p>\n<p><span style=\"text-decoration: underline;\">Kommunikations protokoll<\/span><\/p>\n<p style=\"padding-left: 30px;\">&#8211; Databus 1-wire<\/p>\n<p>&nbsp;<\/p>\n<p><span style=\"text-decoration: underline;\">Datalagring<\/span><\/p>\n<p style=\"padding-left: 30px;\">&#8211; iButton<\/p>\n","protected":false},"excerpt":{"rendered":"<p>Laddmodul Ing\u00e5ende komponenter Monteringspl\u00e5tar (chassi) kontaktdon XLR &#8211; 5pol iButton Elektriskt gr\u00e4nssnitt Kraft &#8211; Sp\u00e4nning: 36 V &#8211; Str\u00f6m: 2 A Kommunikation &#8211; Data &#8211; Data + (2.8V to 5.25V) Kommunikations protokoll &#8211; Databus 1-wire &nbsp; Datalagring &#8211; iButton<\/p>\n","protected":false},"author":131,"featured_media":0,"parent":0,"menu_order":0,"comment_status":"closed","ping_status":"closed","template":"","meta":{"footnotes":""},"class_list":["post-8","page","type-page","status-publish","hentry","has-post-title","has-post-date","has-post-category","has-post-tag","has-post-comment","has-post-author",""],"yoast_head":"<!-- This site is optimized with the Yoast SEO plugin v27.4 - https:\/\/yoast.com\/product\/yoast-seo-wordpress\/ -->\n<title>Specifikation - SolarXbike - x045<\/title>\n<meta name=\"robots\" content=\"index, follow, max-snippet:-1, max-image-preview:large, max-video-preview:-1\" \/>\n<link rel=\"canonical\" href=\"http:\/\/kiube.se\/i011\/specifikation\/\" \/>\n<meta property=\"og:locale\" content=\"sv_SE\" \/>\n<meta property=\"og:type\" content=\"article\" \/>\n<meta property=\"og:title\" content=\"Specifikation - SolarXbike - x045\" \/>\n<meta property=\"og:description\" content=\"Laddmodul Ing\u00e5ende komponenter Monteringspl\u00e5tar (chassi) kontaktdon XLR &#8211; 5pol iButton Elektriskt gr\u00e4nssnitt Kraft &#8211; Sp\u00e4nning: 36 V &#8211; Str\u00f6m: 2 A Kommunikation &#8211; Data &#8211; Data + (2.8V to 5.25V) Kommunikations protokoll &#8211; Databus 1-wire &nbsp; Datalagring &#8211; iButton\" \/>\n<meta property=\"og:url\" content=\"http:\/\/kiube.se\/i011\/specifikation\/\" \/>\n<meta property=\"og:site_name\" content=\"SolarXbike - x045\" \/>\n<meta property=\"article:modified_time\" content=\"2016-03-08T09:01:59+00:00\" \/>\n<meta name=\"twitter:card\" content=\"summary_large_image\" \/>\n<script type=\"application\/ld+json\" class=\"yoast-schema-graph\">{\"@context\":\"https:\\\/\\\/schema.org\",\"@graph\":[{\"@type\":\"WebPage\",\"@id\":\"http:\\\/\\\/kiube.se\\\/i011\\\/specifikation\\\/\",\"url\":\"http:\\\/\\\/kiube.se\\\/i011\\\/specifikation\\\/\",\"name\":\"Specifikation - SolarXbike - x045\",\"isPartOf\":{\"@id\":\"http:\\\/\\\/kiube.se\\\/i011\\\/#website\"},\"datePublished\":\"2016-02-18T18:36:54+00:00\",\"dateModified\":\"2016-03-08T09:01:59+00:00\",\"breadcrumb\":{\"@id\":\"http:\\\/\\\/kiube.se\\\/i011\\\/specifikation\\\/#breadcrumb\"},\"inLanguage\":\"sv-SE\",\"potentialAction\":[{\"@type\":\"ReadAction\",\"target\":[\"http:\\\/\\\/kiube.se\\\/i011\\\/specifikation\\\/\"]}]},{\"@type\":\"BreadcrumbList\",\"@id\":\"http:\\\/\\\/kiube.se\\\/i011\\\/specifikation\\\/#breadcrumb\",\"itemListElement\":[{\"@type\":\"ListItem\",\"position\":1,\"name\":\"Hem\",\"item\":\"http:\\\/\\\/kiube.se\\\/i011\\\/\"},{\"@type\":\"ListItem\",\"position\":2,\"name\":\"Specifikation\"}]},{\"@type\":\"WebSite\",\"@id\":\"http:\\\/\\\/kiube.se\\\/i011\\\/#website\",\"url\":\"http:\\\/\\\/kiube.se\\\/i011\\\/\",\"name\":\"SolarXbike - x045\",\"description\":\"Projekt #011 - solarXbike\",\"potentialAction\":[{\"@type\":\"SearchAction\",\"target\":{\"@type\":\"EntryPoint\",\"urlTemplate\":\"http:\\\/\\\/kiube.se\\\/i011\\\/?s={search_term_string}\"},\"query-input\":{\"@type\":\"PropertyValueSpecification\",\"valueRequired\":true,\"valueName\":\"search_term_string\"}}],\"inLanguage\":\"sv-SE\"}]}<\/script>\n<!-- \/ Yoast SEO plugin. -->","yoast_head_json":{"title":"Specifikation - SolarXbike - x045","robots":{"index":"index","follow":"follow","max-snippet":"max-snippet:-1","max-image-preview":"max-image-preview:large","max-video-preview":"max-video-preview:-1"},"canonical":"http:\/\/kiube.se\/i011\/specifikation\/","og_locale":"sv_SE","og_type":"article","og_title":"Specifikation - SolarXbike - x045","og_description":"Laddmodul Ing\u00e5ende komponenter Monteringspl\u00e5tar (chassi) kontaktdon XLR &#8211; 5pol iButton Elektriskt gr\u00e4nssnitt Kraft &#8211; Sp\u00e4nning: 36 V &#8211; Str\u00f6m: 2 A Kommunikation &#8211; Data &#8211; Data + (2.8V to 5.25V) Kommunikations protokoll &#8211; Databus 1-wire &nbsp; Datalagring &#8211; iButton","og_url":"http:\/\/kiube.se\/i011\/specifikation\/","og_site_name":"SolarXbike - x045","article_modified_time":"2016-03-08T09:01:59+00:00","twitter_card":"summary_large_image","schema":{"@context":"https:\/\/schema.org","@graph":[{"@type":"WebPage","@id":"http:\/\/kiube.se\/i011\/specifikation\/","url":"http:\/\/kiube.se\/i011\/specifikation\/","name":"Specifikation - SolarXbike - x045","isPartOf":{"@id":"http:\/\/kiube.se\/i011\/#website"},"datePublished":"2016-02-18T18:36:54+00:00","dateModified":"2016-03-08T09:01:59+00:00","breadcrumb":{"@id":"http:\/\/kiube.se\/i011\/specifikation\/#breadcrumb"},"inLanguage":"sv-SE","potentialAction":[{"@type":"ReadAction","target":["http:\/\/kiube.se\/i011\/specifikation\/"]}]},{"@type":"BreadcrumbList","@id":"http:\/\/kiube.se\/i011\/specifikation\/#breadcrumb","itemListElement":[{"@type":"ListItem","position":1,"name":"Hem","item":"http:\/\/kiube.se\/i011\/"},{"@type":"ListItem","position":2,"name":"Specifikation"}]},{"@type":"WebSite","@id":"http:\/\/kiube.se\/i011\/#website","url":"http:\/\/kiube.se\/i011\/","name":"SolarXbike - x045","description":"Projekt #011 - solarXbike","potentialAction":[{"@type":"SearchAction","target":{"@type":"EntryPoint","urlTemplate":"http:\/\/kiube.se\/i011\/?s={search_term_string}"},"query-input":{"@type":"PropertyValueSpecification","valueRequired":true,"valueName":"search_term_string"}}],"inLanguage":"sv-SE"}]}},"builder_content":"","_links":{"self":[{"href":"http:\/\/kiube.se\/i011\/wp-json\/wp\/v2\/pages\/8","targetHints":{"allow":["GET"]}}],"collection":[{"href":"http:\/\/kiube.se\/i011\/wp-json\/wp\/v2\/pages"}],"about":[{"href":"http:\/\/kiube.se\/i011\/wp-json\/wp\/v2\/types\/page"}],"author":[{"embeddable":true,"href":"http:\/\/kiube.se\/i011\/wp-json\/wp\/v2\/users\/131"}],"replies":[{"embeddable":true,"href":"http:\/\/kiube.se\/i011\/wp-json\/wp\/v2\/comments?post=8"}],"version-history":[{"count":0,"href":"http:\/\/kiube.se\/i011\/wp-json\/wp\/v2\/pages\/8\/revisions"}],"wp:attachment":[{"href":"http:\/\/kiube.se\/i011\/wp-json\/wp\/v2\/media?parent=8"}],"curies":[{"name":"wp","href":"https:\/\/api.w.org\/{rel}","templated":true}]}}