{"id":10,"date":"2016-02-18T19:37:15","date_gmt":"2016-02-18T18:37:15","guid":{"rendered":"http:\/\/kiube.se\/i011\/?page_id=10"},"modified":"2020-01-17T01:22:51","modified_gmt":"2020-01-17T00:22:51","slug":"design-filosofi","status":"publish","type":"page","link":"http:\/\/kiube.se\/i011\/design-filosofi\/","title":{"rendered":"Design Filosofi"},"content":{"rendered":"<p>Mission och syfte med solarXbike \u00e4r att minska utsl\u00e4pp av CO2 genom att \u00f6ka andelen klimatsmarta transporter och verka f\u00f6r att skapa st\u00f6rre resursnytta genom att aktivt arbeta med f\u00f6rebyggande underh\u00e5ll och anv\u00e4nda produkter med l\u00e5ng livsl\u00e4ngd och stor grad av servicebarnet, dvs att det \u00e4r l\u00e4tt att ge service och att laga, g\u00e4ller b\u00e5de f\u00f6rbrukningsmaterial och \u00f6vriga komponenter.<\/p>\n<!--themify_builder_content-->\n<div id=\"themify_builder_content-10\" data-postid=\"10\" class=\"themify_builder_content themify_builder_content-10 themify_builder tf_clear\">\n    <\/div>\n<!--\/themify_builder_content-->\n","protected":false},"excerpt":{"rendered":"<p>Mission och syfte med solarXbike \u00e4r att minska utsl\u00e4pp av CO2 genom att \u00f6ka andelen klimatsmarta transporter och verka f\u00f6r att skapa st\u00f6rre resursnytta genom att aktivt arbeta med f\u00f6rebyggande underh\u00e5ll och anv\u00e4nda produkter med l\u00e5ng livsl\u00e4ngd och stor grad av servicebarnet, dvs att det \u00e4r l\u00e4tt att ge service och att laga, g\u00e4ller b\u00e5de [&hellip;]<\/p>\n","protected":false},"author":131,"featured_media":0,"parent":0,"menu_order":0,"comment_status":"closed","ping_status":"closed","template":"","meta":{"footnotes":""},"class_list":["post-10","page","type-page","status-publish","hentry","has-post-title","has-post-date","has-post-category","has-post-tag","has-post-comment","has-post-author",""],"yoast_head":"<!-- This site is optimized with the Yoast SEO plugin v27.4 - https:\/\/yoast.com\/product\/yoast-seo-wordpress\/ -->\n<title>Design Filosofi - SolarXbike - x045<\/title>\n<meta name=\"robots\" content=\"index, follow, max-snippet:-1, max-image-preview:large, max-video-preview:-1\" \/>\n<link rel=\"canonical\" href=\"http:\/\/kiube.se\/i011\/design-filosofi\/\" \/>\n<meta property=\"og:locale\" content=\"sv_SE\" \/>\n<meta property=\"og:type\" content=\"article\" \/>\n<meta property=\"og:title\" content=\"Design Filosofi - SolarXbike - x045\" \/>\n<meta property=\"og:description\" content=\"Mission och syfte med solarXbike \u00e4r att minska utsl\u00e4pp av CO2 genom att \u00f6ka andelen klimatsmarta transporter och verka f\u00f6r att skapa st\u00f6rre resursnytta genom att aktivt arbeta med f\u00f6rebyggande underh\u00e5ll och anv\u00e4nda produkter med l\u00e5ng livsl\u00e4ngd och stor grad av servicebarnet, dvs att det \u00e4r l\u00e4tt att ge service och att laga, g\u00e4ller b\u00e5de [&hellip;]\" \/>\n<meta property=\"og:url\" content=\"http:\/\/kiube.se\/i011\/design-filosofi\/\" \/>\n<meta property=\"og:site_name\" content=\"SolarXbike - x045\" \/>\n<meta property=\"article:modified_time\" content=\"2020-01-17T00:22:51+00:00\" \/>\n<meta name=\"twitter:card\" content=\"summary_large_image\" \/>\n<script type=\"application\/ld+json\" class=\"yoast-schema-graph\">{\"@context\":\"https:\\\/\\\/schema.org\",\"@graph\":[{\"@type\":\"WebPage\",\"@id\":\"http:\\\/\\\/kiube.se\\\/i011\\\/design-filosofi\\\/\",\"url\":\"http:\\\/\\\/kiube.se\\\/i011\\\/design-filosofi\\\/\",\"name\":\"Design Filosofi - SolarXbike - x045\",\"isPartOf\":{\"@id\":\"http:\\\/\\\/kiube.se\\\/i011\\\/#website\"},\"datePublished\":\"2016-02-18T18:37:15+00:00\",\"dateModified\":\"2020-01-17T00:22:51+00:00\",\"breadcrumb\":{\"@id\":\"http:\\\/\\\/kiube.se\\\/i011\\\/design-filosofi\\\/#breadcrumb\"},\"inLanguage\":\"sv-SE\",\"potentialAction\":[{\"@type\":\"ReadAction\",\"target\":[\"http:\\\/\\\/kiube.se\\\/i011\\\/design-filosofi\\\/\"]}]},{\"@type\":\"BreadcrumbList\",\"@id\":\"http:\\\/\\\/kiube.se\\\/i011\\\/design-filosofi\\\/#breadcrumb\",\"itemListElement\":[{\"@type\":\"ListItem\",\"position\":1,\"name\":\"Hem\",\"item\":\"http:\\\/\\\/kiube.se\\\/i011\\\/\"},{\"@type\":\"ListItem\",\"position\":2,\"name\":\"Design Filosofi\"}]},{\"@type\":\"WebSite\",\"@id\":\"http:\\\/\\\/kiube.se\\\/i011\\\/#website\",\"url\":\"http:\\\/\\\/kiube.se\\\/i011\\\/\",\"name\":\"SolarXbike - x045\",\"description\":\"Projekt #011 - solarXbike\",\"potentialAction\":[{\"@type\":\"SearchAction\",\"target\":{\"@type\":\"EntryPoint\",\"urlTemplate\":\"http:\\\/\\\/kiube.se\\\/i011\\\/?s={search_term_string}\"},\"query-input\":{\"@type\":\"PropertyValueSpecification\",\"valueRequired\":true,\"valueName\":\"search_term_string\"}}],\"inLanguage\":\"sv-SE\"}]}<\/script>\n<!-- \/ Yoast SEO plugin. -->","yoast_head_json":{"title":"Design Filosofi - SolarXbike - x045","robots":{"index":"index","follow":"follow","max-snippet":"max-snippet:-1","max-image-preview":"max-image-preview:large","max-video-preview":"max-video-preview:-1"},"canonical":"http:\/\/kiube.se\/i011\/design-filosofi\/","og_locale":"sv_SE","og_type":"article","og_title":"Design Filosofi - SolarXbike - x045","og_description":"Mission och syfte med solarXbike \u00e4r att minska utsl\u00e4pp av CO2 genom att \u00f6ka andelen klimatsmarta transporter och verka f\u00f6r att skapa st\u00f6rre resursnytta genom att aktivt arbeta med f\u00f6rebyggande underh\u00e5ll och anv\u00e4nda produkter med l\u00e5ng livsl\u00e4ngd och stor grad av servicebarnet, dvs att det \u00e4r l\u00e4tt att ge service och att laga, g\u00e4ller b\u00e5de [&hellip;]","og_url":"http:\/\/kiube.se\/i011\/design-filosofi\/","og_site_name":"SolarXbike - x045","article_modified_time":"2020-01-17T00:22:51+00:00","twitter_card":"summary_large_image","schema":{"@context":"https:\/\/schema.org","@graph":[{"@type":"WebPage","@id":"http:\/\/kiube.se\/i011\/design-filosofi\/","url":"http:\/\/kiube.se\/i011\/design-filosofi\/","name":"Design Filosofi - SolarXbike - x045","isPartOf":{"@id":"http:\/\/kiube.se\/i011\/#website"},"datePublished":"2016-02-18T18:37:15+00:00","dateModified":"2020-01-17T00:22:51+00:00","breadcrumb":{"@id":"http:\/\/kiube.se\/i011\/design-filosofi\/#breadcrumb"},"inLanguage":"sv-SE","potentialAction":[{"@type":"ReadAction","target":["http:\/\/kiube.se\/i011\/design-filosofi\/"]}]},{"@type":"BreadcrumbList","@id":"http:\/\/kiube.se\/i011\/design-filosofi\/#breadcrumb","itemListElement":[{"@type":"ListItem","position":1,"name":"Hem","item":"http:\/\/kiube.se\/i011\/"},{"@type":"ListItem","position":2,"name":"Design Filosofi"}]},{"@type":"WebSite","@id":"http:\/\/kiube.se\/i011\/#website","url":"http:\/\/kiube.se\/i011\/","name":"SolarXbike - x045","description":"Projekt #011 - solarXbike","potentialAction":[{"@type":"SearchAction","target":{"@type":"EntryPoint","urlTemplate":"http:\/\/kiube.se\/i011\/?s={search_term_string}"},"query-input":{"@type":"PropertyValueSpecification","valueRequired":true,"valueName":"search_term_string"}}],"inLanguage":"sv-SE"}]}},"builder_content":"","_links":{"self":[{"href":"http:\/\/kiube.se\/i011\/wp-json\/wp\/v2\/pages\/10","targetHints":{"allow":["GET"]}}],"collection":[{"href":"http:\/\/kiube.se\/i011\/wp-json\/wp\/v2\/pages"}],"about":[{"href":"http:\/\/kiube.se\/i011\/wp-json\/wp\/v2\/types\/page"}],"author":[{"embeddable":true,"href":"http:\/\/kiube.se\/i011\/wp-json\/wp\/v2\/users\/131"}],"replies":[{"embeddable":true,"href":"http:\/\/kiube.se\/i011\/wp-json\/wp\/v2\/comments?post=10"}],"version-history":[{"count":0,"href":"http:\/\/kiube.se\/i011\/wp-json\/wp\/v2\/pages\/10\/revisions"}],"wp:attachment":[{"href":"http:\/\/kiube.se\/i011\/wp-json\/wp\/v2\/media?parent=10"}],"curies":[{"name":"wp","href":"https:\/\/api.w.org\/{rel}","templated":true}]}}