{"id":8,"date":"2016-02-18T19:36:54","date_gmt":"2016-02-18T18:36:54","guid":{"rendered":"http:\/\/kiube.se\/i010\/?page_id=8"},"modified":"2021-03-11T11:22:57","modified_gmt":"2021-03-11T10:22:57","slug":"specifikation","status":"publish","type":"page","link":"http:\/\/kiube.se\/i010\/specifikation\/","title":{"rendered":"Specifikation"},"content":{"rendered":"<div class=\"wp-block-cover has-background-dim has-background-gradient\"><span aria-hidden=\"true\" class=\"wp-block-cover__gradient-background has-blush-light-purple-gradient-background\"><\/span><img loading=\"lazy\" decoding=\"async\" width=\"2448\" height=\"3264\" class=\"wp-block-cover__image-background wp-image-34\" alt=\"\" src=\"http:\/\/s3.eu-north-1.amazonaws.com\/kiube.se\/wp-content\/uploads\/sites\/94\/2016\/02\/26181444\/IMG_5047.jpg\" data-object-fit=\"cover\" srcset=\"http:\/\/s3.eu-north-1.amazonaws.com\/kiube.se\/wp-content\/uploads\/sites\/94\/2016\/02\/26181444\/IMG_5047.jpg 2448w, http:\/\/s3.eu-north-1.amazonaws.com\/kiube.se\/wp-content\/uploads\/sites\/94\/2016\/02\/26181444\/IMG_5047-225x300.jpg 225w, http:\/\/s3.eu-north-1.amazonaws.com\/kiube.se\/wp-content\/uploads\/sites\/94\/2016\/02\/26181444\/IMG_5047-768x1024.jpg 768w\" sizes=\"auto, (max-width: 2448px) 100vw, 2448px\" \/><div class=\"wp-block-cover__inner-container is-layout-flow wp-block-cover-is-layout-flow\">\n<p class=\"has-text-align-center has-large-font-size\"><\/p>\n<\/div><\/div>\n\n\n<h2>Specifik requirements<\/h2>\n<ul>\n<li><strong>Prototype 1<\/strong>&nbsp;<a href=\"http:\/\/kiube.se\/i010\/2018\/03\/07\/forsoksanlaggning-prototyp-1\/\">F\u00f6rs\u00f6ksanl\u00e4ggning&nbsp;Stenkrossen<\/a><\/li>\n<li><strong>Prototype 2<\/strong>:<a href=\"http:\/\/kiube.se\/i010\/2018\/03\/07\/temporar-laddstation-prototyp\/\"> temporary mobile charging station&nbsp;<\/a><\/li>\n<\/ul>\n<h2>General principles<\/h2>\n<p>Laddmodulen best\u00e5r av 3 delar.<\/p>\n<ul>\n<li>Ett cykelst\u00e4ll i tr\u00e4<\/li>\n<li>Ett tak av solceller<\/li>\n<li>En kopplingsl\u00e5da som inneh\u00e5ller elektronik, DCDC omvandlare och kontakter<\/li>\n<\/ul>\n<p>Kontakter kan vara av olika standard beroende p\u00e5 \u00f6nskad funktion.<\/p>\n<p>Typ A<\/p>\n<p style=\"padding-left: 30px;\">Endast kraft med f\u00f6rutbest\u00e4md sp\u00e4nning och begr\u00e4nsad laddstr\u00f6m (CV, CC)<br>&#8211; ev datakommunikation \u00f6ver 1-wire protokoll<\/p>\n<p>Typ B<\/p>\n<p style=\"padding-left: 30px;\">Kraft och viss datakommunikation f\u00f6r m\u00e4tning \u00f6ver separata ledningar.<\/p>\n<p>Typ C<\/p>\n<p style=\"padding-left: 30px;\">Kraft och datakommunikation f\u00f6r m\u00e4tning och styrning av laddstr\u00f6m, sk snabbladdning<\/p>\n<hr>\n<h3>Principskiss \u00f6ver olika inkopplingsfall f\u00f6r Typ A<\/h3>\n<p><img loading=\"lazy\" decoding=\"async\" class=\"aligncenter size-large wp-image-41\" src=\"http:\/\/s3.eu-north-1.amazonaws.com\/kiube.se\/wp-content\/uploads\/sites\/94\/2016\/02\/26181443\/Laddstation-arbetsunderlag-729x1024.jpg\" alt=\"Laddstation arbetsunderlag\" width=\"729\" height=\"1024\" srcset=\"http:\/\/s3.eu-north-1.amazonaws.com\/kiube.se\/wp-content\/uploads\/sites\/94\/2016\/02\/26181443\/Laddstation-arbetsunderlag-729x1024.jpg 729w, http:\/\/s3.eu-north-1.amazonaws.com\/kiube.se\/wp-content\/uploads\/sites\/94\/2016\/02\/26181443\/Laddstation-arbetsunderlag-214x300.jpg 214w, http:\/\/s3.eu-north-1.amazonaws.com\/kiube.se\/wp-content\/uploads\/sites\/94\/2016\/02\/26181443\/Laddstation-arbetsunderlag-768x1079.jpg 768w, http:\/\/s3.eu-north-1.amazonaws.com\/kiube.se\/wp-content\/uploads\/sites\/94\/2016\/02\/26181443\/Laddstation-arbetsunderlag.jpg 800w\" sizes=\"auto, (max-width: 729px) 100vw, 729px\" \/><\/p>\n<p><\/p>\n\n\n<div class=\"wp-block-image\"><figure class=\"aligncenter size-large\"><img loading=\"lazy\" decoding=\"async\" width=\"768\" height=\"1024\" src=\"http:\/\/s3.eu-north-1.amazonaws.com\/kiube.se\/wp-content\/uploads\/sites\/94\/2016\/02\/26181444\/IMG_5047-768x1024.jpg\" alt=\"\" class=\"wp-image-34\" srcset=\"http:\/\/s3.eu-north-1.amazonaws.com\/kiube.se\/wp-content\/uploads\/sites\/94\/2016\/02\/26181444\/IMG_5047-768x1024.jpg 768w, http:\/\/s3.eu-north-1.amazonaws.com\/kiube.se\/wp-content\/uploads\/sites\/94\/2016\/02\/26181444\/IMG_5047-225x300.jpg 225w\" sizes=\"auto, (max-width: 768px) 100vw, 768px\" \/><\/figure><\/div>\n\n<!--themify_builder_content-->\n<div id=\"themify_builder_content-8\" data-postid=\"8\" class=\"themify_builder_content themify_builder_content-8 themify_builder tf_clear\">\n    <\/div>\n<!--\/themify_builder_content-->","protected":false},"excerpt":{"rendered":"<p>Specifik requirements Prototype 1&nbsp;F\u00f6rs\u00f6ksanl\u00e4ggning&nbsp;Stenkrossen Prototype 2: temporary mobile charging station&nbsp; General principles Laddmodulen best\u00e5r av 3 delar. Ett cykelst\u00e4ll i tr\u00e4 Ett tak av solceller En kopplingsl\u00e5da som inneh\u00e5ller elektronik, DCDC omvandlare och kontakter Kontakter kan vara av olika standard beroende p\u00e5 \u00f6nskad funktion. Typ A Endast kraft med f\u00f6rutbest\u00e4md sp\u00e4nning och begr\u00e4nsad laddstr\u00f6m (CV, [&hellip;]<\/p>\n","protected":false},"author":131,"featured_media":0,"parent":0,"menu_order":0,"comment_status":"closed","ping_status":"closed","template":"","meta":{"jetpack_post_was_ever_published":false,"footnotes":""},"class_list":["post-8","page","type-page","status-publish","hentry","has-post-title","has-post-date","has-post-category","has-post-tag","has-post-comment","has-post-author",""],"yoast_head":"<!-- This site is optimized with the Yoast SEO plugin v27.4 - https:\/\/yoast.com\/product\/yoast-seo-wordpress\/ -->\n<title>Specifikation - Laddmodul<\/title>\n<meta name=\"robots\" content=\"index, follow, max-snippet:-1, max-image-preview:large, max-video-preview:-1\" \/>\n<link rel=\"canonical\" href=\"http:\/\/kiube.se\/i010\/specifikation\/\" \/>\n<meta property=\"og:locale\" content=\"sv_SE\" \/>\n<meta property=\"og:type\" content=\"article\" \/>\n<meta property=\"og:title\" content=\"Specifikation - Laddmodul\" \/>\n<meta property=\"og:description\" content=\"Specifik requirements Prototype 1&nbsp;F\u00f6rs\u00f6ksanl\u00e4ggning&nbsp;Stenkrossen Prototype 2: temporary mobile charging station&nbsp; General principles Laddmodulen best\u00e5r av 3 delar. Ett cykelst\u00e4ll i tr\u00e4 Ett tak av solceller En kopplingsl\u00e5da som inneh\u00e5ller elektronik, DCDC omvandlare och kontakter Kontakter kan vara av olika standard beroende p\u00e5 \u00f6nskad funktion. Typ A Endast kraft med f\u00f6rutbest\u00e4md sp\u00e4nning och begr\u00e4nsad laddstr\u00f6m (CV, [&hellip;]\" \/>\n<meta property=\"og:url\" content=\"http:\/\/kiube.se\/i010\/specifikation\/\" \/>\n<meta property=\"og:site_name\" content=\"Laddmodul\" \/>\n<meta property=\"article:modified_time\" content=\"2021-03-11T10:22:57+00:00\" \/>\n<meta property=\"og:image\" content=\"http:\/\/kiube.se\/i010\/files\/2016\/02\/IMG_5047.jpg\" \/>\n<meta name=\"twitter:card\" content=\"summary_large_image\" \/>\n<meta name=\"twitter:label1\" content=\"Ber\u00e4knad l\u00e4stid\" \/>\n\t<meta name=\"twitter:data1\" content=\"2 minuter\" \/>\n<script type=\"application\/ld+json\" class=\"yoast-schema-graph\">{\"@context\":\"https:\\\/\\\/schema.org\",\"@graph\":[{\"@type\":\"WebPage\",\"@id\":\"http:\\\/\\\/kiube.se\\\/i010\\\/specifikation\\\/\",\"url\":\"http:\\\/\\\/kiube.se\\\/i010\\\/specifikation\\\/\",\"name\":\"Specifikation - Laddmodul\",\"isPartOf\":{\"@id\":\"http:\\\/\\\/kiube.se\\\/i010\\\/#website\"},\"primaryImageOfPage\":{\"@id\":\"http:\\\/\\\/kiube.se\\\/i010\\\/specifikation\\\/#primaryimage\"},\"image\":{\"@id\":\"http:\\\/\\\/kiube.se\\\/i010\\\/specifikation\\\/#primaryimage\"},\"thumbnailUrl\":\"http:\\\/\\\/kiube.se\\\/i010\\\/files\\\/2016\\\/02\\\/IMG_5047.jpg\",\"datePublished\":\"2016-02-18T18:36:54+00:00\",\"dateModified\":\"2021-03-11T10:22:57+00:00\",\"breadcrumb\":{\"@id\":\"http:\\\/\\\/kiube.se\\\/i010\\\/specifikation\\\/#breadcrumb\"},\"inLanguage\":\"sv-SE\",\"potentialAction\":[{\"@type\":\"ReadAction\",\"target\":[\"http:\\\/\\\/kiube.se\\\/i010\\\/specifikation\\\/\"]}]},{\"@type\":\"ImageObject\",\"inLanguage\":\"sv-SE\",\"@id\":\"http:\\\/\\\/kiube.se\\\/i010\\\/specifikation\\\/#primaryimage\",\"url\":\"http:\\\/\\\/s3.eu-north-1.amazonaws.com\\\/kiube.se\\\/wp-content\\\/uploads\\\/sites\\\/94\\\/2016\\\/02\\\/26181444\\\/IMG_5047.jpg\",\"contentUrl\":\"http:\\\/\\\/s3.eu-north-1.amazonaws.com\\\/kiube.se\\\/wp-content\\\/uploads\\\/sites\\\/94\\\/2016\\\/02\\\/26181444\\\/IMG_5047.jpg\",\"width\":2448,\"height\":3264},{\"@type\":\"BreadcrumbList\",\"@id\":\"http:\\\/\\\/kiube.se\\\/i010\\\/specifikation\\\/#breadcrumb\",\"itemListElement\":[{\"@type\":\"ListItem\",\"position\":1,\"name\":\"Hem\",\"item\":\"http:\\\/\\\/kiube.se\\\/i010\\\/\"},{\"@type\":\"ListItem\",\"position\":2,\"name\":\"Specifikation\"}]},{\"@type\":\"WebSite\",\"@id\":\"http:\\\/\\\/kiube.se\\\/i010\\\/#website\",\"url\":\"http:\\\/\\\/kiube.se\\\/i010\\\/\",\"name\":\"Laddmodul\",\"description\":\"Projekt #010 - laddmodul\",\"potentialAction\":[{\"@type\":\"SearchAction\",\"target\":{\"@type\":\"EntryPoint\",\"urlTemplate\":\"http:\\\/\\\/kiube.se\\\/i010\\\/?s={search_term_string}\"},\"query-input\":{\"@type\":\"PropertyValueSpecification\",\"valueRequired\":true,\"valueName\":\"search_term_string\"}}],\"inLanguage\":\"sv-SE\"}]}<\/script>\n<!-- \/ Yoast SEO plugin. -->","yoast_head_json":{"title":"Specifikation - Laddmodul","robots":{"index":"index","follow":"follow","max-snippet":"max-snippet:-1","max-image-preview":"max-image-preview:large","max-video-preview":"max-video-preview:-1"},"canonical":"http:\/\/kiube.se\/i010\/specifikation\/","og_locale":"sv_SE","og_type":"article","og_title":"Specifikation - Laddmodul","og_description":"Specifik requirements Prototype 1&nbsp;F\u00f6rs\u00f6ksanl\u00e4ggning&nbsp;Stenkrossen Prototype 2: temporary mobile charging station&nbsp; General principles Laddmodulen best\u00e5r av 3 delar. Ett cykelst\u00e4ll i tr\u00e4 Ett tak av solceller En kopplingsl\u00e5da som inneh\u00e5ller elektronik, DCDC omvandlare och kontakter Kontakter kan vara av olika standard beroende p\u00e5 \u00f6nskad funktion. Typ A Endast kraft med f\u00f6rutbest\u00e4md sp\u00e4nning och begr\u00e4nsad laddstr\u00f6m (CV, [&hellip;]","og_url":"http:\/\/kiube.se\/i010\/specifikation\/","og_site_name":"Laddmodul","article_modified_time":"2021-03-11T10:22:57+00:00","og_image":[{"url":"http:\/\/kiube.se\/i010\/files\/2016\/02\/IMG_5047.jpg","type":"","width":"","height":""}],"twitter_card":"summary_large_image","twitter_misc":{"Ber\u00e4knad l\u00e4stid":"2 minuter"},"schema":{"@context":"https:\/\/schema.org","@graph":[{"@type":"WebPage","@id":"http:\/\/kiube.se\/i010\/specifikation\/","url":"http:\/\/kiube.se\/i010\/specifikation\/","name":"Specifikation - Laddmodul","isPartOf":{"@id":"http:\/\/kiube.se\/i010\/#website"},"primaryImageOfPage":{"@id":"http:\/\/kiube.se\/i010\/specifikation\/#primaryimage"},"image":{"@id":"http:\/\/kiube.se\/i010\/specifikation\/#primaryimage"},"thumbnailUrl":"http:\/\/kiube.se\/i010\/files\/2016\/02\/IMG_5047.jpg","datePublished":"2016-02-18T18:36:54+00:00","dateModified":"2021-03-11T10:22:57+00:00","breadcrumb":{"@id":"http:\/\/kiube.se\/i010\/specifikation\/#breadcrumb"},"inLanguage":"sv-SE","potentialAction":[{"@type":"ReadAction","target":["http:\/\/kiube.se\/i010\/specifikation\/"]}]},{"@type":"ImageObject","inLanguage":"sv-SE","@id":"http:\/\/kiube.se\/i010\/specifikation\/#primaryimage","url":"http:\/\/s3.eu-north-1.amazonaws.com\/kiube.se\/wp-content\/uploads\/sites\/94\/2016\/02\/26181444\/IMG_5047.jpg","contentUrl":"http:\/\/s3.eu-north-1.amazonaws.com\/kiube.se\/wp-content\/uploads\/sites\/94\/2016\/02\/26181444\/IMG_5047.jpg","width":2448,"height":3264},{"@type":"BreadcrumbList","@id":"http:\/\/kiube.se\/i010\/specifikation\/#breadcrumb","itemListElement":[{"@type":"ListItem","position":1,"name":"Hem","item":"http:\/\/kiube.se\/i010\/"},{"@type":"ListItem","position":2,"name":"Specifikation"}]},{"@type":"WebSite","@id":"http:\/\/kiube.se\/i010\/#website","url":"http:\/\/kiube.se\/i010\/","name":"Laddmodul","description":"Projekt #010 - laddmodul","potentialAction":[{"@type":"SearchAction","target":{"@type":"EntryPoint","urlTemplate":"http:\/\/kiube.se\/i010\/?s={search_term_string}"},"query-input":{"@type":"PropertyValueSpecification","valueRequired":true,"valueName":"search_term_string"}}],"inLanguage":"sv-SE"}]}},"jetpack_sharing_enabled":true,"jetpack_shortlink":"https:\/\/wp.me\/P8nJfU-8","builder_content":"","_links":{"self":[{"href":"http:\/\/kiube.se\/i010\/wp-json\/wp\/v2\/pages\/8","targetHints":{"allow":["GET"]}}],"collection":[{"href":"http:\/\/kiube.se\/i010\/wp-json\/wp\/v2\/pages"}],"about":[{"href":"http:\/\/kiube.se\/i010\/wp-json\/wp\/v2\/types\/page"}],"author":[{"embeddable":true,"href":"http:\/\/kiube.se\/i010\/wp-json\/wp\/v2\/users\/131"}],"replies":[{"embeddable":true,"href":"http:\/\/kiube.se\/i010\/wp-json\/wp\/v2\/comments?post=8"}],"version-history":[{"count":0,"href":"http:\/\/kiube.se\/i010\/wp-json\/wp\/v2\/pages\/8\/revisions"}],"wp:attachment":[{"href":"http:\/\/kiube.se\/i010\/wp-json\/wp\/v2\/media?parent=8"}],"curies":[{"name":"wp","href":"https:\/\/api.w.org\/{rel}","templated":true}]}}