{"id":10,"date":"2016-02-18T19:37:15","date_gmt":"2016-02-18T18:37:15","guid":{"rendered":"http:\/\/kiube.se\/i010\/?page_id=10"},"modified":"2016-03-19T17:47:22","modified_gmt":"2016-03-19T16:47:22","slug":"design-filosofi","status":"publish","type":"page","link":"http:\/\/kiube.se\/i010\/design-filosofi\/","title":{"rendered":"Design Filosofi"},"content":{"rendered":"<h2>Material<\/h2>\n<p>I Stommen anv\u00e4nder vi Thermowood som har m\u00e5nga bra egenskaper.<br \/>\n<img loading=\"lazy\" decoding=\"async\" class=\"alignright size-medium wp-image-31\" src=\"http:\/\/s3.eu-north-1.amazonaws.com\/kiube.se\/wp-content\/uploads\/sites\/94\/2016\/02\/26181445\/thermowood-300x261.jpg\" alt=\"thermowood\" width=\"300\" height=\"261\" srcset=\"http:\/\/s3.eu-north-1.amazonaws.com\/kiube.se\/wp-content\/uploads\/sites\/94\/2016\/02\/26181445\/thermowood-300x261.jpg 300w, http:\/\/s3.eu-north-1.amazonaws.com\/kiube.se\/wp-content\/uploads\/sites\/94\/2016\/02\/26181445\/thermowood.jpg 444w\" sizes=\"auto, (max-width: 300px) 100vw, 300px\" \/><\/p>\n<p>En annan mycket viktig egenskap hos v\u00e4rmebehandlat tr\u00e4 \u00e4r dess dimensionsstabilitet.<br \/>\nDenna egenskap f\u00f6rhindrar externa faktorer att p\u00e5verka tr\u00e4ets geometri och utseende. Naturligt tr\u00e4 deformeras av v\u00e4tska medan v\u00e4rmebehandlat tr\u00e4 inte g\u00f6r det eftersom v\u00e4rmebehandlat tr\u00e4 har praktiskt taget nollniv\u00e5 av fuktbalans och dess f\u00f6rm\u00e5ga att absorbera vatten\u00e5nga ocks\u00e5 n\u00e4rmar sig noll.<\/p>\n<p>&nbsp;<\/p>\n<h3>Stolpe<\/h3>\n<p><img loading=\"lazy\" decoding=\"async\" class=\"size-medium wp-image-33 alignleft\" src=\"http:\/\/s3.eu-north-1.amazonaws.com\/kiube.se\/wp-content\/uploads\/sites\/94\/2016\/02\/26181445\/stolpe-300x228.jpg\" alt=\"stolpe\" width=\"300\" height=\"228\" srcset=\"http:\/\/s3.eu-north-1.amazonaws.com\/kiube.se\/wp-content\/uploads\/sites\/94\/2016\/02\/26181445\/stolpe-300x228.jpg 300w, http:\/\/s3.eu-north-1.amazonaws.com\/kiube.se\/wp-content\/uploads\/sites\/94\/2016\/02\/26181445\/stolpe-768x584.jpg 768w, http:\/\/s3.eu-north-1.amazonaws.com\/kiube.se\/wp-content\/uploads\/sites\/94\/2016\/02\/26181445\/stolpe.jpg 1024w\" sizes=\"auto, (max-width: 300px) 100vw, 300px\" \/><\/p>\n<p>&nbsp;<\/p>\n<p>&nbsp;<\/p>\n<p>&nbsp;<\/p>\n<p>&nbsp;<\/p>\n<p>&nbsp;<\/p>\n<p>&nbsp;<\/p>\n<p>&nbsp;<\/p>\n<p>Energif\u00f6rbrukning<\/p>\n<p><img loading=\"lazy\" decoding=\"async\" class=\"alignnone wp-image-36 size-full\" src=\"http:\/\/s3.eu-north-1.amazonaws.com\/kiube.se\/wp-content\/uploads\/sites\/94\/2016\/02\/26181444\/Energi-thermowood.jpg\" alt=\"Energi thermowood\" width=\"889\" height=\"667\" srcset=\"http:\/\/s3.eu-north-1.amazonaws.com\/kiube.se\/wp-content\/uploads\/sites\/94\/2016\/02\/26181444\/Energi-thermowood.jpg 889w, http:\/\/s3.eu-north-1.amazonaws.com\/kiube.se\/wp-content\/uploads\/sites\/94\/2016\/02\/26181444\/Energi-thermowood-300x225.jpg 300w, http:\/\/s3.eu-north-1.amazonaws.com\/kiube.se\/wp-content\/uploads\/sites\/94\/2016\/02\/26181444\/Energi-thermowood-768x576.jpg 768w\" sizes=\"auto, (max-width: 889px) 100vw, 889px\" \/><\/p>\n","protected":false},"excerpt":{"rendered":"<p>Material I Stommen anv\u00e4nder vi Thermowood som har m\u00e5nga bra egenskaper. En annan mycket viktig egenskap hos v\u00e4rmebehandlat tr\u00e4 \u00e4r dess dimensionsstabilitet. Denna egenskap f\u00f6rhindrar externa faktorer att p\u00e5verka tr\u00e4ets geometri och utseende. Naturligt tr\u00e4 deformeras av v\u00e4tska medan v\u00e4rmebehandlat tr\u00e4 inte g\u00f6r det eftersom v\u00e4rmebehandlat tr\u00e4 har praktiskt taget nollniv\u00e5 av fuktbalans och dess [&hellip;]<\/p>\n","protected":false},"author":131,"featured_media":0,"parent":0,"menu_order":0,"comment_status":"closed","ping_status":"closed","template":"","meta":{"jetpack_post_was_ever_published":false,"footnotes":""},"class_list":["post-10","page","type-page","status-publish","hentry","has-post-title","has-post-date","has-post-category","has-post-tag","has-post-comment","has-post-author",""],"yoast_head":"<!-- This site is optimized with the Yoast SEO plugin v27.4 - https:\/\/yoast.com\/product\/yoast-seo-wordpress\/ -->\n<title>Design Filosofi - Laddmodul<\/title>\n<meta name=\"robots\" content=\"index, follow, max-snippet:-1, max-image-preview:large, max-video-preview:-1\" \/>\n<link rel=\"canonical\" href=\"http:\/\/kiube.se\/i010\/design-filosofi\/\" \/>\n<meta property=\"og:locale\" content=\"sv_SE\" \/>\n<meta property=\"og:type\" content=\"article\" \/>\n<meta property=\"og:title\" content=\"Design Filosofi - Laddmodul\" \/>\n<meta property=\"og:description\" content=\"Material I Stommen anv\u00e4nder vi Thermowood som har m\u00e5nga bra egenskaper. En annan mycket viktig egenskap hos v\u00e4rmebehandlat tr\u00e4 \u00e4r dess dimensionsstabilitet. Denna egenskap f\u00f6rhindrar externa faktorer att p\u00e5verka tr\u00e4ets geometri och utseende. Naturligt tr\u00e4 deformeras av v\u00e4tska medan v\u00e4rmebehandlat tr\u00e4 inte g\u00f6r det eftersom v\u00e4rmebehandlat tr\u00e4 har praktiskt taget nollniv\u00e5 av fuktbalans och dess [&hellip;]\" \/>\n<meta property=\"og:url\" content=\"http:\/\/kiube.se\/i010\/design-filosofi\/\" \/>\n<meta property=\"og:site_name\" content=\"Laddmodul\" \/>\n<meta property=\"article:modified_time\" content=\"2016-03-19T16:47:22+00:00\" \/>\n<meta property=\"og:image\" content=\"http:\/\/kiube.se\/i010\/files\/2016\/02\/thermowood-300x261.jpg\" \/>\n<meta name=\"twitter:card\" content=\"summary_large_image\" \/>\n<script type=\"application\/ld+json\" class=\"yoast-schema-graph\">{\"@context\":\"https:\\\/\\\/schema.org\",\"@graph\":[{\"@type\":\"WebPage\",\"@id\":\"http:\\\/\\\/kiube.se\\\/i010\\\/design-filosofi\\\/\",\"url\":\"http:\\\/\\\/kiube.se\\\/i010\\\/design-filosofi\\\/\",\"name\":\"Design Filosofi - Laddmodul\",\"isPartOf\":{\"@id\":\"http:\\\/\\\/kiube.se\\\/i010\\\/#website\"},\"primaryImageOfPage\":{\"@id\":\"http:\\\/\\\/kiube.se\\\/i010\\\/design-filosofi\\\/#primaryimage\"},\"image\":{\"@id\":\"http:\\\/\\\/kiube.se\\\/i010\\\/design-filosofi\\\/#primaryimage\"},\"thumbnailUrl\":\"http:\\\/\\\/kiube.se\\\/i010\\\/files\\\/2016\\\/02\\\/thermowood-300x261.jpg\",\"datePublished\":\"2016-02-18T18:37:15+00:00\",\"dateModified\":\"2016-03-19T16:47:22+00:00\",\"breadcrumb\":{\"@id\":\"http:\\\/\\\/kiube.se\\\/i010\\\/design-filosofi\\\/#breadcrumb\"},\"inLanguage\":\"sv-SE\",\"potentialAction\":[{\"@type\":\"ReadAction\",\"target\":[\"http:\\\/\\\/kiube.se\\\/i010\\\/design-filosofi\\\/\"]}]},{\"@type\":\"ImageObject\",\"inLanguage\":\"sv-SE\",\"@id\":\"http:\\\/\\\/kiube.se\\\/i010\\\/design-filosofi\\\/#primaryimage\",\"url\":\"http:\\\/\\\/s3.eu-north-1.amazonaws.com\\\/kiube.se\\\/wp-content\\\/uploads\\\/sites\\\/94\\\/2016\\\/02\\\/26181445\\\/thermowood.jpg\",\"contentUrl\":\"http:\\\/\\\/s3.eu-north-1.amazonaws.com\\\/kiube.se\\\/wp-content\\\/uploads\\\/sites\\\/94\\\/2016\\\/02\\\/26181445\\\/thermowood.jpg\",\"width\":444,\"height\":386},{\"@type\":\"BreadcrumbList\",\"@id\":\"http:\\\/\\\/kiube.se\\\/i010\\\/design-filosofi\\\/#breadcrumb\",\"itemListElement\":[{\"@type\":\"ListItem\",\"position\":1,\"name\":\"Hem\",\"item\":\"http:\\\/\\\/kiube.se\\\/i010\\\/\"},{\"@type\":\"ListItem\",\"position\":2,\"name\":\"Design Filosofi\"}]},{\"@type\":\"WebSite\",\"@id\":\"http:\\\/\\\/kiube.se\\\/i010\\\/#website\",\"url\":\"http:\\\/\\\/kiube.se\\\/i010\\\/\",\"name\":\"Laddmodul\",\"description\":\"Projekt #010 - laddmodul\",\"potentialAction\":[{\"@type\":\"SearchAction\",\"target\":{\"@type\":\"EntryPoint\",\"urlTemplate\":\"http:\\\/\\\/kiube.se\\\/i010\\\/?s={search_term_string}\"},\"query-input\":{\"@type\":\"PropertyValueSpecification\",\"valueRequired\":true,\"valueName\":\"search_term_string\"}}],\"inLanguage\":\"sv-SE\"}]}<\/script>\n<!-- \/ Yoast SEO plugin. -->","yoast_head_json":{"title":"Design Filosofi - Laddmodul","robots":{"index":"index","follow":"follow","max-snippet":"max-snippet:-1","max-image-preview":"max-image-preview:large","max-video-preview":"max-video-preview:-1"},"canonical":"http:\/\/kiube.se\/i010\/design-filosofi\/","og_locale":"sv_SE","og_type":"article","og_title":"Design Filosofi - Laddmodul","og_description":"Material I Stommen anv\u00e4nder vi Thermowood som har m\u00e5nga bra egenskaper. En annan mycket viktig egenskap hos v\u00e4rmebehandlat tr\u00e4 \u00e4r dess dimensionsstabilitet. Denna egenskap f\u00f6rhindrar externa faktorer att p\u00e5verka tr\u00e4ets geometri och utseende. Naturligt tr\u00e4 deformeras av v\u00e4tska medan v\u00e4rmebehandlat tr\u00e4 inte g\u00f6r det eftersom v\u00e4rmebehandlat tr\u00e4 har praktiskt taget nollniv\u00e5 av fuktbalans och dess [&hellip;]","og_url":"http:\/\/kiube.se\/i010\/design-filosofi\/","og_site_name":"Laddmodul","article_modified_time":"2016-03-19T16:47:22+00:00","og_image":[{"url":"http:\/\/kiube.se\/i010\/files\/2016\/02\/thermowood-300x261.jpg","type":"","width":"","height":""}],"twitter_card":"summary_large_image","schema":{"@context":"https:\/\/schema.org","@graph":[{"@type":"WebPage","@id":"http:\/\/kiube.se\/i010\/design-filosofi\/","url":"http:\/\/kiube.se\/i010\/design-filosofi\/","name":"Design Filosofi - Laddmodul","isPartOf":{"@id":"http:\/\/kiube.se\/i010\/#website"},"primaryImageOfPage":{"@id":"http:\/\/kiube.se\/i010\/design-filosofi\/#primaryimage"},"image":{"@id":"http:\/\/kiube.se\/i010\/design-filosofi\/#primaryimage"},"thumbnailUrl":"http:\/\/kiube.se\/i010\/files\/2016\/02\/thermowood-300x261.jpg","datePublished":"2016-02-18T18:37:15+00:00","dateModified":"2016-03-19T16:47:22+00:00","breadcrumb":{"@id":"http:\/\/kiube.se\/i010\/design-filosofi\/#breadcrumb"},"inLanguage":"sv-SE","potentialAction":[{"@type":"ReadAction","target":["http:\/\/kiube.se\/i010\/design-filosofi\/"]}]},{"@type":"ImageObject","inLanguage":"sv-SE","@id":"http:\/\/kiube.se\/i010\/design-filosofi\/#primaryimage","url":"http:\/\/s3.eu-north-1.amazonaws.com\/kiube.se\/wp-content\/uploads\/sites\/94\/2016\/02\/26181445\/thermowood.jpg","contentUrl":"http:\/\/s3.eu-north-1.amazonaws.com\/kiube.se\/wp-content\/uploads\/sites\/94\/2016\/02\/26181445\/thermowood.jpg","width":444,"height":386},{"@type":"BreadcrumbList","@id":"http:\/\/kiube.se\/i010\/design-filosofi\/#breadcrumb","itemListElement":[{"@type":"ListItem","position":1,"name":"Hem","item":"http:\/\/kiube.se\/i010\/"},{"@type":"ListItem","position":2,"name":"Design Filosofi"}]},{"@type":"WebSite","@id":"http:\/\/kiube.se\/i010\/#website","url":"http:\/\/kiube.se\/i010\/","name":"Laddmodul","description":"Projekt #010 - laddmodul","potentialAction":[{"@type":"SearchAction","target":{"@type":"EntryPoint","urlTemplate":"http:\/\/kiube.se\/i010\/?s={search_term_string}"},"query-input":{"@type":"PropertyValueSpecification","valueRequired":true,"valueName":"search_term_string"}}],"inLanguage":"sv-SE"}]}},"jetpack_sharing_enabled":true,"jetpack_shortlink":"https:\/\/wp.me\/P8nJfU-a","builder_content":"","_links":{"self":[{"href":"http:\/\/kiube.se\/i010\/wp-json\/wp\/v2\/pages\/10","targetHints":{"allow":["GET"]}}],"collection":[{"href":"http:\/\/kiube.se\/i010\/wp-json\/wp\/v2\/pages"}],"about":[{"href":"http:\/\/kiube.se\/i010\/wp-json\/wp\/v2\/types\/page"}],"author":[{"embeddable":true,"href":"http:\/\/kiube.se\/i010\/wp-json\/wp\/v2\/users\/131"}],"replies":[{"embeddable":true,"href":"http:\/\/kiube.se\/i010\/wp-json\/wp\/v2\/comments?post=10"}],"version-history":[{"count":0,"href":"http:\/\/kiube.se\/i010\/wp-json\/wp\/v2\/pages\/10\/revisions"}],"wp:attachment":[{"href":"http:\/\/kiube.se\/i010\/wp-json\/wp\/v2\/media?parent=10"}],"curies":[{"name":"wp","href":"https:\/\/api.w.org\/{rel}","templated":true}]}}