{"id":8,"date":"2016-02-18T19:36:54","date_gmt":"2016-02-18T18:36:54","guid":{"rendered":"http:\/\/kiube.se\/i008\/?page_id=8"},"modified":"2019-10-21T19:27:38","modified_gmt":"2019-10-21T17:27:38","slug":"specifikation","status":"publish","type":"page","link":"http:\/\/kiube.se\/i008\/specifikation\/","title":{"rendered":"Specifikation"},"content":{"rendered":"<h2>Referensstandard &#8211; powermoduler<\/h2>\n<p><img loading=\"lazy\" decoding=\"async\" class=\"alignnone size-full wp-image-36\" src=\"http:\/\/s3.eu-north-1.amazonaws.com\/kiube.se\/wp-content\/uploads\/sites\/93\/2016\/02\/26181442\/IMG_6588.png\" alt=\"\" width=\"640\" height=\"480\" srcset=\"http:\/\/s3.eu-north-1.amazonaws.com\/kiube.se\/wp-content\/uploads\/sites\/93\/2016\/02\/26181442\/IMG_6588.png 640w, http:\/\/s3.eu-north-1.amazonaws.com\/kiube.se\/wp-content\/uploads\/sites\/93\/2016\/02\/26181442\/IMG_6588-300x225.png 300w\" sizes=\"auto, (max-width: 640px) 100vw, 640px\" \/><\/p>\n<p>Laddsp\u00e4nning vs nominell sp\u00e4nning<\/p>\n<ul>\n<li>29,4 V = 7 celler (25,2 V)<\/li>\n<li>33,6V = 8 celler (28.8 V)<\/li>\n<li>42V = 10 celler(36V)<\/li>\n<li><strong>58,8 = 14 celler (50V) == 10A == 500W<br \/>\n<\/strong>14 batterier serie \u00e4r 50,4V<\/li>\n<\/ul>\n<p><em>F\u00f6r j\u00e4mf\u00f6relse har en Standard <strong>cell\u00a018650, 3,6 V, 2600 mAh<\/strong> anv\u00e4nts som &#8221;ens&#8221; 1.0<\/em><\/p>\n<p>&nbsp;<\/p>\n<h3>Modulstorlekar f\u00f6r powerwall moduler<\/h3>\n<p style=\"padding-left: 30px;\">A0<br \/>\nA1<br \/>\nA2 = 100 V<\/p>\n<p style=\"padding-left: 30px;\">A3 = 72 V<\/p>\n<h3 style=\"padding-left: 30px;\">A4 = 50 V<\/h3>\n<p style=\"padding-left: 60px;\"><strong>Antal celler<\/strong>: 28 st<br \/>\n<strong>Sp\u00e4nning<\/strong>: 50,4 V<br \/>\n<strong>Kapacitet<\/strong>: 5,2 Ah<br \/>\n<strong>Energim\u00e4ngd<\/strong>: 0,262 kWa<\/p>\n<p style=\"padding-left: 30px;\">A5 = 36V<\/p>\n<p style=\"padding-left: 30px;\">A6 = 24 V<\/p>\n<p style=\"padding-left: 30px;\">A7 = 12 V<\/p>\n<!--themify_builder_content-->\n<div id=\"themify_builder_content-8\" data-postid=\"8\" class=\"themify_builder_content themify_builder_content-8 themify_builder tf_clear\">\n    <\/div>\n<!--\/themify_builder_content-->\n","protected":false},"excerpt":{"rendered":"<p>Referensstandard &#8211; powermoduler Laddsp\u00e4nning vs nominell sp\u00e4nning 29,4 V = 7 celler (25,2 V) 33,6V = 8 celler (28.8 V) 42V = 10 celler(36V) 58,8 = 14 celler (50V) == 10A == 500W 14 batterier serie \u00e4r 50,4V F\u00f6r j\u00e4mf\u00f6relse har en Standard cell\u00a018650, 3,6 V, 2600 mAh anv\u00e4nts som &#8221;ens&#8221; 1.0 &nbsp; Modulstorlekar f\u00f6r [&hellip;]<\/p>\n","protected":false},"author":131,"featured_media":0,"parent":0,"menu_order":0,"comment_status":"closed","ping_status":"closed","template":"","meta":{"jetpack_post_was_ever_published":false,"footnotes":""},"class_list":["post-8","page","type-page","status-publish","hentry","has-post-title","has-post-date","has-post-category","has-post-tag","has-post-comment","has-post-author",""],"yoast_head":"<!-- This site is optimized with the Yoast SEO plugin v27.4 - https:\/\/yoast.com\/product\/yoast-seo-wordpress\/ -->\n<title>Specifikation - solarXpowerwall<\/title>\n<meta name=\"robots\" content=\"index, follow, max-snippet:-1, max-image-preview:large, max-video-preview:-1\" \/>\n<link rel=\"canonical\" href=\"http:\/\/kiube.se\/i008\/specifikation\/\" \/>\n<meta property=\"og:locale\" content=\"sv_SE\" \/>\n<meta property=\"og:type\" content=\"article\" \/>\n<meta property=\"og:title\" content=\"Specifikation - solarXpowerwall\" \/>\n<meta property=\"og:description\" content=\"Referensstandard &#8211; powermoduler Laddsp\u00e4nning vs nominell sp\u00e4nning 29,4 V = 7 celler (25,2 V) 33,6V = 8 celler (28.8 V) 42V = 10 celler(36V) 58,8 = 14 celler (50V) == 10A == 500W 14 batterier serie \u00e4r 50,4V F\u00f6r j\u00e4mf\u00f6relse har en Standard cell\u00a018650, 3,6 V, 2600 mAh anv\u00e4nts som &#8221;ens&#8221; 1.0 &nbsp; Modulstorlekar f\u00f6r [&hellip;]\" \/>\n<meta property=\"og:url\" content=\"http:\/\/kiube.se\/i008\/specifikation\/\" \/>\n<meta property=\"og:site_name\" content=\"solarXpowerwall\" \/>\n<meta property=\"article:modified_time\" content=\"2019-10-21T17:27:38+00:00\" \/>\n<meta property=\"og:image\" content=\"http:\/\/kiube.se\/i008\/files\/2016\/02\/IMG_6588.png\" \/>\n<meta name=\"twitter:card\" content=\"summary_large_image\" \/>\n<script type=\"application\/ld+json\" class=\"yoast-schema-graph\">{\"@context\":\"https:\\\/\\\/schema.org\",\"@graph\":[{\"@type\":\"WebPage\",\"@id\":\"http:\\\/\\\/kiube.se\\\/i008\\\/specifikation\\\/\",\"url\":\"http:\\\/\\\/kiube.se\\\/i008\\\/specifikation\\\/\",\"name\":\"Specifikation - solarXpowerwall\",\"isPartOf\":{\"@id\":\"https:\\\/\\\/kiube.se\\\/i008\\\/#website\"},\"primaryImageOfPage\":{\"@id\":\"http:\\\/\\\/kiube.se\\\/i008\\\/specifikation\\\/#primaryimage\"},\"image\":{\"@id\":\"http:\\\/\\\/kiube.se\\\/i008\\\/specifikation\\\/#primaryimage\"},\"thumbnailUrl\":\"http:\\\/\\\/kiube.se\\\/i008\\\/files\\\/2016\\\/02\\\/IMG_6588.png\",\"datePublished\":\"2016-02-18T18:36:54+00:00\",\"dateModified\":\"2019-10-21T17:27:38+00:00\",\"breadcrumb\":{\"@id\":\"http:\\\/\\\/kiube.se\\\/i008\\\/specifikation\\\/#breadcrumb\"},\"inLanguage\":\"sv-SE\",\"potentialAction\":[{\"@type\":\"ReadAction\",\"target\":[\"http:\\\/\\\/kiube.se\\\/i008\\\/specifikation\\\/\"]}]},{\"@type\":\"ImageObject\",\"inLanguage\":\"sv-SE\",\"@id\":\"http:\\\/\\\/kiube.se\\\/i008\\\/specifikation\\\/#primaryimage\",\"url\":\"http:\\\/\\\/s3.eu-north-1.amazonaws.com\\\/kiube.se\\\/wp-content\\\/uploads\\\/sites\\\/93\\\/2016\\\/02\\\/26181442\\\/IMG_6588.png\",\"contentUrl\":\"http:\\\/\\\/s3.eu-north-1.amazonaws.com\\\/kiube.se\\\/wp-content\\\/uploads\\\/sites\\\/93\\\/2016\\\/02\\\/26181442\\\/IMG_6588.png\",\"width\":640,\"height\":480},{\"@type\":\"BreadcrumbList\",\"@id\":\"http:\\\/\\\/kiube.se\\\/i008\\\/specifikation\\\/#breadcrumb\",\"itemListElement\":[{\"@type\":\"ListItem\",\"position\":1,\"name\":\"Hem\",\"item\":\"https:\\\/\\\/kiube.se\\\/i008\\\/\"},{\"@type\":\"ListItem\",\"position\":2,\"name\":\"Specifikation\"}]},{\"@type\":\"WebSite\",\"@id\":\"https:\\\/\\\/kiube.se\\\/i008\\\/#website\",\"url\":\"https:\\\/\\\/kiube.se\\\/i008\\\/\",\"name\":\"solarXpowerwall\",\"description\":\"Projekt #008 - Mobil lagring DVDC\",\"potentialAction\":[{\"@type\":\"SearchAction\",\"target\":{\"@type\":\"EntryPoint\",\"urlTemplate\":\"https:\\\/\\\/kiube.se\\\/i008\\\/?s={search_term_string}\"},\"query-input\":{\"@type\":\"PropertyValueSpecification\",\"valueRequired\":true,\"valueName\":\"search_term_string\"}}],\"inLanguage\":\"sv-SE\"}]}<\/script>\n<!-- \/ Yoast SEO plugin. -->","yoast_head_json":{"title":"Specifikation - solarXpowerwall","robots":{"index":"index","follow":"follow","max-snippet":"max-snippet:-1","max-image-preview":"max-image-preview:large","max-video-preview":"max-video-preview:-1"},"canonical":"http:\/\/kiube.se\/i008\/specifikation\/","og_locale":"sv_SE","og_type":"article","og_title":"Specifikation - solarXpowerwall","og_description":"Referensstandard &#8211; powermoduler Laddsp\u00e4nning vs nominell sp\u00e4nning 29,4 V = 7 celler (25,2 V) 33,6V = 8 celler (28.8 V) 42V = 10 celler(36V) 58,8 = 14 celler (50V) == 10A == 500W 14 batterier serie \u00e4r 50,4V F\u00f6r j\u00e4mf\u00f6relse har en Standard cell\u00a018650, 3,6 V, 2600 mAh anv\u00e4nts som &#8221;ens&#8221; 1.0 &nbsp; Modulstorlekar f\u00f6r [&hellip;]","og_url":"http:\/\/kiube.se\/i008\/specifikation\/","og_site_name":"solarXpowerwall","article_modified_time":"2019-10-21T17:27:38+00:00","og_image":[{"url":"http:\/\/kiube.se\/i008\/files\/2016\/02\/IMG_6588.png","type":"","width":"","height":""}],"twitter_card":"summary_large_image","schema":{"@context":"https:\/\/schema.org","@graph":[{"@type":"WebPage","@id":"http:\/\/kiube.se\/i008\/specifikation\/","url":"http:\/\/kiube.se\/i008\/specifikation\/","name":"Specifikation - solarXpowerwall","isPartOf":{"@id":"https:\/\/kiube.se\/i008\/#website"},"primaryImageOfPage":{"@id":"http:\/\/kiube.se\/i008\/specifikation\/#primaryimage"},"image":{"@id":"http:\/\/kiube.se\/i008\/specifikation\/#primaryimage"},"thumbnailUrl":"http:\/\/kiube.se\/i008\/files\/2016\/02\/IMG_6588.png","datePublished":"2016-02-18T18:36:54+00:00","dateModified":"2019-10-21T17:27:38+00:00","breadcrumb":{"@id":"http:\/\/kiube.se\/i008\/specifikation\/#breadcrumb"},"inLanguage":"sv-SE","potentialAction":[{"@type":"ReadAction","target":["http:\/\/kiube.se\/i008\/specifikation\/"]}]},{"@type":"ImageObject","inLanguage":"sv-SE","@id":"http:\/\/kiube.se\/i008\/specifikation\/#primaryimage","url":"http:\/\/s3.eu-north-1.amazonaws.com\/kiube.se\/wp-content\/uploads\/sites\/93\/2016\/02\/26181442\/IMG_6588.png","contentUrl":"http:\/\/s3.eu-north-1.amazonaws.com\/kiube.se\/wp-content\/uploads\/sites\/93\/2016\/02\/26181442\/IMG_6588.png","width":640,"height":480},{"@type":"BreadcrumbList","@id":"http:\/\/kiube.se\/i008\/specifikation\/#breadcrumb","itemListElement":[{"@type":"ListItem","position":1,"name":"Hem","item":"https:\/\/kiube.se\/i008\/"},{"@type":"ListItem","position":2,"name":"Specifikation"}]},{"@type":"WebSite","@id":"https:\/\/kiube.se\/i008\/#website","url":"https:\/\/kiube.se\/i008\/","name":"solarXpowerwall","description":"Projekt #008 - Mobil lagring DVDC","potentialAction":[{"@type":"SearchAction","target":{"@type":"EntryPoint","urlTemplate":"https:\/\/kiube.se\/i008\/?s={search_term_string}"},"query-input":{"@type":"PropertyValueSpecification","valueRequired":true,"valueName":"search_term_string"}}],"inLanguage":"sv-SE"}]}},"jetpack_sharing_enabled":true,"jetpack_shortlink":"https:\/\/wp.me\/P8nJ2q-8","builder_content":"","_links":{"self":[{"href":"http:\/\/kiube.se\/i008\/wp-json\/wp\/v2\/pages\/8","targetHints":{"allow":["GET"]}}],"collection":[{"href":"http:\/\/kiube.se\/i008\/wp-json\/wp\/v2\/pages"}],"about":[{"href":"http:\/\/kiube.se\/i008\/wp-json\/wp\/v2\/types\/page"}],"author":[{"embeddable":true,"href":"http:\/\/kiube.se\/i008\/wp-json\/wp\/v2\/users\/131"}],"replies":[{"embeddable":true,"href":"http:\/\/kiube.se\/i008\/wp-json\/wp\/v2\/comments?post=8"}],"version-history":[{"count":0,"href":"http:\/\/kiube.se\/i008\/wp-json\/wp\/v2\/pages\/8\/revisions"}],"wp:attachment":[{"href":"http:\/\/kiube.se\/i008\/wp-json\/wp\/v2\/media?parent=8"}],"curies":[{"name":"wp","href":"https:\/\/api.w.org\/{rel}","templated":true}]}}