{"id":2,"date":"2015-11-16T18:50:11","date_gmt":"2015-11-16T17:50:11","guid":{"rendered":"http:\/\/kiube.se\/i001\/?page_id=2"},"modified":"2016-02-18T12:01:33","modified_gmt":"2016-02-18T11:01:33","slug":"systemdesign","status":"publish","type":"page","link":"http:\/\/kiube.se\/i001\/systemdesign\/","title":{"rendered":"System Design"},"content":{"rendered":"<p>En Laddstation best\u00e5r av 3 moduler som kan anv\u00e4ndas enskilt eller kopplas in till ett system<\/p>\n<p style=\"padding-left: 30px;\"><strong>A Laddstation<\/strong><\/p>\n<p style=\"padding-left: 60px;\">En laddstation kan b\u00e5de vara en frist\u00e5ende panel och ett integrerat st\u00e4ll som skyddar din v\u00e4rdefulla elcykel.<\/p>\n<p style=\"padding-left: 30px;\">\u00a0<strong>B Mobil lagring<\/strong><\/p>\n<p style=\"padding-left: 60px;\">Mobil lagring \u00e4r m\u00f6jlighet att anv\u00e4nda mobila enheter som resurs och lagringsmedia.<\/p>\n<p style=\"padding-left: 30px;\"><strong>C Laddstolpe<\/strong><\/p>\n<p style=\"padding-left: 60px;\">Elegant l\u00f6sning f\u00f6r att parkera sin elcykel s\u00e4kert och enkelt. Har en snabbkoppling som som g\u00f6r det m\u00f6jligt att ladda befintligt batteri samt att m\u00e4ta och dokumentera utnyttjande.<\/p>\n","protected":false},"excerpt":{"rendered":"<p>En Laddstation best\u00e5r av 3 moduler som kan anv\u00e4ndas enskilt eller kopplas in till ett system A Laddstation En laddstation kan b\u00e5de vara en frist\u00e5ende panel och ett integrerat st\u00e4ll som skyddar din v\u00e4rdefulla elcykel. \u00a0B Mobil lagring Mobil lagring \u00e4r m\u00f6jlighet att anv\u00e4nda mobila enheter som resurs och lagringsmedia. C Laddstolpe Elegant l\u00f6sning f\u00f6r [&hellip;]<\/p>\n","protected":false},"author":131,"featured_media":0,"parent":0,"menu_order":0,"comment_status":"closed","ping_status":"closed","template":"","meta":{"jetpack_post_was_ever_published":false,"footnotes":""},"class_list":["post-2","page","type-page","status-publish","hentry","has-post-title","has-post-date","has-post-category","has-post-tag","has-post-comment","has-post-author",""],"yoast_head":"<!-- This site is optimized with the Yoast SEO plugin v27.4 - https:\/\/yoast.com\/product\/yoast-seo-wordpress\/ -->\n<title>System Design - SolarX - X042<\/title>\n<meta name=\"robots\" content=\"index, follow, max-snippet:-1, max-image-preview:large, max-video-preview:-1\" \/>\n<link rel=\"canonical\" href=\"http:\/\/kiube.se\/i001\/systemdesign\/\" \/>\n<meta property=\"og:locale\" content=\"sv_SE\" \/>\n<meta property=\"og:type\" content=\"article\" \/>\n<meta property=\"og:title\" content=\"System Design - SolarX - X042\" \/>\n<meta property=\"og:description\" content=\"En Laddstation best\u00e5r av 3 moduler som kan anv\u00e4ndas enskilt eller kopplas in till ett system A Laddstation En laddstation kan b\u00e5de vara en frist\u00e5ende panel och ett integrerat st\u00e4ll som skyddar din v\u00e4rdefulla elcykel. \u00a0B Mobil lagring Mobil lagring \u00e4r m\u00f6jlighet att anv\u00e4nda mobila enheter som resurs och lagringsmedia. C Laddstolpe Elegant l\u00f6sning f\u00f6r [&hellip;]\" \/>\n<meta property=\"og:url\" content=\"http:\/\/kiube.se\/i001\/systemdesign\/\" \/>\n<meta property=\"og:site_name\" content=\"SolarX - X042\" \/>\n<meta property=\"article:modified_time\" content=\"2016-02-18T11:01:33+00:00\" \/>\n<meta name=\"twitter:card\" content=\"summary_large_image\" \/>\n<script type=\"application\/ld+json\" class=\"yoast-schema-graph\">{\"@context\":\"https:\\\/\\\/schema.org\",\"@graph\":[{\"@type\":\"WebPage\",\"@id\":\"http:\\\/\\\/kiube.se\\\/i001\\\/systemdesign\\\/\",\"url\":\"http:\\\/\\\/kiube.se\\\/i001\\\/systemdesign\\\/\",\"name\":\"System Design - SolarX - X042\",\"isPartOf\":{\"@id\":\"http:\\\/\\\/kiube.se\\\/i001\\\/#website\"},\"datePublished\":\"2015-11-16T17:50:11+00:00\",\"dateModified\":\"2016-02-18T11:01:33+00:00\",\"breadcrumb\":{\"@id\":\"http:\\\/\\\/kiube.se\\\/i001\\\/systemdesign\\\/#breadcrumb\"},\"inLanguage\":\"sv-SE\",\"potentialAction\":[{\"@type\":\"ReadAction\",\"target\":[\"http:\\\/\\\/kiube.se\\\/i001\\\/systemdesign\\\/\"]}]},{\"@type\":\"BreadcrumbList\",\"@id\":\"http:\\\/\\\/kiube.se\\\/i001\\\/systemdesign\\\/#breadcrumb\",\"itemListElement\":[{\"@type\":\"ListItem\",\"position\":1,\"name\":\"Hem\",\"item\":\"http:\\\/\\\/kiube.se\\\/i001\\\/\"},{\"@type\":\"ListItem\",\"position\":2,\"name\":\"System Design\"}]},{\"@type\":\"WebSite\",\"@id\":\"http:\\\/\\\/kiube.se\\\/i001\\\/#website\",\"url\":\"http:\\\/\\\/kiube.se\\\/i001\\\/\",\"name\":\"SolarX - X042\",\"description\":\"Projekt #001 - Solcellsdriven laddstation\",\"potentialAction\":[{\"@type\":\"SearchAction\",\"target\":{\"@type\":\"EntryPoint\",\"urlTemplate\":\"http:\\\/\\\/kiube.se\\\/i001\\\/?s={search_term_string}\"},\"query-input\":{\"@type\":\"PropertyValueSpecification\",\"valueRequired\":true,\"valueName\":\"search_term_string\"}}],\"inLanguage\":\"sv-SE\"}]}<\/script>\n<!-- \/ Yoast SEO plugin. -->","yoast_head_json":{"title":"System Design - SolarX - X042","robots":{"index":"index","follow":"follow","max-snippet":"max-snippet:-1","max-image-preview":"max-image-preview:large","max-video-preview":"max-video-preview:-1"},"canonical":"http:\/\/kiube.se\/i001\/systemdesign\/","og_locale":"sv_SE","og_type":"article","og_title":"System Design - SolarX - X042","og_description":"En Laddstation best\u00e5r av 3 moduler som kan anv\u00e4ndas enskilt eller kopplas in till ett system A Laddstation En laddstation kan b\u00e5de vara en frist\u00e5ende panel och ett integrerat st\u00e4ll som skyddar din v\u00e4rdefulla elcykel. \u00a0B Mobil lagring Mobil lagring \u00e4r m\u00f6jlighet att anv\u00e4nda mobila enheter som resurs och lagringsmedia. C Laddstolpe Elegant l\u00f6sning f\u00f6r [&hellip;]","og_url":"http:\/\/kiube.se\/i001\/systemdesign\/","og_site_name":"SolarX - X042","article_modified_time":"2016-02-18T11:01:33+00:00","twitter_card":"summary_large_image","schema":{"@context":"https:\/\/schema.org","@graph":[{"@type":"WebPage","@id":"http:\/\/kiube.se\/i001\/systemdesign\/","url":"http:\/\/kiube.se\/i001\/systemdesign\/","name":"System Design - SolarX - X042","isPartOf":{"@id":"http:\/\/kiube.se\/i001\/#website"},"datePublished":"2015-11-16T17:50:11+00:00","dateModified":"2016-02-18T11:01:33+00:00","breadcrumb":{"@id":"http:\/\/kiube.se\/i001\/systemdesign\/#breadcrumb"},"inLanguage":"sv-SE","potentialAction":[{"@type":"ReadAction","target":["http:\/\/kiube.se\/i001\/systemdesign\/"]}]},{"@type":"BreadcrumbList","@id":"http:\/\/kiube.se\/i001\/systemdesign\/#breadcrumb","itemListElement":[{"@type":"ListItem","position":1,"name":"Hem","item":"http:\/\/kiube.se\/i001\/"},{"@type":"ListItem","position":2,"name":"System Design"}]},{"@type":"WebSite","@id":"http:\/\/kiube.se\/i001\/#website","url":"http:\/\/kiube.se\/i001\/","name":"SolarX - X042","description":"Projekt #001 - Solcellsdriven laddstation","potentialAction":[{"@type":"SearchAction","target":{"@type":"EntryPoint","urlTemplate":"http:\/\/kiube.se\/i001\/?s={search_term_string}"},"query-input":{"@type":"PropertyValueSpecification","valueRequired":true,"valueName":"search_term_string"}}],"inLanguage":"sv-SE"}]}},"jetpack_sharing_enabled":true,"jetpack_shortlink":"https:\/\/wp.me\/P8nIVY-2","jetpack-related-posts":[],"builder_content":"","_links":{"self":[{"href":"http:\/\/kiube.se\/i001\/wp-json\/wp\/v2\/pages\/2","targetHints":{"allow":["GET"]}}],"collection":[{"href":"http:\/\/kiube.se\/i001\/wp-json\/wp\/v2\/pages"}],"about":[{"href":"http:\/\/kiube.se\/i001\/wp-json\/wp\/v2\/types\/page"}],"author":[{"embeddable":true,"href":"http:\/\/kiube.se\/i001\/wp-json\/wp\/v2\/users\/131"}],"replies":[{"embeddable":true,"href":"http:\/\/kiube.se\/i001\/wp-json\/wp\/v2\/comments?post=2"}],"version-history":[{"count":0,"href":"http:\/\/kiube.se\/i001\/wp-json\/wp\/v2\/pages\/2\/revisions"}],"wp:attachment":[{"href":"http:\/\/kiube.se\/i001\/wp-json\/wp\/v2\/media?parent=2"}],"curies":[{"name":"wp","href":"https:\/\/api.w.org\/{rel}","templated":true}]}}